{"id":21208,"date":"2024-05-29T11:33:08","date_gmt":"2024-05-29T09:33:08","guid":{"rendered":"https:\/\/work-stuff.com\/?page_id=21208"},"modified":"2026-02-12T14:21:23","modified_gmt":"2026-02-12T13:21:23","slug":"scrubber","status":"publish","type":"page","link":"https:\/\/work-stuff.com\/es\/productos-autodetailing\/herramientas\/scrubber\/","title":{"rendered":"SCRUBBER Pad"},"content":{"rendered":"[vc_row type=&#8221;full_width_background&#8221; full_screen_row_position=&#8221;middle&#8221; column_margin=&#8221;default&#8221; column_direction=&#8221;default&#8221; column_direction_tablet=&#8221;default&#8221; column_direction_phone=&#8221;default&#8221; bg_color=&#8221;#212121&#8243; bg_image=&#8221;21589&#8243; bg_position=&#8221;center center&#8221; background_image_loading=&#8221;lazy-load&#8221; bg_repeat=&#8221;no-repeat&#8221; scene_position=&#8221;center&#8221; top_padding=&#8221;4%&#8221; bottom_padding=&#8221;6%&#8221; text_color=&#8221;light&#8221; text_align=&#8221;left&#8221; row_border_radius=&#8221;none&#8221; row_border_radius_applies=&#8221;bg&#8221; overflow=&#8221;visible&#8221; color_overlay=&#8221;#212121&#8243; overlay_strength=&#8221;0.8&#8243; gradient_direction=&#8221;left_to_right&#8221; shape_divider_position=&#8221;bottom&#8221; bg_image_animation=&#8221;none&#8221; parallax_bg=&#8221;true&#8221; parallax_bg_speed=&#8221;fast&#8221; shape_type=&#8221;&#8221; gradient_type=&#8221;default&#8221;][vc_column column_padding=&#8221;no-extra-padding&#8221; column_padding_tablet=&#8221;inherit&#8221; column_padding_phone=&#8221;inherit&#8221; column_padding_position=&#8221;all&#8221; column_element_direction_desktop=&#8221;default&#8221; column_element_spacing=&#8221;default&#8221; desktop_text_alignment=&#8221;default&#8221; tablet_text_alignment=&#8221;default&#8221; phone_text_alignment=&#8221;default&#8221; background_color_opacity=&#8221;1&#8243; background_hover_color_opacity=&#8221;1&#8243; column_backdrop_filter=&#8221;none&#8221; column_shadow=&#8221;none&#8221; column_border_radius=&#8221;none&#8221; column_link_target=&#8221;_self&#8221; column_position=&#8221;default&#8221; gradient_direction=&#8221;left_to_right&#8221; overlay_strength=&#8221;0.3&#8243; width=&#8221;1\/1&#8243; tablet_width_inherit=&#8221;default&#8221; animation_type=&#8221;default&#8221; bg_image_animation=&#8221;none&#8221; border_type=&#8221;simple&#8221; column_border_width=&#8221;none&#8221; column_border_style=&#8221;solid&#8221;][nectar_highlighted_text text_color=&#8221;#fbb921&#8243; style=&#8221;text_outline&#8221; outline_thickness=&#8221;extra_thick&#8221; text_direction=&#8221;default&#8221; custom_font_size=&#8221;3vw&#8221;]\n<h1 data-product-id=\"90\"><em>SCRUBBER<\/em> PAD<\/h1>\n[\/nectar_highlighted_text][vc_row_inner column_margin=&#8221;30px&#8221; column_direction=&#8221;default&#8221; column_direction_tablet=&#8221;default&#8221; column_direction_phone=&#8221;default&#8221; text_align=&#8221;left&#8221; row_position=&#8221;default&#8221; row_position_tablet=&#8221;inherit&#8221; row_position_phone=&#8221;inherit&#8221; overflow=&#8221;visible&#8221; pointer_events=&#8221;all&#8221;][vc_column_inner column_padding=&#8221;no-extra-padding&#8221; column_padding_tablet=&#8221;inherit&#8221; column_padding_phone=&#8221;inherit&#8221; column_padding_position=&#8221;all&#8221; column_element_direction_desktop=&#8221;default&#8221; column_element_spacing=&#8221;default&#8221; desktop_text_alignment=&#8221;default&#8221; tablet_text_alignment=&#8221;default&#8221; phone_text_alignment=&#8221;default&#8221; background_color_opacity=&#8221;1&#8243; background_hover_color_opacity=&#8221;1&#8243; column_backdrop_filter=&#8221;none&#8221; column_shadow=&#8221;none&#8221; column_border_radius=&#8221;none&#8221; column_link_target=&#8221;_self&#8221; overflow=&#8221;visible&#8221; gradient_direction=&#8221;left_to_right&#8221; overlay_strength=&#8221;0.3&#8243; width=&#8221;1\/2&#8243; tablet_width_inherit=&#8221;default&#8221; animation_type=&#8221;default&#8221; bg_image_animation=&#8221;none&#8221; border_type=&#8221;simple&#8221; column_border_width=&#8221;none&#8221; column_border_style=&#8221;solid&#8221;][vc_gallery css=&#8221;&#8221; type=&#8221;image_grid&#8221; images=&#8221;21139,21151,21145,21148&#8243; image_grid_loading=&#8221;lazy-load&#8221; layout=&#8221;2&#8243; item_spacing=&#8221;default&#8221; gallery_style=&#8221;5&#8243; load_in_animation=&#8221;none&#8221; img_size=&#8221;full&#8221;][vc_video link=&#8221;https:\/\/youtu.be\/iR3vK9ELCtM&#8221; align=&#8221;center&#8221; css=&#8221;.vc_custom_1736027383393{margin-right: -3px !important;margin-left: -3px !important;}&#8221;][vc_column_text css=&#8221;&#8221; text_direction=&#8221;default&#8221;]\n<hr \/>\n<h3><strong>\ud83e\uddfd C\u00f3mo Usar:<\/strong><\/h3>\n<ol>\n<li><strong>Lado de Fibra Moderna:<\/strong> Utiliza para la eliminaci\u00f3n inicial de suciedad en pl\u00e1sticos, gomas o cuero.<\/li>\n<li><strong>Lado de Microfibra:<\/strong> Perfecto para acabados finales y superficies delicadas.<\/li>\n<li><strong>Cuidado del Producto:<\/strong> Enjuaga bien despu\u00e9s de usar y deja secar al aire.<\/li>\n<\/ol>\n<hr \/>\n<p><strong>\u2714\ufe0f Eleva tu kit de detailing con el SCRUBBER Pad y logra resultados impecables en pl\u00e1sticos, gomas y cuero. \u00a1Cons\u00edguelo hoy mismo!<\/strong>[\/vc_column_text][\/vc_column_inner][vc_column_inner column_padding=&#8221;padding-5-percent&#8221; column_padding_tablet=&#8221;inherit&#8221; column_padding_phone=&#8221;inherit&#8221; column_padding_position=&#8221;left-right&#8221; column_element_direction_desktop=&#8221;default&#8221; column_element_spacing=&#8221;default&#8221; desktop_text_alignment=&#8221;default&#8221; tablet_text_alignment=&#8221;default&#8221; phone_text_alignment=&#8221;default&#8221; background_color_opacity=&#8221;1&#8243; background_hover_color_opacity=&#8221;1&#8243; column_backdrop_filter=&#8221;none&#8221; column_shadow=&#8221;none&#8221; column_border_radius=&#8221;none&#8221; column_link_target=&#8221;_self&#8221; overflow=&#8221;visible&#8221; gradient_direction=&#8221;left_to_right&#8221; overlay_strength=&#8221;0.3&#8243; width=&#8221;1\/2&#8243; tablet_width_inherit=&#8221;default&#8221; animation_type=&#8221;default&#8221; bg_image_animation=&#8221;none&#8221; border_type=&#8221;simple&#8221; column_border_width=&#8221;none&#8221; column_border_style=&#8221;solid&#8221; column_padding_type=&#8221;default&#8221; gradient_type=&#8221;default&#8221;][nectar_cta btn_style=&#8221;basic&#8221; heading_tag=&#8221;h6&#8243; border_radius=&#8221;10&#8243; button_color=&#8221;default&#8221; text_color=&#8221;#fbb921&#8243; text_color_hover=&#8221;#ffffff&#8221; button_border_color=&#8221;#fbb921&#8243; button_border_color_hover=&#8221;#ffffff&#8221; button_border_thickness=&#8221;4px&#8221; link_type=&#8221;regular&#8221; alignment=&#8221;center&#8221; alignment_tablet=&#8221;default&#8221; alignment_phone=&#8221;default&#8221; constrain_group_3=&#8221;yes&#8221; display=&#8221;block&#8221; display_tablet=&#8221;inherit&#8221; display_phone=&#8221;inherit&#8221; icon_family=&#8221;linecons&#8221; class=&#8221;buy-button&#8221; font_size_desktop=&#8221;20&#8243; link_text=&#8221;Comprar en Tiendas Autorizadas&#8221; padding_top=&#8221;11&#8243; padding_bottom=&#8221;11&#8243; padding_left=&#8221;11&#8243; padding_right=&#8221;11&#8243; icon_linecons=&#8221;vc_li vc_li-star&#8221;][vc_column_text css=&#8221;&#8221; text_direction=&#8221;default&#8221;]\n<h2>Limpieza Interior Eficiente y Segura<\/h2>\n[\/vc_column_text][vc_column_text css=&#8221;&#8221; text_direction=&#8221;default&#8221;]El <strong>SCRUBBER Pad<\/strong> es una herramienta de limpieza premium y vers\u00e1til, dise\u00f1ada para una limpieza eficaz del interior del autom\u00f3vil. Su dise\u00f1o de <strong>doble cara<\/strong> combina una <strong>fibra moderna<\/strong> para la eliminaci\u00f3n inicial de suciedad y una <strong>microfibra premium<\/strong> para los acabados finales y superficies delicadas. Perfecto para limpiar <strong>pl\u00e1sticos, gomas y cuero<\/strong>, es una herramienta imprescindible tanto para profesionales del detailing como para entusiastas del cuidado del autom\u00f3vil.<\/p>\n<hr \/>\n<h3>\u2705 <strong>Por Qu\u00e9 Elegir el SCRUBBER Pad:<\/strong><\/h3>\n<ul>\n<li><strong>\u2714\ufe0f Doble Cara para Mayor Eficiencia:<\/strong> Un lado para limpieza profunda y otro para acabados delicados.<\/li>\n<li><strong>\u2714\ufe0f Suave pero Efectivo:<\/strong> Elimina suciedad dif\u00edcil sin rayar.<\/li>\n<li><strong>\u2714\ufe0f Compacto y Vers\u00e1til:<\/strong> Ideal para zonas de dif\u00edcil acceso.<\/li>\n<li><strong>\u2714\ufe0f Alta Durabilidad:<\/strong> Materiales de alta calidad y fibras reforzadas.<\/li>\n<\/ul>\n<hr \/>\n<h3>\ud83c\udfaf <strong>Caracter\u00edsticas Principales:<\/strong><\/h3>\n<ul>\n<li><strong>Doble Cara de Limpieza:<\/strong>\n<ul>\n<li><strong>Fibra Moderna:<\/strong> Ideal para eliminar suciedad dif\u00edcil de pl\u00e1sticos, gomas y cuero.<\/li>\n<li><strong>Microfibra Premium:<\/strong> Perfecta para pulir y cuidar superficies delicadas.<\/li>\n<\/ul>\n<\/li>\n<li><strong>Microfibra Coreana de Alta Calidad:<\/strong> Reconocida por su <strong>durabilidad<\/strong> y <strong>alta absorci\u00f3n de agua<\/strong>.<\/li>\n<li><strong>Tama\u00f1o Compacto:<\/strong> <strong>13 x 8 cm<\/strong>, ideal para \u00e1reas peque\u00f1as y de dif\u00edcil acceso.<\/li>\n<li><strong>Alta Durabilidad:<\/strong> Construcci\u00f3n robusta con fibras reforzadas.<\/li>\n<li><strong>Uso Vers\u00e1til:<\/strong> Adecuado para la limpieza de <strong>pl\u00e1sticos, gomas y cuero<\/strong>.<\/li>\n<li><strong>Eliminaci\u00f3n Eficiente de Suciedad:<\/strong> Limpia de manera segura sin da\u00f1ar las superficies.<\/li>\n<\/ul>\n<hr \/>\n<h3>\ud83d\udce6 <strong>Opciones Disponibles:<\/strong><\/h3>\n<ul>\n<li><strong>1 Pack:<\/strong> Ideal para uso personal.<\/li>\n<li><strong>3 Pack:<\/strong> Perfecto para profesionales del detailing o compras al por mayor.<\/li>\n<\/ul>\n<hr \/>\n<h3>\ud83d\udee1\ufe0f <strong>Perfecto Para:<\/strong><\/h3>\n<p>\u2705 <strong>Limpieza de Interiores de Autom\u00f3viles:<\/strong> Salpicaderos, paneles de puertas, consolas centrales.<br \/>\n\u2705 <strong>Cuidado de Pl\u00e1sticos y Gomas:<\/strong> Elimina polvo, huellas y manchas.<br \/>\n\u2705 <strong>Limpieza de Cuero:<\/strong> Seguro y delicado para superficies de cuero.<br \/>\n\u2705 <strong>Profesionales del Detailing y Aficionados:<\/strong> Esencial en cualquier kit de detailing.<\/p>\n<hr \/>\n<h3>\ud83d\udccf <strong>Especificaciones T\u00e9cnicas:<\/strong><\/h3>\n<ul>\n<li><strong>Dimensiones:<\/strong> 13 x 8 cm<\/li>\n<li><strong>Grammage:<\/strong> 840 gsm (fibra moderna) \/ 320 gsm (microfibra)<\/li>\n<li><strong>Material:<\/strong> Microfibra Coreana<\/li>\n<li><strong>Color:<\/strong> Gris con bordes negros<\/li>\n<li><strong>Packs Disponibles:<\/strong> 1 Pack \/ 3 Pack<\/li>\n<\/ul>\n[\/vc_column_text][nectar_cta btn_style=&#8221;basic&#8221; heading_tag=&#8221;h6&#8243; border_radius=&#8221;10&#8243; button_color=&#8221;default&#8221; text_color=&#8221;#fbb921&#8243; text_color_hover=&#8221;#ffffff&#8221; button_border_color=&#8221;#fbb921&#8243; button_border_color_hover=&#8221;#ffffff&#8221; button_border_thickness=&#8221;4px&#8221; link_type=&#8221;regular&#8221; alignment=&#8221;center&#8221; alignment_tablet=&#8221;default&#8221; alignment_phone=&#8221;default&#8221; constrain_group_3=&#8221;yes&#8221; display=&#8221;block&#8221; display_tablet=&#8221;inherit&#8221; display_phone=&#8221;inherit&#8221; icon_family=&#8221;linecons&#8221; class=&#8221;buy-button&#8221; font_size_desktop=&#8221;20&#8243; link_text=&#8221;Comprar en Tiendas Autorizadas&#8221; padding_top=&#8221;11&#8243; padding_bottom=&#8221;11&#8243; padding_left=&#8221;11&#8243; padding_right=&#8221;11&#8243; icon_linecons=&#8221;vc_li vc_li-star&#8221;]<div class=\"essb_links essb_displayed_1679913842 essb_share essb_template_color-leafs essb_98394924 essb_size_s print-no\" id=\"essb_displayed_1679913842_98394924\" data-essb-postid=\"21208\" data-essb-position=\"1679913842\" data-essb-button-style=\"icon\" data-essb-template=\"color-leafs\" data-essb-counter-pos=\"hidden\" data-essb-url=\"https:\/\/work-stuff.com\/es\/productos-autodetailing\/herramientas\/scrubber\/\" data-essb-fullurl=\"https:\/\/work-stuff.com\/es\/productos-autodetailing\/herramientas\/scrubber\/\" data-essb-instance=\"98394924\"><ul class=\"essb_links_list essb_force_hide_name essb_force_hide\"><li class=\"essb_item essb_link_facebook nolightbox essb_link_svg_icon\"> <a href=\"https:\/\/www.facebook.com\/sharer\/sharer.php?u=https%3A%2F%2Fwork-stuff.com%2Fes%2Fproductos-autodetailing%2Fherramientas%2Fscrubber%2F&t=SCRUBBER+Pad\" title=\"Share on Facebook\" onclick=\"essb.window(&#39;https:\/\/www.facebook.com\/sharer\/sharer.php?u=https%3A%2F%2Fwork-stuff.com%2Fes%2Fproductos-autodetailing%2Fherramientas%2Fscrubber%2F&t=SCRUBBER+Pad&#39;,&#39;facebook&#39;,&#39;98394924&#39;); return false;\" target=\"_blank\" rel=\"noreferrer noopener nofollow\" class=\"nolightbox essb-s-bg-facebook essb-s-c-light essb-s-ch-light essb-s-bgh-dark essb-s-bg-network\" ><span class=\"essb_icon essb_icon_facebook\"><svg class=\"essb-svg-icon essb-svg-icon-facebook\" aria-hidden=\"true\" role=\"img\" focusable=\"false\" xmlns=\"http:\/\/www.w3.org\/2000\/svg\" width=\"16\" height=\"16\" viewBox=\"0 0 16 16\"><path d=\"M16 8.049c0-4.446-3.582-8.05-8-8.05C3.58 0-.002 3.603-.002 8.05c0 4.017 2.926 7.347 6.75 7.951v-5.625h-2.03V8.05H6.75V6.275c0-2.017 1.195-3.131 3.022-3.131.876 0 1.791.157 1.791.157v1.98h-1.009c-.993 0-1.303.621-1.303 1.258v1.51h2.218l-.354 2.326H9.25V16c3.824-.604 6.75-3.934 6.75-7.951\"><\/path><\/svg><\/span><span class=\"essb_network_name essb_noname\"><\/span><\/a><\/li><li class=\"essb_item essb_link_twitter nolightbox essb_link_twitter_x essb_link_svg_icon\"> <a href=\"https:\/\/x.com\/intent\/post?text=SCRUBBER%20Pad&amp;url=https%3A%2F%2Fwork-stuff.com%2Fes%2Fproductos-autodetailing%2Fherramientas%2Fscrubber%2F\" title=\"Share on Twitter\" onclick=\"essb.window(&#39;https:\/\/x.com\/intent\/post?text=SCRUBBER%20Pad&amp;url=https%3A%2F%2Fwork-stuff.com%2Fes%2Fproductos-autodetailing%2Fherramientas%2Fscrubber%2F&#39;,&#39;twitter&#39;,&#39;98394924&#39;); return false;\" target=\"_blank\" rel=\"noreferrer noopener nofollow\" class=\"nolightbox essb-s-bg-twitter essb-s-c-light essb-s-ch-light essb-s-bgh-dark essb-s-bg-network\" ><span class=\"essb_icon essb_icon_twitter_x\"><svg class=\"essb-svg-icon essb-svg-icon-twitter_x\" aria-hidden=\"true\" role=\"img\" focusable=\"false\" viewBox=\"0 0 24 24\"><path d=\"M18.244 2.25h3.308l-7.227 8.26 8.502 11.24H16.17l-5.214-6.817L4.99 21.75H1.68l7.73-8.835L1.254 2.25H8.08l4.713 6.231zm-1.161 17.52h1.833L7.084 4.126H5.117z\"><\/path><\/svg><\/span><span class=\"essb_network_name essb_noname\"><\/span><\/a><\/li><li class=\"essb_item essb_link_pinterest nolightbox essb_link_svg_icon\"> <a href=\"#\" title=\"Share on Pinterest\" onclick=\"essb.pinterest_picker(&#39;98394924&#39;); return false;\" target=\"_blank\" rel=\"noreferrer noopener nofollow\" class=\"nolightbox essb-s-bg-pinterest essb-s-c-light essb-s-ch-light essb-s-bgh-dark essb-s-bg-network\" ><span class=\"essb_icon essb_icon_pinterest\"><svg class=\"essb-svg-icon essb-svg-icon-pinterest\" aria-hidden=\"true\" role=\"img\" focusable=\"false\" width=\"32\" height=\"32\" viewBox=\"0 0 32 32\" xmlns=\"http:\/\/www.w3.org\/2000\/svg\"><path d=\"M10.625 12.25c0-1.375 0.313-2.5 1.063-3.438 0.688-0.938 1.563-1.438 2.563-1.438 0.813 0 1.438 0.25 1.875 0.813s0.688 1.25 0.688 2.063c0 0.5-0.125 1.125-0.313 1.813-0.188 0.75-0.375 1.625-0.688 2.563-0.313 1-0.563 1.75-0.688 2.313-0.25 1-0.063 1.875 0.563 2.625 0.625 0.688 1.438 1.063 2.438 1.063 1.75 0 3.188-1 4.313-2.938 1.125-2 1.688-4.375 1.688-7.188 0-2.125-0.688-3.875-2.063-5.25-1.375-1.313-3.313-2-5.813-2-2.813 0-5.063 0.875-6.75 2.688-1.75 1.75-2.625 3.875-2.625 6.375 0 1.5 0.438 2.75 1.25 3.75 0.313 0.313 0.375 0.688 0.313 1.063-0.125 0.313-0.25 0.813-0.375 1.5-0.063 0.25-0.188 0.438-0.375 0.5s-0.375 0.063-0.563 0c-1.313-0.563-2.25-1.438-2.938-2.75s-1-2.813-1-4.5c0-1.125 0.188-2.188 0.563-3.313s0.875-2.188 1.625-3.188c0.75-1.063 1.688-1.938 2.688-2.75 1.063-0.813 2.313-1.438 3.875-1.938 1.5-0.438 3.125-0.688 4.813-0.688 1.813 0 3.438 0.313 4.938 0.938 1.5 0.563 2.813 1.375 3.813 2.375 1.063 1.063 1.813 2.188 2.438 3.5 0.563 1.313 0.875 2.688 0.875 4.063 0 3.75-0.938 6.875-2.875 9.313-1.938 2.5-4.375 3.688-7.375 3.688-1 0-1.938-0.188-2.813-0.688-0.875-0.438-1.5-1-1.875-1.688-0.688 2.938-1.125 4.688-1.313 5.25-0.375 1.438-1.25 3.188-2.688 5.25h-1.313c-0.25-2.563-0.188-4.688 0.188-6.375l2.438-10.313c-0.375-0.813-0.563-1.813-0.563-3.063z\"><\/path><\/svg><\/span><span class=\"essb_network_name essb_noname\"><\/span><\/a><\/li><li class=\"essb_item essb_link_whatsapp nolightbox essb_link_svg_icon\"> <a href=\"whatsapp:\/\/send?text=SCRUBBER%20Pad%20https%3A%2F%2Fwork-stuff.com%2Fes%2Fproductos-autodetailing%2Fherramientas%2Fscrubber%2F\" title=\"Share on WhatsApp\" onclick=\"essb.whatsapp('SCRUBBER%20Pad%20https%3A%2F%2Fwork-stuff.com%2Fes%2Fproductos-autodetailing%2Fherramientas%2Fscrubber%2F', '98394924'); return false;\" target=\"_blank\" rel=\"noreferrer noopener nofollow\" class=\"nolightbox essb-s-bg-whatsapp essb-s-c-light essb-s-ch-light essb-s-bgh-dark essb-s-bg-network\" ><span class=\"essb_icon essb_icon_whatsapp\"><svg class=\"essb-svg-icon essb-svg-icon-whatsapp\" aria-hidden=\"true\" role=\"img\" focusable=\"false\" width=\"32\" height=\"32\" viewBox=\"0 0 32 32\" xmlns=\"http:\/\/www.w3.org\/2000\/svg\"><path d=\"M27.313 4.625c-3-3-7-4.625-11.25-4.625-8.75 0-15.875 7.125-15.875 15.875 0 2.75 0.75 5.5 2.125 7.938l-2.25 8.188 8.438-2.188c2.313 1.25 4.875 1.938 7.563 1.938v0c0 0 0 0 0 0 8.75 0 15.875-7.125 15.875-15.875 0-4.25-1.625-8.25-4.625-11.25zM16.063 29.063v0c-2.375 0-4.688-0.625-6.688-1.875l-0.5-0.25-5 1.313 1.313-4.875-0.313-0.5c-1.313-2.125-2-4.5-2-7 0-7.313 5.938-13.188 13.188-13.188 3.5 0 6.813 1.375 9.313 3.875s3.875 5.813 3.875 9.313c0 7.25-5.938 13.188-13.188 13.188zM23.313 19.188c-0.438-0.188-2.375-1.188-2.75-1.313-0.313-0.125-0.625-0.188-0.875 0.188-0.25 0.438-1 1.313-1.25 1.563s-0.438 0.313-0.875 0.125c-0.375-0.188-1.625-0.625-3.188-2-1.125-1-1.938-2.313-2.188-2.75-0.25-0.375 0-0.563 0.188-0.813 0.188-0.125 0.375-0.438 0.563-0.688 0.25-0.188 0.313-0.375 0.438-0.625s0.063-0.5-0.063-0.688c-0.063-0.188-0.875-2.188-1.188-2.938-0.375-0.813-0.688-0.688-0.938-0.688-0.188 0-0.5 0-0.75 0s-0.688 0.063-1.063 0.438c-0.375 0.438-1.375 1.375-1.375 3.313 0 2 1.438 3.875 1.625 4.125s2.813 4.25 6.75 6c0.938 0.375 1.688 0.625 2.25 0.813 1 0.313 1.813 0.25 2.5 0.188 0.813-0.125 2.375-1 2.688-1.938 0.375-0.875 0.375-1.688 0.25-1.875-0.125-0.125-0.375-0.25-0.75-0.438z\"><\/path><\/svg><\/span><span class=\"essb_network_name essb_noname\"><\/span><\/a><\/li><li class=\"essb_item essb_link_copy nolightbox essb_desktop_hidden essb_link_svg_icon\"> <a href=\"#\" title=\"Share on Copy Link\" onclick=\"essb.copy_link(&#39;98394924&#39;,&#39;https:\/\/work-stuff.com\/es\/productos-autodetailing\/herramientas\/scrubber\/&#39;); return false;\" target=\"_blank\" rel=\"noreferrer noopener nofollow\" class=\"nolightbox essb-s-bg-copy essb-s-c-light essb-s-ch-light essb-s-bgh-dark essb-s-bg-network\" ><span class=\"essb_icon essb_icon_copy\"><svg class=\"essb-svg-icon essb-svg-icon-copy\" aria-hidden=\"true\" role=\"img\" focusable=\"false\" width=\"32\" height=\"32\" viewBox=\"0 0 32 32\" xmlns=\"http:\/\/www.w3.org\/2000\/svg\"><path d=\"M25.313 28v-18.688h-14.625v18.688h14.625zM25.313 6.688c1.438 0 2.688 1.188 2.688 2.625v18.688c0 1.438-1.25 2.688-2.688 2.688h-14.625c-1.438 0-2.688-1.25-2.688-2.688v-18.688c0-1.438 1.25-2.625 2.688-2.625h14.625zM21.313 1.313v2.688h-16v18.688h-2.625v-18.688c0-1.438 1.188-2.688 2.625-2.688h16z\" \/><\/svg><\/span><span class=\"essb_network_name essb_noname\"><\/span><\/a><\/li><\/ul><\/div>\n\t\t\t<div class=\"ult_dual_button  ult-adjust-bottom-margin to-center  \"  data-response=\"on\" id=\"ult_btn_1241125709\">\n\n\t\t\t<div id=\"dualbtn-1104\" class=\"ulitmate_dual_buttons ult-dual-btn3 ult_main_dualbtn \" data-bcolor=\"#ffffff\"data-bhcolor=\"\">\n\n\t\t\t<div class=\"ult_dualbutton-wrapper btn-inline place-template bt1 \"><a href=\"https:\/\/work-stuff.com\/es\/productos-autodetailing\/herramientas\/work-bag\/\" title=\"WORK BAG\"  class=\"ult_ivan_button round-square with-icon icon-before with-text place-template ult_dual1\" style=\";margin-right:px;;background-color:#ffffff !important;; border-color:#ffffff;border-style:solid;border-width:2px;border-radius:35px;;\">\n\t\t\t<span class=\"ult-dual-btn-1 Style 2\" style=\"\"  data-bgcolor=\"#ffffff\" data-bghovercolor=\"#fdb713\" data-icon_color=\"#333333\" data-icon_hover_color=\"#333333\" data-textcolor=\"#333333\" data-texthovercolor=\"#333333\" data-iconbgcolor=\"transperent\" data-iconbghovercolor=\"transperent\" data-iconborder=\"transperent\" data-iconhoverborder=\"transperent\" >\n\t\t\t<span class=\"icon-simple icon-left1 ult_btn1span ult-dual-btn-no-icon\"  style=\";padding-left:0px; \"><\/span>\n\t\t\t<span class=\"text-btn ult-dual-button-title ult-responsive\"  data-ultimate-target='#dualbtn-1104 .ult-dual-button-title'  data-responsive-json-new='{\"font-size\":\"desktop:15px;\",\"line-height\":\"desktop:15px;\"}'  style=\"font-weight:normal;color:#333333;\">ANTERIOR<\/span>\n\n\t\t\t<\/span>\n\t\t\t<\/a><span class=\"middle-text\" style=\"line-height: 1.8em;color:#3d3d3b;background-color:#fdb713;border-color:#ffffff;border-width:2px;border-style:solid;border-radius:px;\">\n\t\t\t<span class=\"middle-inner\"  >or<\/span>\n\t\t\t<\/span>\n\n\t\t\t<\/div>\n\n\t\t\t<div class=\"ult_dualbutton-wrapper btn-inline place-template btn2 \"><a href=\"https:\/\/work-stuff.com\/es\/productos-autodetailing\/herramientas\/measuring-cup\/\" title=\"MEASURING CUP\"  class=\"ult_ivan_button round-square with-icon icon-after with-text place-template ult_dual2\"  style=\";background-color:#ffffff !important;;margin-left:px;;border-color:#ffffff;border-style:solid;border-width:2px;border-radius:35px;\">\n\t\t\t<span class=\"ult-dual-btn-2 Style 2\"  data-bgcolor=\"#ffffff\" data-bghovercolor=\"#fdb713\" data-icon_color=\"#333333\" data-icon_hover_color=\"#333333\" data-textcolor=\"#333333\" data-texthovercolor=\"#333333\" data-iconbgcolor=\"transperent\" data-iconbghovercolor=\"transperent\" data-iconborder=\"transperent\" data-iconhoverborder=\"transperent\" >\n\t\t\t<span class=\"text-btn ult-dual-button-title\" style=\"font-weight:normal;color:#333333;\">SIGUIENTE<\/span>\n\n\t\t\t<span class=\"icon-simple icon-right2 ult_btn1span ult-dual-btn-no-icon\"  style=\";padding-left:0px; \"><\/span>\n\t\t\t<\/span>\n\t\t\t<\/a><\/div>\n\t\t\t<\/div>\n\t\t\t<\/div>[\/vc_column_inner][\/vc_row_inner][\/vc_column][\/vc_row]\n","protected":false},"excerpt":{"rendered":"<p>[vc_row type=&#8221;full_width_background&#8221; full_screen_row_position=&#8221;middle&#8221; column_margin=&#8221;default&#8221; column_direction=&#8221;default&#8221; column_direction_tablet=&#8221;default&#8221; column_direction_phone=&#8221;default&#8221; bg_color=&#8221;#212121&#8243; bg_image=&#8221;21589&#8243; bg_position=&#8221;center center&#8221; background_image_loading=&#8221;lazy-load&#8221; bg_repeat=&#8221;no-repeat&#8221; scene_position=&#8221;center&#8221; top_padding=&#8221;4%&#8221; bottom_padding=&#8221;6%&#8221; text_color=&#8221;light&#8221; text_align=&#8221;left&#8221; row_border_radius=&#8221;none&#8221; row_border_radius_applies=&#8221;bg&#8221; overflow=&#8221;visible&#8221; color_overlay=&#8221;#212121&#8243; overlay_strength=&#8221;0.8&#8243; gradient_direction=&#8221;left_to_right&#8221; shape_divider_position=&#8221;bottom&#8221; bg_image_animation=&#8221;none&#8221; parallax_bg=&#8221;true&#8221; parallax_bg_speed=&#8221;fast&#8221; shape_type=&#8221;&#8221; gradient_type=&#8221;default&#8221;][vc_column&#8230;<\/p>\n","protected":false},"author":1,"featured_media":21153,"parent":16113,"menu_order":0,"comment_status":"closed","ping_status":"closed","template":"","meta":{"footnotes":""},"class_list":["post-21208","page","type-page","status-publish","has-post-thumbnail"],"publishpress_future_action":{"enabled":false,"date":"2026-04-21 12:11:25","action":"change-status","newStatus":"draft","terms":[],"taxonomy":"translation_priority","extraData":[]},"publishpress_future_workflow_manual_trigger":{"enabledWorkflows":[]},"_links":{"self":[{"href":"https:\/\/work-stuff.com\/es\/wp-json\/wp\/v2\/pages\/21208","targetHints":{"allow":["GET"]}}],"collection":[{"href":"https:\/\/work-stuff.com\/es\/wp-json\/wp\/v2\/pages"}],"about":[{"href":"https:\/\/work-stuff.com\/es\/wp-json\/wp\/v2\/types\/page"}],"author":[{"embeddable":true,"href":"https:\/\/work-stuff.com\/es\/wp-json\/wp\/v2\/users\/1"}],"replies":[{"embeddable":true,"href":"https:\/\/work-stuff.com\/es\/wp-json\/wp\/v2\/comments?post=21208"}],"version-history":[{"count":5,"href":"https:\/\/work-stuff.com\/es\/wp-json\/wp\/v2\/pages\/21208\/revisions"}],"predecessor-version":[{"id":34315,"href":"https:\/\/work-stuff.com\/es\/wp-json\/wp\/v2\/pages\/21208\/revisions\/34315"}],"up":[{"embeddable":true,"href":"https:\/\/work-stuff.com\/es\/wp-json\/wp\/v2\/pages\/16113"}],"wp:featuredmedia":[{"embeddable":true,"href":"https:\/\/work-stuff.com\/es\/wp-json\/wp\/v2\/media\/21153"}],"wp:attachment":[{"href":"https:\/\/work-stuff.com\/es\/wp-json\/wp\/v2\/media?parent=21208"}],"curies":[{"name":"wp","href":"https:\/\/api.w.org\/{rel}","templated":true}]}}