{"id":27608,"date":"2025-03-05T01:54:50","date_gmt":"2025-03-05T00:54:50","guid":{"rendered":"https:\/\/work-stuff.com\/aviso-legal\/"},"modified":"2025-03-05T01:54:58","modified_gmt":"2025-03-05T00:54:58","slug":"aviso-legal","status":"publish","type":"page","link":"https:\/\/work-stuff.com\/es\/aviso-legal\/","title":{"rendered":"Aviso Legal"},"content":{"rendered":"[vc_row type=&#8221;in_container&#8221; full_screen_row_position=&#8221;middle&#8221; column_margin=&#8221;default&#8221; column_direction=&#8221;default&#8221; column_direction_tablet=&#8221;default&#8221; column_direction_phone=&#8221;default&#8221; scene_position=&#8221;center&#8221; text_color=&#8221;dark&#8221; text_align=&#8221;left&#8221; row_border_radius=&#8221;none&#8221; row_border_radius_applies=&#8221;bg&#8221; overflow=&#8221;visible&#8221; overlay_strength=&#8221;0.3&#8243; gradient_direction=&#8221;left_to_right&#8221; shape_divider_position=&#8221;bottom&#8221; bg_image_animation=&#8221;none&#8221;][vc_column column_padding=&#8221;no-extra-padding&#8221; column_padding_tablet=&#8221;inherit&#8221; column_padding_phone=&#8221;inherit&#8221; column_padding_position=&#8221;all&#8221; column_element_direction_desktop=&#8221;default&#8221; column_element_spacing=&#8221;default&#8221; desktop_text_alignment=&#8221;default&#8221; tablet_text_alignment=&#8221;default&#8221; phone_text_alignment=&#8221;default&#8221; background_color_opacity=&#8221;1&#8243; background_hover_color_opacity=&#8221;1&#8243; column_backdrop_filter=&#8221;none&#8221; column_shadow=&#8221;none&#8221; column_border_radius=&#8221;none&#8221; column_link_target=&#8221;_self&#8221; column_position=&#8221;default&#8221; gradient_direction=&#8221;left_to_right&#8221; overlay_strength=&#8221;0.3&#8243; width=&#8221;1\/6&#8243; tablet_width_inherit=&#8221;default&#8221; animation_type=&#8221;default&#8221; bg_image_animation=&#8221;none&#8221; border_type=&#8221;simple&#8221; column_border_width=&#8221;none&#8221; column_border_style=&#8221;solid&#8221;][\/vc_column][vc_column column_padding=&#8221;no-extra-padding&#8221; column_padding_tablet=&#8221;inherit&#8221; column_padding_phone=&#8221;inherit&#8221; column_padding_position=&#8221;all&#8221; column_element_direction_desktop=&#8221;default&#8221; column_element_spacing=&#8221;default&#8221; desktop_text_alignment=&#8221;default&#8221; tablet_text_alignment=&#8221;default&#8221; phone_text_alignment=&#8221;default&#8221; background_color_opacity=&#8221;1&#8243; background_hover_color_opacity=&#8221;1&#8243; column_backdrop_filter=&#8221;none&#8221; column_shadow=&#8221;none&#8221; column_border_radius=&#8221;none&#8221; column_link_target=&#8221;_self&#8221; column_position=&#8221;default&#8221; gradient_direction=&#8221;left_to_right&#8221; overlay_strength=&#8221;0.3&#8243; width=&#8221;2\/3&#8243; tablet_width_inherit=&#8221;default&#8221; animation_type=&#8221;default&#8221; bg_image_animation=&#8221;none&#8221; border_type=&#8221;simple&#8221; column_border_width=&#8221;none&#8221; column_border_style=&#8221;solid&#8221;][vc_column_text css=&#8221;&#8221; text_direction=&#8221;default&#8221;]\n<h1 data-start=\"165\" data-end=\"185\"><span style=\"color: #fbb921;\"><strong data-start=\"167\" data-end=\"183\">Aviso Legal<\/strong><\/span><\/h1>\n<h2 data-start=\"187\" data-end=\"223\"><span style=\"color: #ffffff;\"><strong data-start=\"190\" data-end=\"221\">1. Propiedad del Sitio Web<\/strong><\/span><\/h2>\n<p data-start=\"224\" data-end=\"371\"><span style=\"color: #ffffff;\">El presente aviso legal (<strong data-start=\"243\" data-end=\"261\">&#8220;Aviso Legal&#8221;<\/strong>) regula el uso del sitio web <strong data-start=\"294\" data-end=\"316\"><a style=\"color: #ffffff;\" href=\"http:\/\/www.work-stuff.com\" target=\"_new\" rel=\"dofollow noopener\" data-start=\"296\" data-end=\"314\">www.work-stuff.com<\/a><\/strong> (el <strong data-start=\"322\" data-end=\"335\">&#8220;Sitio Web&#8221;<\/strong>), que es propiedad y est\u00e1 gestionado por:<\/span><\/p>\n<p data-start=\"373\" data-end=\"549\"><span style=\"color: #ffffff;\">\ud83d\udccc  <strong data-start=\"376\" data-end=\"408\">WORK STUFF Sp. z o.o. Sp. k.  <\/strong><\/span><br data-start=\"408\" data-end=\"411\"><span style=\"color: #ffffff;\">\ud83d\udccc <strong data-start=\"414\" data-end=\"422\">PIN:<\/strong> 7773295478<\/span><br data-start=\"433\" data-end=\"436\"><span style=\"color: #ffffff;\">\ud83d\udccc <strong data-start=\"439\" data-end=\"461\">Domicilio social:<\/strong> ul. Nowa 47, 62-070 Pal\u0119dzie, Polonia <\/span><br data-start=\"498\" data-end=\"501\"><span style=\"color: #ffffff;\">\ud83d\udccc <strong data-start=\"504\" data-end=\"522\">Correo electr\u00f3nico de contacto:<\/strong> <a style=\"color: #ffffff;\" rel=\"noopener\" data-start=\"523\" data-end=\"547\">workstuff@work-stuff.com<\/a><\/span><\/p>\n<p data-start=\"551\" data-end=\"649\"><span style=\"color: #ffffff;\">Al acceder a este Sitio Web, aceptas cumplir los t\u00e9rminos expuestos en este <strong data-start=\"630\" data-end=\"646\">Aviso Legal<\/strong>.<\/span><\/p>\n<hr data-start=\"651\" data-end=\"656\">\n<h2 data-start=\"658\" data-end=\"707\"><span style=\"color: #ffffff;\"><strong data-start=\"661\" data-end=\"705\">2. Legislaci\u00f3n y jurisdicci\u00f3n aplicables<\/strong><\/span><\/h2>\n<p data-start=\"708\" data-end=\"995\"><span style=\"color: #ffffff;\">La relaci\u00f3n entre  <strong data-start=\"733\" data-end=\"765\">WORK STUFF Sp. z o.o. Sp. k.  <\/strong>  y los usuarios de este Sitio Web se rige por la <strong data-start=\"811\" data-end=\"825\">legislaci\u00f3n polaca<\/strong>. Cualquier disputa que surja de la interpretaci\u00f3n o ejecuci\u00f3n de estos t\u00e9rminos se someter\u00e1 a los <strong data-start=\"926\" data-end=\"946\">Tribunales de Polonia<\/strong>, a menos que las leyes aplicables exijan lo contrario. <\/span><\/p>\n<hr data-start=\"997\" data-end=\"1002\">\n<h2 data-start=\"1004\" data-end=\"1050\"><span style=\"color: #ffffff;\"><strong data-start=\"1007\" data-end=\"1048\">3. Propiedad intelectual y derechos de autor<\/strong><\/span><\/h2>\n<ul data-start=\"1051\" data-end=\"1457\">\n<li data-start=\"1051\" data-end=\"1249\"><span style=\"color: #ffffff;\">Todos los <strong data-start=\"1057\" data-end=\"1102\">logotipos, marcas, im\u00e1genes, textos y c\u00f3digos<\/strong> que aparecen en este Sitio Web son propiedad exclusiva de  <strong data-start=\"1159\" data-end=\"1191\">WORK STUFF Sp. z o.o. Sp. k.  <\/strong>  y est\u00e1n protegidos por <strong data-start=\"1216\" data-end=\"1246\">las leyes de propiedad intelectual<\/strong>.<\/span><\/li>\n<li data-start=\"1250\" data-end=\"1354\"><span style=\"color: #ffffff;\">La <strong data-start=\"1265\" data-end=\"1312\">reproducci\u00f3n, modificaci\u00f3n o distribuci\u00f3n<\/strong> no autorizadas de este contenido est\u00e1n estrictamente prohibidas.<\/span><\/li>\n<li data-start=\"1355\" data-end=\"1457\"><span style=\"color: #ffffff;\">Las marcas comerciales o nombres de marcas de terceros que aparecen en este Sitio Web pertenecen a sus respectivos propietarios.<\/span><\/li>\n<\/ul>\n<hr data-start=\"1459\" data-end=\"1464\">\n<h2 data-start=\"1466\" data-end=\"1505\"><span style=\"color: #ffffff;\"><strong data-start=\"1469\" data-end=\"1503\">4. Contenido del sitio web y responsabilidad<\/strong><\/span><\/h2>\n<ul data-start=\"1506\" data-end=\"1876\">\n<li data-start=\"1506\" data-end=\"1590\"><span style=\"color: #ffffff;\">La informaci\u00f3n proporcionada en este Sitio Web <strong data-start=\"1556\" data-end=\"1587\">s\u00f3lo tiene fines informativos<\/strong>.<\/span><\/li>\n<li data-start=\"1591\" data-end=\"1669\"><span style=\"color: #ffffff;\"><strong data-start=\"1596\" data-end=\"1617\">Nos reservamos el derecho<\/strong> a modificar o actualizar el contenido sin previo aviso.<\/span><\/li>\n<li data-start=\"1670\" data-end=\"1876\"><span style=\"color: #ffffff;\"><strong data-start=\"1672\" data-end=\"1705\">Work Stuff no se hace responsable de<\/strong><\/span><br data-start=\"1705\" data-end=\"1708\"><span style=\"color: #ffffff;\">\u2714\ufe0f Posibles inexactitudes o informaci\u00f3n obsoleta.<\/span><br data-start=\"1759\" data-end=\"1762\"><span style=\"color: #ffffff;\">\u2714\ufe0f Interrupciones, fallos de seguridad o errores en el Sitio Web.<\/span><br data-start=\"1826\" data-end=\"1829\"><span style=\"color: #ffffff;\">\u2714\ufe0f Uso indebido por parte del usuario de la informaci\u00f3n facilitada.<\/span><\/li>\n<\/ul>\n<hr data-start=\"1878\" data-end=\"1883\">\n<h2 data-start=\"1885\" data-end=\"1935\"><span style=\"color: #ffffff;\"><strong data-start=\"1888\" data-end=\"1933\">5. Distribuidores de terceros y enlaces externos<\/strong><\/span><\/h2>\n<ul data-start=\"1936\" data-end=\"2366\">\n<li data-start=\"1936\" data-end=\"2041\"><span style=\"color: #ffffff;\">Este Sitio Web puede <strong data-start=\"1955\" data-end=\"1998\">redirigir a los usuarios a revendedores de terceros<\/strong> donde est\u00e9n disponibles los productos Work Stuff.<\/span><\/li>\n<li data-start=\"2042\" data-end=\"2255\"><span style=\"color: #ffffff;\">Work Stuff <strong data-start=\"2055\" data-end=\"2077\">no se hace<\/strong> responsable de:<\/span><br data-start=\"2082\" data-end=\"2085\"><span style=\"color: #ffffff;\">\ud83d\udd39 Las transacciones, garant\u00edas, devoluciones o atenci\u00f3n al cliente proporcionadas por revendedores terceros.<\/span><br data-start=\"2179\" data-end=\"2182\"><span style=\"color: #ffffff;\">\ud83d\udd39 El contenido, las pol\u00edticas o las pr\u00e1cticas de seguridad de sitios web externos.<\/span><\/li>\n<li data-start=\"2256\" data-end=\"2366\"><span style=\"color: #ffffff;\">Los usuarios deben revisar cuidadosamente los <strong data-start=\"2292\" data-end=\"2314\">t\u00e9rminos y condiciones<\/strong> de las plataformas de terceros antes de realizar compras.<\/span><\/li>\n<\/ul>\n<hr data-start=\"2368\" data-end=\"2373\">\n<h2 data-start=\"2375\" data-end=\"2412\"><span style=\"color: #ffffff;\"><strong data-start=\"2378\" data-end=\"2410\">6. Protecci\u00f3n de datos y privacidad<\/strong><\/span><\/h2>\n<ul data-start=\"2413\" data-end=\"2827\">\n<li data-start=\"2413\" data-end=\"2522\"><span style=\"color: #ffffff;\">Work Stuff <strong data-start=\"2426\" data-end=\"2451\">respeta la privacidad de los usuarios<\/strong> y cumple el <strong data-start=\"2474\" data-end=\"2519\">Reglamento General de Protecci\u00f3n de Datos (RGPD<\/strong>).<\/span><\/li>\n<li data-start=\"2523\" data-end=\"2744\"><span style=\"color: #ffffff;\">Todos los datos personales recogidos se tratan de acuerdo con nuestra <strong data-start=\"2581\" data-end=\"2604\"><a style=\"color: #ffffff;\" href=\"#\" rel=\"noopener\" data-start=\"2583\" data-end=\"2602\">Pol\u00edtica de privacidad<\/a><\/strong>que detalla:<\/span><br data-start=\"2620\" data-end=\"2623\"><span style=\"color: #ffffff;\">\u2714\ufe0f Qu\u00e9 datos recogemos.<\/span><br data-start=\"2649\" data-end=\"2652\"><span style=\"color: #ffffff;\">\u2714\ufe0f C\u00f3mo utilizamos, almacenamos y protegemos tus datos.<\/span><br data-start=\"2698\" data-end=\"2701\"><span style=\"color: #ffffff;\">\u2714\ufe0f Tus derechos en relaci\u00f3n con los datos personales.<\/span><\/li>\n<li data-start=\"2745\" data-end=\"2827\"><span style=\"color: #ffffff;\">Para consultas sobre tus datos, ponte en contacto con nosotros en <strong data-start=\"2796\" data-end=\"2824\"><a style=\"color: #ffffff;\" rel=\"noopener\" data-start=\"2798\" data-end=\"2822\">workstuff@work-stuff.com<\/a><\/strong>.<\/span><\/li>\n<\/ul>\n<hr data-start=\"2829\" data-end=\"2834\">\n<h2 data-start=\"2836\" data-end=\"2862\"><span style=\"color: #ffffff;\"><strong data-start=\"2839\" data-end=\"2860\">7. Pol\u00edtica de cookies<\/strong><\/span><\/h2>\n<ul data-start=\"2863\" data-end=\"3075\">\n<li data-start=\"2863\" data-end=\"2942\"><span style=\"color: #ffffff;\">Este Sitio Web <strong data-start=\"2878\" data-end=\"2894\">utiliza cookies<\/strong> para mejorar la funcionalidad y la experiencia del usuario.<\/span><\/li>\n<li data-start=\"2943\" data-end=\"3014\"><span style=\"color: #ffffff;\">Los usuarios pueden gestionar o desactivar las cookies a trav\u00e9s de la configuraci\u00f3n de su navegador.<\/span><\/li>\n<li data-start=\"3015\" data-end=\"3075\"><span style=\"color: #ffffff;\">Puedes encontrar m\u00e1s detalles en nuestra <strong data-start=\"3050\" data-end=\"3072\"><a style=\"color: #ffffff;\" href=\"#\" rel=\"noopener\" data-start=\"3052\" data-end=\"3070\">Pol\u00edtica de Cookies<\/a><\/strong>.<\/span><\/li>\n<\/ul>\n<hr data-start=\"3077\" data-end=\"3082\">\n<h2 data-start=\"3084\" data-end=\"3127\"><span style=\"color: #ffffff;\"><strong data-start=\"3087\" data-end=\"3125\">8. Modificaciones del presente Aviso Legal<\/strong><\/span><\/h2>\n<p data-start=\"3128\" data-end=\"3333\"><span style=\"color: #ffffff;\">Nos reservamos el derecho a modificar este <strong data-start=\"3164\" data-end=\"3180\">Aviso Legal<\/strong> en cualquier momento para cumplir con los requisitos legales o reflejar cambios en nuestras operaciones comerciales. La \u00faltima versi\u00f3n estar\u00e1 siempre disponible en esta p\u00e1gina. <\/span><\/p>\n<p data-start=\"3335\" data-end=\"3413\"><span style=\"color: #ffffff;\">\ud83d\udce9 <strong data-start=\"3338\" data-end=\"3382\">Para cualquier pregunta, ponte en contacto con nosotros en<\/strong> <strong data-start=\"3383\" data-end=\"3411\"><a style=\"color: #ffffff;\" rel=\"noopener\" data-start=\"3385\" data-end=\"3409\">workstuff@work-stuff.com<\/a><\/strong><\/span><\/p>\n[\/vc_column_text][\/vc_column][vc_column column_padding=&#8221;no-extra-padding&#8221; column_padding_tablet=&#8221;inherit&#8221; column_padding_phone=&#8221;inherit&#8221; column_padding_position=&#8221;all&#8221; column_element_direction_desktop=&#8221;default&#8221; column_element_spacing=&#8221;default&#8221; desktop_text_alignment=&#8221;default&#8221; tablet_text_alignment=&#8221;default&#8221; phone_text_alignment=&#8221;default&#8221; background_color_opacity=&#8221;1&#8243; background_hover_color_opacity=&#8221;1&#8243; column_backdrop_filter=&#8221;none&#8221; column_shadow=&#8221;none&#8221; column_border_radius=&#8221;none&#8221; column_link_target=&#8221;_self&#8221; column_position=&#8221;default&#8221; gradient_direction=&#8221;left_to_right&#8221; overlay_strength=&#8221;0.3&#8243; width=&#8221;1\/6&#8243; tablet_width_inherit=&#8221;default&#8221; animation_type=&#8221;default&#8221; bg_image_animation=&#8221;none&#8221; border_type=&#8221;simple&#8221; column_border_width=&#8221;none&#8221; column_border_style=&#8221;solid&#8221;][\/vc_column][\/vc_row]\n","protected":false},"excerpt":{"rendered":"<p>[vc_row type=&#8221;in_container&#8221; full_screen_row_position=&#8221;middle&#8221; column_margin=&#8221;default&#8221; column_direction=&#8221;default&#8221; column_direction_tablet=&#8221;default&#8221; column_direction_phone=&#8221;default&#8221; scene_position=&#8221;center&#8221; text_color=&#8221;dark&#8221; text_align=&#8221;left&#8221; row_border_radius=&#8221;none&#8221; row_border_radius_applies=&#8221;bg&#8221; overflow=&#8221;visible&#8221; overlay_strength=&#8221;0.3&#8243; gradient_direction=&#8221;left_to_right&#8221; shape_divider_position=&#8221;bottom&#8221; bg_image_animation=&#8221;none&#8221;][vc_column column_padding=&#8221;no-extra-padding&#8221; column_padding_tablet=&#8221;inherit&#8221; column_padding_phone=&#8221;inherit&#8221; column_padding_position=&#8221;all&#8221; column_element_direction_desktop=&#8221;default&#8221; column_element_spacing=&#8221;default&#8221; desktop_text_alignment=&#8221;default&#8221; tablet_text_alignment=&#8221;default&#8221; phone_text_alignment=&#8221;default&#8221; background_color_opacity=&#8221;1&#8243; background_hover_color_opacity=&#8221;1&#8243; column_backdrop_filter=&#8221;none&#8221; column_shadow=&#8221;none&#8221;&#8230;<\/p>\n","protected":false},"author":1,"featured_media":0,"parent":0,"menu_order":0,"comment_status":"closed","ping_status":"closed","template":"","meta":{"footnotes":""},"class_list":["post-27608","page","type-page","status-publish"],"publishpress_future_action":{"enabled":false,"date":"2026-04-21 10:06:36","action":"change-status","newStatus":"draft","terms":[],"taxonomy":"translation_priority","extraData":[]},"publishpress_future_workflow_manual_trigger":{"enabledWorkflows":[]},"_links":{"self":[{"href":"https:\/\/work-stuff.com\/es\/wp-json\/wp\/v2\/pages\/27608","targetHints":{"allow":["GET"]}}],"collection":[{"href":"https:\/\/work-stuff.com\/es\/wp-json\/wp\/v2\/pages"}],"about":[{"href":"https:\/\/work-stuff.com\/es\/wp-json\/wp\/v2\/types\/page"}],"author":[{"embeddable":true,"href":"https:\/\/work-stuff.com\/es\/wp-json\/wp\/v2\/users\/1"}],"replies":[{"embeddable":true,"href":"https:\/\/work-stuff.com\/es\/wp-json\/wp\/v2\/comments?post=27608"}],"version-history":[{"count":2,"href":"https:\/\/work-stuff.com\/es\/wp-json\/wp\/v2\/pages\/27608\/revisions"}],"predecessor-version":[{"id":27610,"href":"https:\/\/work-stuff.com\/es\/wp-json\/wp\/v2\/pages\/27608\/revisions\/27610"}],"wp:attachment":[{"href":"https:\/\/work-stuff.com\/es\/wp-json\/wp\/v2\/media?parent=27608"}],"curies":[{"name":"wp","href":"https:\/\/api.w.org\/{rel}","templated":true}]}}