{"id":26059,"date":"2025-02-06T12:15:37","date_gmt":"2025-02-06T11:15:37","guid":{"rendered":"https:\/\/work-stuff.com\/produits-de-detailing\/kit-de-detailing\/kit-cuir\/"},"modified":"2026-02-18T13:50:31","modified_gmt":"2026-02-18T12:50:31","slug":"kit-cuir","status":"publish","type":"page","link":"https:\/\/work-stuff.com\/fr\/produits-de-detailing\/kit-de-detailing\/kit-cuir\/","title":{"rendered":"Kit cuir"},"content":{"rendered":"[vc_row type=&#8221;full_width_background&#8221; full_screen_row_position=&#8221;middle&#8221; column_margin=&#8221;default&#8221; column_direction=&#8221;default&#8221; column_direction_tablet=&#8221;default&#8221; column_direction_phone=&#8221;default&#8221; bg_color=&#8221;#212121&#8243; bg_image=&#8221;22014&#8243; bg_position=&#8221;center center&#8221; background_image_loading=&#8221;lazy-load&#8221; bg_repeat=&#8221;no-repeat&#8221; scene_position=&#8221;center&#8221; top_padding=&#8221;4%&#8221; bottom_padding=&#8221;6%&#8221; text_color=&#8221;light&#8221; text_align=&#8221;left&#8221; row_border_radius=&#8221;none&#8221; row_border_radius_applies=&#8221;bg&#8221; overflow=&#8221;visible&#8221; color_overlay=&#8221;#212121&#8243; overlay_strength=&#8221;0.8&#8243; gradient_direction=&#8221;left_to_right&#8221; shape_divider_position=&#8221;bottom&#8221; bg_image_animation=&#8221;none&#8221; parallax_bg=&#8221;true&#8221; parallax_bg_speed=&#8221;fast&#8221; shape_type=&#8221;&#8221; gradient_type=&#8221;default&#8221;][vc_column column_padding=&#8221;no-extra-padding&#8221; column_padding_tablet=&#8221;inherit&#8221; column_padding_phone=&#8221;inherit&#8221; column_padding_position=&#8221;all&#8221; left_margin_phone=&#8221;0%&#8221; constrain_group_6=&#8221;yes&#8221; right_margin_phone=&#8221;0%&#8221; column_element_direction_desktop=&#8221;default&#8221; column_element_spacing=&#8221;default&#8221; desktop_text_alignment=&#8221;default&#8221; tablet_text_alignment=&#8221;default&#8221; phone_text_alignment=&#8221;default&#8221; background_color_opacity=&#8221;1&#8243; background_hover_color_opacity=&#8221;1&#8243; column_backdrop_filter=&#8221;none&#8221; column_shadow=&#8221;none&#8221; column_border_radius=&#8221;none&#8221; column_link_target=&#8221;_self&#8221; column_position=&#8221;default&#8221; gradient_direction=&#8221;left_to_right&#8221; overlay_strength=&#8221;0.3&#8243; width=&#8221;1\/1&#8243; tablet_width_inherit=&#8221;default&#8221; animation_type=&#8221;default&#8221; bg_image_animation=&#8221;none&#8221; border_type=&#8221;simple&#8221; column_border_width=&#8221;none&#8221; column_border_style=&#8221;solid&#8221; column_padding_type=&#8221;default&#8221; gradient_type=&#8221;default&#8221;][nectar_highlighted_text text_color=&#8221;#fbb921&#8243; style=&#8221;text_outline&#8221; outline_thickness=&#8221;thick&#8221; text_direction=&#8221;default&#8221; custom_font_size=&#8221;4vw&#8221; font_size_phone=&#8221;2.9rem&#8221; font_line_height=&#8221;1&#8243;]\n<h1 data-product-id=\"88\">CAR<em> LEATHER <\/em>KIT<span style=\"font-weight: normal; font-size: 0.7em;\"> Natural Satin Finish<\/span><\/h1>\n[\/nectar_highlighted_text][vc_row_inner column_margin=&#8221;30px&#8221; column_direction=&#8221;default&#8221; column_direction_tablet=&#8221;default&#8221; column_direction_phone=&#8221;default&#8221; text_align=&#8221;left&#8221; row_position=&#8221;default&#8221; row_position_tablet=&#8221;inherit&#8221; row_position_phone=&#8221;inherit&#8221; overflow=&#8221;visible&#8221; pointer_events=&#8221;all&#8221;][vc_column_inner column_padding=&#8221;no-extra-padding&#8221; column_padding_tablet=&#8221;inherit&#8221; column_padding_phone=&#8221;inherit&#8221; column_padding_position=&#8221;all&#8221; column_element_direction_desktop=&#8221;default&#8221; column_element_spacing=&#8221;default&#8221; desktop_text_alignment=&#8221;default&#8221; tablet_text_alignment=&#8221;default&#8221; phone_text_alignment=&#8221;default&#8221; background_color_opacity=&#8221;1&#8243; background_hover_color_opacity=&#8221;1&#8243; column_backdrop_filter=&#8221;none&#8221; column_shadow=&#8221;none&#8221; column_border_radius=&#8221;none&#8221; column_link_target=&#8221;_self&#8221; overflow=&#8221;visible&#8221; gradient_direction=&#8221;left_to_right&#8221; overlay_strength=&#8221;0.3&#8243; width=&#8221;1\/2&#8243; tablet_width_inherit=&#8221;default&#8221; animation_type=&#8221;default&#8221; bg_image_animation=&#8221;none&#8221; border_type=&#8221;simple&#8221; column_border_width=&#8221;none&#8221; column_border_style=&#8221;solid&#8221;][nectar_cta btn_style=&#8221;basic&#8221; heading_tag=&#8221;h6&#8243; border_radius=&#8221;10&#8243; button_color=&#8221;default&#8221; text_color=&#8221;#fbb921&#8243; text_color_hover=&#8221;#ffffff&#8221; button_border_color=&#8221;#fbb921&#8243; button_border_color_hover=&#8221;#ffffff&#8221; button_border_thickness=&#8221;4px&#8221; link_type=&#8221;regular&#8221; alignment=&#8221;center&#8221; alignment_tablet=&#8221;default&#8221; alignment_phone=&#8221;default&#8221; constrain_group_3=&#8221;yes&#8221; display=&#8221;block&#8221; display_tablet=&#8221;inherit&#8221; display_phone=&#8221;inherit&#8221; icon_family=&#8221;linecons&#8221; class=&#8221;buy-button&#8221; font_size_desktop=&#8221;20&#8243; link_text=&#8221;Acheter dans les magasins agr\u00e9\u00e9s&#8221; padding_top=&#8221;11&#8243; padding_bottom=&#8221;11&#8243; padding_left=&#8221;11&#8243; padding_right=&#8221;11&#8243; icon_linecons=&#8221;vc_li vc_li-star&#8221; font_size_phone=&#8221;1rem&#8221;][vc_gallery css=&#8221;&#8221; type=&#8221;image_grid&#8221; images=&#8221;21069,21075,30443,30439&#8243; image_grid_loading=&#8221;default&#8221; layout=&#8221;2&#8243; item_spacing=&#8221;5px&#8221; gallery_style=&#8221;5&#8243; load_in_animation=&#8221;none&#8221; img_size=&#8221;full&#8221;][vc_column_text css=&#8221;&#8221; text_direction=&#8221;default&#8221;]\n<hr>\n<h3><strong>Comment utiliser le kit cuir&nbsp;:<\/strong><\/h3>\n<ol>\n<li><strong>Nettoyage du cuir&nbsp;:<\/strong> Appliquez <strong>le nettoyant pour cuir<\/strong> \u00e0 l\u2019aide du <strong>chiffon en microfibre GENTLEMAN Basic<\/strong> ou de la <strong>brosse \u00e0 cuir pratique<\/strong> pour les taches plus tenaces.<\/li>\n<li><strong>Conditionner la surface&nbsp;:<\/strong> Utilisez l\u2019 <strong>applicateur en microfibre ECLIPSE<\/strong> pour appliquer <strong>le lait pour cuir<\/strong> , en massant d\u00e9licatement pour nourrir la mati\u00e8re.<\/li>\n<li><strong>Polir si n\u00e9cessaire&nbsp;:<\/strong> utilisez le <strong>chiffon en microfibre<\/strong> pour enlever l\u2019exc\u00e9dent de produit, assurant ainsi un <strong>fini satin\u00e9 naturel<\/strong> .<\/li>\n<\/ol>\n[\/vc_column_text][\/vc_column_inner][vc_column_inner column_padding=&#8221;padding-5-percent&#8221; column_padding_tablet=&#8221;inherit&#8221; column_padding_phone=&#8221;inherit&#8221; column_padding_position=&#8221;left-right&#8221; column_element_direction_desktop=&#8221;default&#8221; column_element_spacing=&#8221;default&#8221; desktop_text_alignment=&#8221;default&#8221; tablet_text_alignment=&#8221;default&#8221; phone_text_alignment=&#8221;default&#8221; background_color_opacity=&#8221;1&#8243; background_hover_color_opacity=&#8221;1&#8243; column_backdrop_filter=&#8221;none&#8221; column_shadow=&#8221;none&#8221; column_border_radius=&#8221;none&#8221; column_link_target=&#8221;_self&#8221; overflow=&#8221;visible&#8221; gradient_direction=&#8221;left_to_right&#8221; overlay_strength=&#8221;0.3&#8243; width=&#8221;1\/2&#8243; tablet_width_inherit=&#8221;default&#8221; animation_type=&#8221;default&#8221; bg_image_animation=&#8221;none&#8221; border_type=&#8221;simple&#8221; column_border_width=&#8221;none&#8221; column_border_style=&#8221;solid&#8221; column_padding_type=&#8221;default&#8221; gradient_type=&#8221;default&#8221;][nectar_responsive_text inherited_font_style=&#8221;default&#8221; text_color=&#8221;#ffffff&#8221; text_direction=&#8221;default&#8221; font_size_desktop=&#8221;25&#8243;]\n<h2>Syst\u00e8me complet d&#8217;entretien du cuir pour int\u00e9rieurs automobiles<\/h2>\n[\/nectar_responsive_text][vc_column_text css=&#8221;&#8221; text_direction=&#8221;default&#8221;]\n<article class=\"w-full scroll-mb-[var(--thread-trailing-height,150px)] text-token-text-primary focus-visible:outline-2 focus-visible:outline-offset-[-4px]\" dir=\"auto\" data-testid=\"conversation-turn-207\" data-scroll-anchor=\"false\">\n<div class=\"m-auto text-base py-[18px] px-3 md:px-4 w-full md:px-5 lg:px-4 xl:px-5\">\n<div class=\"mx-auto flex flex-1 gap-4 text-base md:gap-5 lg:gap-6 md:max-w-3xl lg:max-w-[40rem] xl:max-w-[48rem]\">\n<div class=\"group\/conversation-turn relative flex w-full min-w-0 flex-col agent-turn\">\n<div class=\"flex-col gap-1 md:gap-3\">\n<div class=\"flex max-w-full flex-col flex-grow\">\n<div class=\"min-h-8 text-message flex w-full flex-col items-end gap-2 whitespace-normal break-words text-start [.text-message+&amp;]:mt-5\" dir=\"auto\" data-message-author-role=\"assistant\" data-message-id=\"ef49b18c-61e9-47f8-9445-6a87a7cbb5a1\" data-message-model-slug=\"gpt-4o\">\n<div class=\"flex w-full flex-col gap-1 empty:hidden first:pt-[3px]\">\n<div class=\"markdown prose w-full break-words dark:prose-invert dark\">\n<p data-start=\"457\" data-end=\"671\">Le <strong>kit cuir<\/strong> est un <strong data-start=\"487\" data-end=\"532\">kit complet de nettoyage et d&#8217;entretien du cuir automobile,<\/strong> con\u00e7u pour nettoyer, hydrater et prot\u00e9ger en toute s\u00e9curit\u00e9 les int\u00e9rieurs en cuir des automobiles modernes, laissant une finition satin\u00e9e naturelle sans r\u00e9sidus gras.<\/p>\n<p data-start=\"673\" data-end=\"950\">Soigneusement compos\u00e9e de cinq produits de haute qualit\u00e9, elle associe les puissantes formules de nettoyage et d&#8217;entretien de <strong>GOOD STUFF<\/strong> aux outils de d\u00e9tail essentiels <strong>de WORK STUFF<\/strong> , garantissant ainsi que vos si\u00e8ges en cuir, volants et panneaux int\u00e9rieurs restent propres, souples et r\u00e9sistants au vieillissement.<\/p>\n<p data-start=\"952\" data-end=\"1163\">Con\u00e7u pour pr\u00e9venir le dess\u00e8chement, les craquelures et le ternissement, ce kit d&#8217;entretien du cuir tout-en-un aide \u00e0 pr\u00e9server la texture originale et l&#8217;aspect d&#8217;usine du cuir automobile sans laisser de brillance artificielle.<\/p>\n<h2 data-start=\"1516\" data-end=\"1549\">Id\u00e9al pour le cuir int\u00e9rieur de voiture<\/h2>\n<p data-start=\"1551\" data-end=\"1654\">\u2022 Si\u00e8ges en cuir <br data-start=\"1566\" data-end=\"1569\"> \u2022 Volants <br data-start=\"1586\" data-end=\"1589\"> \u2022 Panneaux de porte <br data-start=\"1602\" data-end=\"1605\"> \u2022 Accoudoirs <br data-start=\"1615\" data-end=\"1618\"> \u2022 Cuir automobile enduit moderne<\/p>\n<hr>\n<h3><strong>Que contient le kit cuir ?<\/strong><\/h3>\n<h4><strong>Produits GOOD STUFF :<\/strong><\/h4>\n<ul>\n<li><strong>Nettoyant pour cuir (200 ml) :<\/strong> <a href=\"https:\/\/goodstuff.com.pl\/products\/interior\/leather-cleaner\/\" rel=\"dofollow\" >\u00c9limine en douceur <strong>la salet\u00e9, la crasse et les r\u00e9sidus<\/strong> des surfaces en cuir<\/a> , les laissant <strong>fra\u00eeches et revitalis\u00e9es<\/strong> .<\/li>\n<li><strong>Lait pour cuir (250 ml) :<\/strong> Un <strong><a href=\"https:\/\/goodstuff.com.pl\/products\/interior\/leather-milk\/\" rel=\"dofollow\" >soin nourrissant pour le cuir<\/a><\/strong> qui <strong>hydrate et prot\u00e8ge<\/strong> , gardant le cuir <strong>doux, souple et r\u00e9sistant au vieillissement<\/strong> .<\/li>\n<\/ul>\n<hr>\n<h4><strong>Accessoires de travail :<\/strong><\/h4>\n<ul>\n<li><strong>Chiffon microfibre basique GENTLEMAN&nbsp;:<\/strong> <a href=\"https:\/\/work-stuff.com\/fr\/produits-de-detailing\/microfibres\/gentleman-basic\/\" rel=\"dofollow\" >con\u00e7u pour <strong>un nettoyage en douceur<\/strong><\/a> , garantissant <strong>des r\u00e9sultats sans rayures<\/strong> sur les surfaces d\u00e9licates en cuir.<\/li>\n<li><strong>Brosse \u00e0 cuir pratique :<\/strong> Dot\u00e9e <strong>de poils doux<\/strong> pour \u00e9liminer efficacement <strong>la salet\u00e9 et les taches<\/strong> sans ab\u00eemer le cuir.<\/li>\n<li><strong>Applicateur en microfibre ECLIPSE&nbsp;:<\/strong> Id\u00e9al pour <strong>appliquer uniform\u00e9ment<\/strong> les produits d\u2019entretien du cuir et obtenir une finition professionnelle <strong>sans traces<\/strong> .<\/li>\n<\/ul>\n<hr>\n<h3><strong>Principaux avantages :<\/strong><\/h3>\n<ul>\n<li>\u2705 <strong>Soin complet du cuir :<\/strong> Tous les outils n\u00e9cessaires au <strong>nettoyage, \u00e0 l&#8217;entretien et \u00e0 la protection du cuir<\/strong> dans un seul kit.<\/li>\n<li>\u2705 <strong>Pr\u00e9vient le dess\u00e8chement et les craquelures :<\/strong> <strong>Hydrate le cuir en profondeur<\/strong> pour maintenir sa douceur et <strong>sa souplesse<\/strong> <strong>naturelles<\/strong> .<\/li>\n<li>\u2705 <strong>Doux pour le cuir automobile<\/strong> : Outils doux et <strong>formules au pH \u00e9quilibr\u00e9<\/strong> d\u00e9velopp\u00e9s pour les finitions modernes en cuir automobile enduit.<\/li>\n<li>\u2705 <strong>Finition non grasse :<\/strong> Pr\u00e9serve l&#8217; <strong>aspect naturel<\/strong> du cuir sans laisser de r\u00e9sidu brillant.<\/li>\n<li>\u2705 <strong>Outils haut de gamme :<\/strong> Accessoires de haute qualit\u00e9 con\u00e7us pour <strong>une performance maximale<\/strong> et <strong>une facilit\u00e9 d&#8217;utilisation<\/strong> .<\/li>\n<\/ul>\n<h3><strong>Pourquoi choisir le kit cuir ?<\/strong><\/h3>\n<p>Le <strong>kit cuir<\/strong> offre une <strong>exp\u00e9rience d&#8217;entretien compl\u00e8te<\/strong> , id\u00e9ale pour <strong>les professionnels du detailing<\/strong> et <strong>les passionn\u00e9s d&#8217;automobile<\/strong> . Ses <strong>formules de haute qualit\u00e9<\/strong> et <strong>ses outils soigneusement s\u00e9lectionn\u00e9s<\/strong> garantissent une <strong>finition impeccable<\/strong> tout en prot\u00e9geant durablement vos surfaces en cuir. <\/p>\n<\/div>\n<\/div>\n<\/div>\n<\/div>\n<\/div>\n<\/div>\n<\/div>\n<\/div>\n<\/article>\n[\/vc_column_text][nectar_cta btn_style=&#8221;basic&#8221; heading_tag=&#8221;h6&#8243; border_radius=&#8221;10&#8243; button_color=&#8221;default&#8221; text_color=&#8221;#fbb921&#8243; text_color_hover=&#8221;#ffffff&#8221; button_border_color=&#8221;#fbb921&#8243; button_border_color_hover=&#8221;#ffffff&#8221; button_border_thickness=&#8221;4px&#8221; link_type=&#8221;regular&#8221; alignment=&#8221;center&#8221; alignment_tablet=&#8221;default&#8221; alignment_phone=&#8221;default&#8221; constrain_group_3=&#8221;yes&#8221; display=&#8221;block&#8221; display_tablet=&#8221;inherit&#8221; display_phone=&#8221;inherit&#8221; icon_family=&#8221;linecons&#8221; class=&#8221;buy-button&#8221; font_size_desktop=&#8221;20&#8243; link_text=&#8221;Acheter dans les magasins agr\u00e9\u00e9s&#8221; padding_top=&#8221;11&#8243; padding_bottom=&#8221;11&#8243; padding_left=&#8221;11&#8243; padding_right=&#8221;11&#8243; icon_linecons=&#8221;vc_li vc_li-star&#8221; font_size_phone=&#8221;1rem&#8221;][vc_column_text css_animation=&#8221;none&#8221; css=&#8221;&#8221; text_direction=&#8221;default&#8221;]\n<div class=\"ws-nav\" style=\"text-align: center;\"><a class=\"ws-nav__btn ws-nav__btn--prev\" href=\"https:\/\/work-stuff.com\/fr\/produits-de-detailing\/kit-de-detailing\/clay-kit\/\" rel=\"dofollow\" >\u2190 PREVIOUS <\/a><br \/><a class=\"ws-nav__btn ws-nav__btn--next\" href=\"https:\/\/work-stuff.com\/fr\/produits-de-detailing\/kit-de-detailing\/kit-blizzard-et-thunder\/\" rel=\"dofollow\" >SUIVANT \u2192<\/a><\/div>\n[\/vc_column_text][\/vc_column_inner][\/vc_row_inner][vc_row_inner column_margin=&#8221;5px&#8221; column_direction=&#8221;default&#8221; column_direction_tablet=&#8221;default&#8221; column_direction_phone=&#8221;default&#8221; text_align=&#8221;left&#8221; row_position=&#8221;default&#8221; row_position_tablet=&#8221;inherit&#8221; row_position_phone=&#8221;inherit&#8221; overflow=&#8221;visible&#8221; pointer_events=&#8221;all&#8221; class=&#8221;fancybox-grid-2&#8243;][vc_column_inner column_padding=&#8221;no-extra-padding&#8221; column_padding_tablet=&#8221;inherit&#8221; column_padding_phone=&#8221;inherit&#8221; column_padding_position=&#8221;all&#8221; column_element_direction_desktop=&#8221;default&#8221; column_element_spacing=&#8221;default&#8221; desktop_text_alignment=&#8221;default&#8221; tablet_text_alignment=&#8221;default&#8221; phone_text_alignment=&#8221;default&#8221; background_color_opacity=&#8221;1&#8243; background_hover_color_opacity=&#8221;1&#8243; column_backdrop_filter=&#8221;none&#8221; column_shadow=&#8221;none&#8221; column_border_radius=&#8221;none&#8221; column_link_target=&#8221;_self&#8221; overflow=&#8221;visible&#8221; gradient_direction=&#8221;left_to_right&#8221; overlay_strength=&#8221;0.3&#8243; width=&#8221;1\/5&#8243; tablet_width_inherit=&#8221;default&#8221; animation_type=&#8221;default&#8221; bg_image_animation=&#8221;none&#8221; border_type=&#8221;simple&#8221; column_border_width=&#8221;none&#8221; column_border_style=&#8221;solid&#8221;][fancy_box box_style=&#8221;parallax_hover&#8221; icon_family=&#8221;none&#8221; image_url=&#8221;34749&#8243; link_new_tab=&#8221;true&#8221; parallax_hover_box_alignment=&#8221;top&#8221; parallax_hover_box_overlay_opacity=&#8221;0.6&#8243; parallax_hover_box_overlay_opacity_hover=&#8221;0.2&#8243; border_radius=&#8221;default&#8221; image_loading=&#8221;default&#8221; color_scheme=&#8221;dark&#8221; secondary_content=&#8221;here&#8217;s some awesome text that would only be shown on hover&#8221; min_height=&#8221;400&#8243; link_url=&#8221;https:\/\/goodstuff.com.pl\/products\/interior\/leather-cleaner\/&#8221; min_height_phone=&#8221;400&#8243;]\n<h2>Nettoyant pour cuir<\/h2>\n<h5>GOOD STUFF<\/h5>\n[\/fancy_box][\/vc_column_inner][vc_column_inner column_padding=&#8221;no-extra-padding&#8221; column_padding_tablet=&#8221;inherit&#8221; column_padding_phone=&#8221;inherit&#8221; column_padding_position=&#8221;all&#8221; column_element_direction_desktop=&#8221;default&#8221; column_element_spacing=&#8221;default&#8221; desktop_text_alignment=&#8221;default&#8221; tablet_text_alignment=&#8221;default&#8221; phone_text_alignment=&#8221;default&#8221; background_color_opacity=&#8221;1&#8243; background_hover_color_opacity=&#8221;1&#8243; column_backdrop_filter=&#8221;none&#8221; column_shadow=&#8221;none&#8221; column_border_radius=&#8221;none&#8221; column_link_target=&#8221;_self&#8221; overflow=&#8221;visible&#8221; gradient_direction=&#8221;left_to_right&#8221; overlay_strength=&#8221;0.3&#8243; width=&#8221;1\/5&#8243; tablet_width_inherit=&#8221;default&#8221; animation_type=&#8221;default&#8221; bg_image_animation=&#8221;none&#8221; border_type=&#8221;simple&#8221; column_border_width=&#8221;none&#8221; column_border_style=&#8221;solid&#8221;][fancy_box box_style=&#8221;parallax_hover&#8221; icon_family=&#8221;none&#8221; image_url=&#8221;34753&#8243; parallax_hover_box_alignment=&#8221;top&#8221; parallax_hover_box_overlay_opacity=&#8221;0.6&#8243; parallax_hover_box_overlay_opacity_hover=&#8221;0.2&#8243; border_radius=&#8221;default&#8221; image_loading=&#8221;default&#8221; color_scheme=&#8221;dark&#8221; secondary_content=&#8221;&#8221; min_height=&#8221;400&#8243; link_url=&#8221;https:\/\/goodstuff.com.pl\/products\/interior\/leather-milk\/&#8221;]\n<h2>Cuir Lait<\/h2>\n<h5>GOOD STUFF<\/h5>\n<h5><\/h5>\n[\/fancy_box][\/vc_column_inner][vc_column_inner column_padding=&#8221;no-extra-padding&#8221; column_padding_tablet=&#8221;inherit&#8221; column_padding_phone=&#8221;inherit&#8221; column_padding_position=&#8221;all&#8221; column_element_direction_desktop=&#8221;default&#8221; column_element_spacing=&#8221;default&#8221; desktop_text_alignment=&#8221;default&#8221; tablet_text_alignment=&#8221;default&#8221; phone_text_alignment=&#8221;default&#8221; background_color_opacity=&#8221;1&#8243; background_hover_color_opacity=&#8221;1&#8243; column_backdrop_filter=&#8221;none&#8221; column_shadow=&#8221;none&#8221; column_border_radius=&#8221;none&#8221; column_link_target=&#8221;_self&#8221; overflow=&#8221;visible&#8221; gradient_direction=&#8221;left_to_right&#8221; overlay_strength=&#8221;0.3&#8243; width=&#8221;1\/5&#8243; tablet_width_inherit=&#8221;default&#8221; animation_type=&#8221;default&#8221; bg_image_animation=&#8221;none&#8221; border_type=&#8221;simple&#8221; column_border_width=&#8221;none&#8221; column_border_style=&#8221;solid&#8221;][fancy_box box_style=&#8221;parallax_hover&#8221; icon_family=&#8221;none&#8221; image_url=&#8221;19073&#8243; parallax_hover_box_alignment=&#8221;top&#8221; parallax_hover_box_overlay_opacity=&#8221;0.6&#8243; parallax_hover_box_overlay_opacity_hover=&#8221;0.2&#8243; border_radius=&#8221;default&#8221; image_loading=&#8221;default&#8221; color_scheme=&#8221;dark&#8221; secondary_content=&#8221;here&#8217;s some awesome text that would only be shown on hover&#8221; min_height=&#8221;400&#8243; link_url=&#8221;https:\/\/work-stuff.com\/fr\/produits-de-detailing\/microfibres\/gentleman-basic\/&#8221;]\n<h2>Gentlema Basic<\/h2>\n<h5>microfibre<\/h5>\n[\/fancy_box][\/vc_column_inner][vc_column_inner column_padding=&#8221;no-extra-padding&#8221; column_padding_tablet=&#8221;inherit&#8221; column_padding_phone=&#8221;inherit&#8221; column_padding_position=&#8221;all&#8221; column_element_direction_desktop=&#8221;default&#8221; column_element_spacing=&#8221;default&#8221; desktop_text_alignment=&#8221;default&#8221; tablet_text_alignment=&#8221;default&#8221; phone_text_alignment=&#8221;default&#8221; background_color_opacity=&#8221;1&#8243; background_hover_color_opacity=&#8221;1&#8243; column_backdrop_filter=&#8221;none&#8221; column_shadow=&#8221;none&#8221; column_border_radius=&#8221;none&#8221; column_link_target=&#8221;_self&#8221; overflow=&#8221;visible&#8221; gradient_direction=&#8221;left_to_right&#8221; overlay_strength=&#8221;0.3&#8243; width=&#8221;1\/5&#8243; tablet_width_inherit=&#8221;default&#8221; animation_type=&#8221;default&#8221; bg_image_animation=&#8221;none&#8221; border_type=&#8221;simple&#8221; column_border_width=&#8221;none&#8221; column_border_style=&#8221;solid&#8221;][fancy_box box_style=&#8221;parallax_hover&#8221; icon_family=&#8221;none&#8221; image_url=&#8221;32855&#8243; parallax_hover_box_alignment=&#8221;middle&#8221; parallax_hover_box_overlay_opacity=&#8221;0.6&#8243; parallax_hover_box_overlay_opacity_hover=&#8221;0.2&#8243; border_radius=&#8221;default&#8221; image_loading=&#8221;default&#8221; color_scheme=&#8221;dark&#8221; secondary_content=&#8221;here&#8217;s some awesome text that would only be shown on hover&#8221; link_url=&#8221;https:\/\/work-stuff.com\/fr\/produits-de-detailing\/outils\/eclipse-microfiber-applicator\/&#8221; min_height=&#8221;400&#8243;]\n<h2>\u00c9clipse<\/h2>\n<h5>Microfibre<\/h5>\n[\/fancy_box][\/vc_column_inner][vc_column_inner column_padding=&#8221;no-extra-padding&#8221; column_padding_tablet=&#8221;inherit&#8221; column_padding_phone=&#8221;inherit&#8221; column_padding_position=&#8221;all&#8221; column_element_direction_desktop=&#8221;default&#8221; column_element_spacing=&#8221;default&#8221; desktop_text_alignment=&#8221;default&#8221; tablet_text_alignment=&#8221;default&#8221; phone_text_alignment=&#8221;default&#8221; background_color_opacity=&#8221;1&#8243; background_hover_color_opacity=&#8221;1&#8243; column_backdrop_filter=&#8221;none&#8221; column_shadow=&#8221;none&#8221; column_border_radius=&#8221;none&#8221; column_link_target=&#8221;_self&#8221; overflow=&#8221;visible&#8221; gradient_direction=&#8221;left_to_right&#8221; overlay_strength=&#8221;0.3&#8243; width=&#8221;1\/5&#8243; tablet_width_inherit=&#8221;default&#8221; animation_type=&#8221;default&#8221; bg_image_animation=&#8221;none&#8221; border_type=&#8221;simple&#8221; column_border_width=&#8221;none&#8221; column_border_style=&#8221;solid&#8221;][fancy_box box_style=&#8221;parallax_hover&#8221; icon_family=&#8221;none&#8221; image_url=&#8221;14147&#8243; parallax_hover_box_alignment=&#8221;middle&#8221; parallax_hover_box_overlay_opacity=&#8221;0.6&#8243; parallax_hover_box_overlay_opacity_hover=&#8221;0.2&#8243; border_radius=&#8221;default&#8221; image_loading=&#8221;default&#8221; color_scheme=&#8221;dark&#8221; secondary_content=&#8221;here&#8217;s some awesome text that would only be shown on hover&#8221; link_url=&#8221;https:\/\/work-stuff.com\/fr\/produits-de-detailing\/outils\/handy-leather-brush\/&#8221; min_height=&#8221;400&#8243;]\n<h2>Leather Brush<\/h2>\n<h5>Outil<\/h5>\n[\/fancy_box][\/vc_column_inner][\/vc_row_inner][\/vc_column][\/vc_row]\n","protected":false},"excerpt":{"rendered":"<p>[vc_row type=&#8221;full_width_background&#8221; full_screen_row_position=&#8221;middle&#8221; column_margin=&#8221;default&#8221; column_direction=&#8221;default&#8221; column_direction_tablet=&#8221;default&#8221; column_direction_phone=&#8221;default&#8221; bg_color=&#8221;#212121&#8243; bg_image=&#8221;22014&#8243; bg_position=&#8221;center center&#8221; background_image_loading=&#8221;lazy-load&#8221; bg_repeat=&#8221;no-repeat&#8221; scene_position=&#8221;center&#8221; top_padding=&#8221;4%&#8221; bottom_padding=&#8221;6%&#8221; text_color=&#8221;light&#8221; text_align=&#8221;left&#8221; row_border_radius=&#8221;none&#8221; row_border_radius_applies=&#8221;bg&#8221; overflow=&#8221;visible&#8221; color_overlay=&#8221;#212121&#8243; overlay_strength=&#8221;0.8&#8243; gradient_direction=&#8221;left_to_right&#8221; shape_divider_position=&#8221;bottom&#8221; bg_image_animation=&#8221;none&#8221; parallax_bg=&#8221;true&#8221; parallax_bg_speed=&#8221;fast&#8221; shape_type=&#8221;&#8221; gradient_type=&#8221;default&#8221;][vc_column&#8230;<\/p>\n","protected":false},"author":1,"featured_media":26037,"parent":26026,"menu_order":0,"comment_status":"closed","ping_status":"closed","template":"","meta":{"footnotes":""},"class_list":["post-26059","page","type-page","status-publish","has-post-thumbnail"],"publishpress_future_action":{"enabled":false,"date":"2026-04-21 14:58:55","action":"change-status","newStatus":"draft","terms":[],"taxonomy":"translation_priority","extraData":[]},"publishpress_future_workflow_manual_trigger":{"enabledWorkflows":[]},"_links":{"self":[{"href":"https:\/\/work-stuff.com\/fr\/wp-json\/wp\/v2\/pages\/26059","targetHints":{"allow":["GET"]}}],"collection":[{"href":"https:\/\/work-stuff.com\/fr\/wp-json\/wp\/v2\/pages"}],"about":[{"href":"https:\/\/work-stuff.com\/fr\/wp-json\/wp\/v2\/types\/page"}],"author":[{"embeddable":true,"href":"https:\/\/work-stuff.com\/fr\/wp-json\/wp\/v2\/users\/1"}],"replies":[{"embeddable":true,"href":"https:\/\/work-stuff.com\/fr\/wp-json\/wp\/v2\/comments?post=26059"}],"version-history":[{"count":13,"href":"https:\/\/work-stuff.com\/fr\/wp-json\/wp\/v2\/pages\/26059\/revisions"}],"predecessor-version":[{"id":34928,"href":"https:\/\/work-stuff.com\/fr\/wp-json\/wp\/v2\/pages\/26059\/revisions\/34928"}],"up":[{"embeddable":true,"href":"https:\/\/work-stuff.com\/fr\/wp-json\/wp\/v2\/pages\/26026"}],"wp:featuredmedia":[{"embeddable":true,"href":"https:\/\/work-stuff.com\/fr\/wp-json\/wp\/v2\/media\/26037"}],"wp:attachment":[{"href":"https:\/\/work-stuff.com\/fr\/wp-json\/wp\/v2\/media?parent=26059"}],"curies":[{"name":"wp","href":"https:\/\/api.w.org\/{rel}","templated":true}]}}