{"id":26654,"date":"2025-02-06T17:09:43","date_gmt":"2025-02-06T16:09:43","guid":{"rendered":"https:\/\/work-stuff.com\/produits-de-detailing\/outils\/work-gloves\/"},"modified":"2026-02-27T11:32:27","modified_gmt":"2026-02-27T10:32:27","slug":"work-gloves","status":"publish","type":"page","link":"https:\/\/work-stuff.com\/fr\/produits-de-detailing\/outils\/work-gloves\/","title":{"rendered":"WORK GLOVES"},"content":{"rendered":"[vc_row type=&#8221;full_width_background&#8221; full_screen_row_position=&#8221;middle&#8221; column_margin=&#8221;default&#8221; column_direction=&#8221;default&#8221; column_direction_tablet=&#8221;default&#8221; column_direction_phone=&#8221;default&#8221; bg_color=&#8221;#212121&#8243; bg_image=&#8221;21589&#8243; bg_position=&#8221;center center&#8221; background_image_loading=&#8221;lazy-load&#8221; bg_repeat=&#8221;no-repeat&#8221; scene_position=&#8221;center&#8221; top_padding=&#8221;4%&#8221; bottom_padding=&#8221;6%&#8221; text_color=&#8221;light&#8221; text_align=&#8221;left&#8221; row_border_radius=&#8221;none&#8221; row_border_radius_applies=&#8221;bg&#8221; overflow=&#8221;visible&#8221; color_overlay=&#8221;#212121&#8243; overlay_strength=&#8221;0.8&#8243; gradient_direction=&#8221;left_to_right&#8221; shape_divider_position=&#8221;bottom&#8221; bg_image_animation=&#8221;none&#8221; parallax_bg=&#8221;true&#8221; parallax_bg_speed=&#8221;fast&#8221; shape_type=&#8221;&#8221; gradient_type=&#8221;default&#8221;][vc_column column_padding=&#8221;no-extra-padding&#8221; column_padding_tablet=&#8221;inherit&#8221; column_padding_phone=&#8221;inherit&#8221; column_padding_position=&#8221;all&#8221; column_element_direction_desktop=&#8221;default&#8221; column_element_spacing=&#8221;default&#8221; desktop_text_alignment=&#8221;default&#8221; tablet_text_alignment=&#8221;default&#8221; phone_text_alignment=&#8221;default&#8221; background_color_opacity=&#8221;1&#8243; background_hover_color_opacity=&#8221;1&#8243; column_backdrop_filter=&#8221;none&#8221; column_shadow=&#8221;none&#8221; column_border_radius=&#8221;none&#8221; column_link_target=&#8221;_self&#8221; column_position=&#8221;default&#8221; gradient_direction=&#8221;left_to_right&#8221; overlay_strength=&#8221;0.3&#8243; width=&#8221;1\/1&#8243; tablet_width_inherit=&#8221;default&#8221; animation_type=&#8221;default&#8221; bg_image_animation=&#8221;none&#8221; border_type=&#8221;simple&#8221; column_border_width=&#8221;none&#8221; column_border_style=&#8221;solid&#8221;][nectar_highlighted_text text_color=&#8221;#fbb921&#8243; style=&#8221;text_outline&#8221; outline_thickness=&#8221;thick&#8221; text_direction=&#8221;default&#8221; custom_font_size=&#8221;4vw&#8221; font_size_phone=&#8221;3rem&#8221;]\n<h1 data-product-id=\"92\">Gants <em>de travail en<\/em> <span style=\"font-weight: normal; font-size: 0.7em;\">nitrile 5 mil pour le detailing automobile avec poign\u00e9e antid\u00e9rapante<\/span><\/h1>\n[\/nectar_highlighted_text][vc_row_inner column_margin=&#8221;30px&#8221; column_direction=&#8221;default&#8221; column_direction_tablet=&#8221;default&#8221; column_direction_phone=&#8221;default&#8221; text_align=&#8221;left&#8221; row_position=&#8221;default&#8221; row_position_tablet=&#8221;inherit&#8221; row_position_phone=&#8221;inherit&#8221; overflow=&#8221;visible&#8221; pointer_events=&#8221;all&#8221;][vc_column_inner column_padding=&#8221;no-extra-padding&#8221; column_padding_tablet=&#8221;inherit&#8221; column_padding_phone=&#8221;inherit&#8221; column_padding_position=&#8221;all&#8221; column_element_direction_desktop=&#8221;default&#8221; column_element_spacing=&#8221;default&#8221; desktop_text_alignment=&#8221;default&#8221; tablet_text_alignment=&#8221;default&#8221; phone_text_alignment=&#8221;default&#8221; background_color_opacity=&#8221;1&#8243; background_hover_color_opacity=&#8221;1&#8243; column_backdrop_filter=&#8221;none&#8221; column_shadow=&#8221;none&#8221; column_border_radius=&#8221;none&#8221; column_link_target=&#8221;_self&#8221; overflow=&#8221;visible&#8221; gradient_direction=&#8221;left_to_right&#8221; overlay_strength=&#8221;0.3&#8243; width=&#8221;1\/2&#8243; tablet_width_inherit=&#8221;default&#8221; animation_type=&#8221;default&#8221; bg_image_animation=&#8221;none&#8221; border_type=&#8221;simple&#8221; column_border_width=&#8221;none&#8221; column_border_style=&#8221;solid&#8221;][nectar_cta btn_style=&#8221;basic&#8221; heading_tag=&#8221;h6&#8243; border_radius=&#8221;10&#8243; button_color=&#8221;default&#8221; text_color=&#8221;#fbb921&#8243; text_color_hover=&#8221;#ffffff&#8221; button_border_color=&#8221;#fbb921&#8243; button_border_color_hover=&#8221;#ffffff&#8221; button_border_thickness=&#8221;4px&#8221; link_type=&#8221;regular&#8221; alignment=&#8221;center&#8221; alignment_tablet=&#8221;default&#8221; alignment_phone=&#8221;default&#8221; constrain_group_3=&#8221;yes&#8221; display=&#8221;block&#8221; display_tablet=&#8221;inherit&#8221; display_phone=&#8221;inherit&#8221; icon_family=&#8221;linecons&#8221; class=&#8221;buy-button&#8221; font_size_desktop=&#8221;20&#8243; link_text=&#8221;Acheter dans les magasins agr\u00e9\u00e9s&#8221; padding_top=&#8221;11&#8243; padding_bottom=&#8221;11&#8243; padding_left=&#8221;11&#8243; padding_right=&#8221;11&#8243; icon_linecons=&#8221;vc_li vc_li-star&#8221; font_size_phone=&#8221;1rem&#8221;][vc_gallery css=&#8221;&#8221; type=&#8221;image_grid&#8221; images=&#8221;35215,35210,35201,35189,35185,35193,35181,35197&#8243; image_grid_loading=&#8221;lazy-load&#8221; layout=&#8221;2&#8243; item_spacing=&#8221;5px&#8221; gallery_style=&#8221;5&#8243; load_in_animation=&#8221;none&#8221; img_size=&#8221;full&#8221;][\/vc_column_inner][vc_column_inner column_padding=&#8221;padding-5-percent&#8221; column_padding_tablet=&#8221;inherit&#8221; column_padding_phone=&#8221;inherit&#8221; column_padding_position=&#8221;left-right&#8221; column_element_direction_desktop=&#8221;default&#8221; column_element_spacing=&#8221;default&#8221; desktop_text_alignment=&#8221;default&#8221; tablet_text_alignment=&#8221;default&#8221; phone_text_alignment=&#8221;default&#8221; background_color_opacity=&#8221;1&#8243; background_hover_color_opacity=&#8221;1&#8243; column_backdrop_filter=&#8221;none&#8221; column_shadow=&#8221;none&#8221; column_border_radius=&#8221;none&#8221; column_link_target=&#8221;_self&#8221; overflow=&#8221;visible&#8221; gradient_direction=&#8221;left_to_right&#8221; overlay_strength=&#8221;0.3&#8243; width=&#8221;1\/2&#8243; tablet_width_inherit=&#8221;default&#8221; animation_type=&#8221;default&#8221; bg_image_animation=&#8221;none&#8221; border_type=&#8221;simple&#8221; column_border_width=&#8221;none&#8221; column_border_style=&#8221;solid&#8221; column_padding_type=&#8221;default&#8221; gradient_type=&#8221;default&#8221;][vc_column_text css=&#8221;&#8221; text_direction=&#8221;default&#8221;]\n<h2>L&#8217;entretien des pneus sans d\u00e9g\u00e2ts<\/h2>\n[\/vc_column_text][vc_column_text css=&#8221;&#8221; text_direction=&#8221;default&#8221;]\n<p data-start=\"985\" data-end=\"1119\">Si vous recherchez <strong data-start=\"1009\" data-end=\"1033\">des gants de nettoyage automobile<\/strong> qui durent vraiment longtemps, ces gants de travail am\u00e9lior\u00e9s de 5 mil sont con\u00e7us pour un nettoyage en profondeur.<\/p>\n<p data-start=\"1121\" data-end=\"1344\">Con\u00e7us sp\u00e9cifiquement comme <strong data-start=\"1146\" data-end=\"1171\">gants de detailing automobile<\/strong> , ils offrent une r\u00e9sistance chimique sup\u00e9rieure, une durabilit\u00e9 accrue et une surface textur\u00e9e antid\u00e9rapante pour un contr\u00f4le maximal lors des travaux sur la peinture, les jantes, les int\u00e9rieurs et les compartiments moteur.<\/p>\n<hr \/>\n<h2 data-start=\"1351\" data-end=\"1406\">Pourquoi ces gants sont les meilleurs pour le nettoyage automobile<\/h2>\n<p data-start=\"1408\" data-end=\"1543\">La plupart des gants en nitrile standard ont une \u00e9paisseur de 3 \u00e0 3,5 mil et se d\u00e9chirent lors d&#8217;une utilisation intensive.<br data-start=\"1477\" data-end=\"1480\" \/>Les gants de travail sont d\u00e9sormais plus <strong data-start=\"1508\" data-end=\"1538\">\u00e9pais (5 mils, soit environ 0,12 mm)<\/strong> pour\u00a0:<\/p>\n<ul data-start=\"1545\" data-end=\"1704\">\n<li data-start=\"1545\" data-end=\"1571\">\n<p data-start=\"1547\" data-end=\"1571\">r\u00e9sistance \u00e0 la d\u00e9chirure plus \u00e9lev\u00e9e<\/p>\n<\/li>\n<li data-start=\"1572\" data-end=\"1636\">\n<p data-start=\"1574\" data-end=\"1636\">Meilleure protection contre les agents de nettoyage, les produits de traitement des sols, les acides et les rev\u00eatements pour jantes.<\/p>\n<\/li>\n<li data-start=\"1637\" data-end=\"1704\">\n<p data-start=\"1639\" data-end=\"1704\">Dur\u00e9e de vie prolong\u00e9e lors de la correction de peinture et de l&#8217;application de c\u00e9ramique<\/p>\n<\/li>\n<\/ul>\n<p data-start=\"1706\" data-end=\"1798\">Si vous avez besoin <strong data-start=\"1718\" data-end=\"1759\">de gants pour travailler professionnellement sur des voitures<\/strong> , cette am\u00e9lioration fait toute la diff\u00e9rence.<\/p>\n<hr data-start=\"1800\" data-end=\"1803\" \/>\n<h2 data-start=\"1805\" data-end=\"1850\">Protection professionnelle en nitrile de 5 mil<\/h2>\n<p data-start=\"1852\" data-end=\"1886\">Ces <strong data-start=\"1858\" data-end=\"1881\">gants de travail en nitrile<\/strong> sont\u00a0:<\/p>\n<ul data-start=\"1888\" data-end=\"1998\">\n<li data-start=\"1888\" data-end=\"1903\">\n<p data-start=\"1890\" data-end=\"1903\">Sans poudre<\/p>\n<\/li>\n<li data-start=\"1904\" data-end=\"1922\">\n<p data-start=\"1906\" data-end=\"1922\">Hypoallerg\u00e9nique<\/p>\n<\/li>\n<li data-start=\"1923\" data-end=\"1945\">\n<p data-start=\"1925\" data-end=\"1945\">R\u00e9sistance chimique<\/p>\n<\/li>\n<li data-start=\"1946\" data-end=\"1998\">\n<p data-start=\"1948\" data-end=\"1998\">Con\u00e7u pour les environnements de detailing professionnels<\/p>\n<\/li>\n<\/ul>\n<p data-start=\"2000\" data-end=\"2117\">Contrairement aux gants jetables bon march\u00e9, ceux-ci sont con\u00e7us pour <strong data-start=\"2051\" data-end=\"2088\">un usage professionnel de nettoyage de surfaces<\/strong> , et non pour des t\u00e2ches m\u00e9nag\u00e8res l\u00e9g\u00e8res.<\/p>\n<hr data-start=\"2119\" data-end=\"2122\" \/>\n<h2 data-start=\"2124\" data-end=\"2164\">Poign\u00e9e antid\u00e9rapante pour un travail de pr\u00e9cision<\/h2>\n<p data-start=\"2166\" data-end=\"2211\">Les extr\u00e9mit\u00e9s textur\u00e9es des doigts am\u00e9liorent le contr\u00f4le lorsque\u00a0:<\/p>\n<ul data-start=\"2213\" data-end=\"2326\">\n<li data-start=\"2213\" data-end=\"2240\">\n<p data-start=\"2215\" data-end=\"2240\">Utilisation de pinceaux de d\u00e9tail<\/p>\n<\/li>\n<li data-start=\"2241\" data-end=\"2270\">\n<p data-start=\"2243\" data-end=\"2270\">Application de rev\u00eatements c\u00e9ramiques<\/p>\n<\/li>\n<li data-start=\"2271\" data-end=\"2297\">\n<p data-start=\"2273\" data-end=\"2297\">Manipulation des flacons pulv\u00e9risateurs<\/p>\n<\/li>\n<li data-start=\"2298\" data-end=\"2326\">\n<p data-start=\"2300\" data-end=\"2326\">Nettoyage des roues ou des pneus<\/p>\n<\/li>\n<\/ul>\n<p data-start=\"2328\" data-end=\"2393\">Cela en fait <strong data-start=\"2350\" data-end=\"2373\">des gants de travail en nitrile<\/strong> id\u00e9aux pour les conditions humides.<\/p>\n<hr data-start=\"2395\" data-end=\"2398\" \/>\n<h2 data-start=\"2400\" data-end=\"2417\">Caract\u00e9ristiques<\/h2>\n<ul>\n<li data-start=\"2421\" data-end=\"2440\">Mati\u00e8re : Nitrile<\/li>\n<li data-start=\"2443\" data-end=\"2472\">\u00c9paisseur : 5 mil (\u22480,12 mm)<\/li>\n<li data-start=\"2475\" data-end=\"2489\">Couleur : Noir<\/li>\n<li data-start=\"2492\" data-end=\"2511\">Tailles : M \/ L \/ XL<\/li>\n<li data-start=\"2514\" data-end=\"2544\">Quantit\u00e9 : 100 gants par bo\u00eete<\/li>\n<\/ul>\n[\/vc_column_text][nectar_cta btn_style=&#8221;basic&#8221; heading_tag=&#8221;h6&#8243; border_radius=&#8221;10&#8243; button_color=&#8221;default&#8221; text_color=&#8221;#fbb921&#8243; text_color_hover=&#8221;#ffffff&#8221; button_border_color=&#8221;#fbb921&#8243; button_border_color_hover=&#8221;#ffffff&#8221; button_border_thickness=&#8221;4px&#8221; link_type=&#8221;regular&#8221; alignment=&#8221;center&#8221; alignment_tablet=&#8221;default&#8221; alignment_phone=&#8221;default&#8221; constrain_group_3=&#8221;yes&#8221; display=&#8221;block&#8221; display_tablet=&#8221;inherit&#8221; display_phone=&#8221;inherit&#8221; icon_family=&#8221;linecons&#8221; class=&#8221;buy-button&#8221; font_size_desktop=&#8221;20&#8243; link_text=&#8221;Acheter dans les magasins agr\u00e9\u00e9s&#8221; padding_top=&#8221;11&#8243; padding_bottom=&#8221;11&#8243; padding_left=&#8221;11&#8243; padding_right=&#8221;11&#8243; icon_linecons=&#8221;vc_li vc_li-star&#8221; font_size_phone=&#8221;1rem&#8221;][vc_column_text css_animation=&#8221;none&#8221; css=&#8221;&#8221; text_direction=&#8221;default&#8221;]\n<div class=\"ws-nav\" style=\"text-align: center;\"><a class=\"ws-nav__btn ws-nav__btn--prev\" href=\"https:\/\/work-stuff.com\/fr\/produits-de-detailing\/outils\/eclipse-microfiber-applicator\/\" rel=\"dofollow\" >\u2190 PREVIOUS <\/a><br \/>\n<a class=\"ws-nav__btn ws-nav__btn--next\" href=\"https:\/\/work-stuff.com\/fr\/produits-de-detailing\/outils\/work-bag\/\" rel=\"dofollow\" >SUIVANT \u2192<\/a><\/div>\n[\/vc_column_text][\/vc_column_inner][\/vc_row_inner][\/vc_column][\/vc_row]\n","protected":false},"excerpt":{"rendered":"<p>[vc_row type=&#8221;full_width_background&#8221; full_screen_row_position=&#8221;middle&#8221; column_margin=&#8221;default&#8221; column_direction=&#8221;default&#8221; column_direction_tablet=&#8221;default&#8221; column_direction_phone=&#8221;default&#8221; bg_color=&#8221;#212121&#8243; bg_image=&#8221;21589&#8243; bg_position=&#8221;center center&#8221; background_image_loading=&#8221;lazy-load&#8221; bg_repeat=&#8221;no-repeat&#8221; scene_position=&#8221;center&#8221; top_padding=&#8221;4%&#8221; bottom_padding=&#8221;6%&#8221; text_color=&#8221;light&#8221; text_align=&#8221;left&#8221; row_border_radius=&#8221;none&#8221; row_border_radius_applies=&#8221;bg&#8221; overflow=&#8221;visible&#8221; color_overlay=&#8221;#212121&#8243; overlay_strength=&#8221;0.8&#8243; gradient_direction=&#8221;left_to_right&#8221; shape_divider_position=&#8221;bottom&#8221; bg_image_animation=&#8221;none&#8221; parallax_bg=&#8221;true&#8221; parallax_bg_speed=&#8221;fast&#8221; shape_type=&#8221;&#8221; gradient_type=&#8221;default&#8221;][vc_column&#8230;<\/p>\n","protected":false},"author":1,"featured_media":26660,"parent":26434,"menu_order":0,"comment_status":"closed","ping_status":"closed","template":"","meta":{"footnotes":""},"class_list":["post-26654","page","type-page","status-publish","has-post-thumbnail"],"publishpress_future_action":{"enabled":false,"date":"2026-04-21 13:34:32","action":"change-status","newStatus":"draft","terms":[],"taxonomy":"translation_priority","extraData":[]},"publishpress_future_workflow_manual_trigger":{"enabledWorkflows":[]},"_links":{"self":[{"href":"https:\/\/work-stuff.com\/fr\/wp-json\/wp\/v2\/pages\/26654","targetHints":{"allow":["GET"]}}],"collection":[{"href":"https:\/\/work-stuff.com\/fr\/wp-json\/wp\/v2\/pages"}],"about":[{"href":"https:\/\/work-stuff.com\/fr\/wp-json\/wp\/v2\/types\/page"}],"author":[{"embeddable":true,"href":"https:\/\/work-stuff.com\/fr\/wp-json\/wp\/v2\/users\/1"}],"replies":[{"embeddable":true,"href":"https:\/\/work-stuff.com\/fr\/wp-json\/wp\/v2\/comments?post=26654"}],"version-history":[{"count":11,"href":"https:\/\/work-stuff.com\/fr\/wp-json\/wp\/v2\/pages\/26654\/revisions"}],"predecessor-version":[{"id":35229,"href":"https:\/\/work-stuff.com\/fr\/wp-json\/wp\/v2\/pages\/26654\/revisions\/35229"}],"up":[{"embeddable":true,"href":"https:\/\/work-stuff.com\/fr\/wp-json\/wp\/v2\/pages\/26434"}],"wp:featuredmedia":[{"embeddable":true,"href":"https:\/\/work-stuff.com\/fr\/wp-json\/wp\/v2\/media\/26660"}],"wp:attachment":[{"href":"https:\/\/work-stuff.com\/fr\/wp-json\/wp\/v2\/media?parent=26654"}],"curies":[{"name":"wp","href":"https:\/\/api.w.org\/{rel}","templated":true}]}}