{"id":27594,"date":"2025-03-05T01:28:46","date_gmt":"2025-03-05T00:28:46","guid":{"rendered":"https:\/\/work-stuff.com\/privacy-policy\/"},"modified":"2025-03-05T01:28:53","modified_gmt":"2025-03-05T00:28:53","slug":"privacy-policy","status":"publish","type":"page","link":"https:\/\/work-stuff.com\/fr\/privacy-policy\/","title":{"rendered":"Privacy Policy"},"content":{"rendered":"[vc_row type=&#8221;in_container&#8221; full_screen_row_position=&#8221;middle&#8221; column_margin=&#8221;default&#8221; column_direction=&#8221;default&#8221; column_direction_tablet=&#8221;default&#8221; column_direction_phone=&#8221;default&#8221; scene_position=&#8221;center&#8221; text_color=&#8221;dark&#8221; text_align=&#8221;left&#8221; row_border_radius=&#8221;none&#8221; row_border_radius_applies=&#8221;bg&#8221; overflow=&#8221;visible&#8221; overlay_strength=&#8221;0.3&#8243; gradient_direction=&#8221;left_to_right&#8221; shape_divider_position=&#8221;bottom&#8221; bg_image_animation=&#8221;none&#8221;][vc_column column_padding=&#8221;no-extra-padding&#8221; column_padding_tablet=&#8221;inherit&#8221; column_padding_phone=&#8221;inherit&#8221; column_padding_position=&#8221;all&#8221; column_element_direction_desktop=&#8221;default&#8221; column_element_spacing=&#8221;default&#8221; desktop_text_alignment=&#8221;default&#8221; tablet_text_alignment=&#8221;default&#8221; phone_text_alignment=&#8221;default&#8221; background_color_opacity=&#8221;1&#8243; background_hover_color_opacity=&#8221;1&#8243; column_backdrop_filter=&#8221;none&#8221; column_shadow=&#8221;none&#8221; column_border_radius=&#8221;none&#8221; column_link_target=&#8221;_self&#8221; column_position=&#8221;default&#8221; gradient_direction=&#8221;left_to_right&#8221; overlay_strength=&#8221;0.3&#8243; width=&#8221;1\/1&#8243; tablet_width_inherit=&#8221;default&#8221; animation_type=&#8221;default&#8221; bg_image_animation=&#8221;none&#8221; border_type=&#8221;simple&#8221; column_border_width=&#8221;none&#8221; column_border_style=&#8221;solid&#8221;][vc_column_text css=&#8221;&#8221; text_direction=&#8221;default&#8221;]\n\n<h1 class=\"wp-block-heading\" data-start=\"227\" data-end=\"249\"><span style=\"color: #fbb921;\"><strong data-start=\"229\" data-end=\"247\">Privacy Policy<\/strong><\/span><\/h1>\n<h2 data-start=\"251\" data-end=\"270\"><span style=\"color: #fbb921;\"><strong data-start=\"254\" data-end=\"268\">Qui sommes-nous ?<\/strong><\/span><\/h2>\n<p data-start=\"271\" data-end=\"473\"><span style=\"color: #ffffff;\">This Privacy Policy applies to the website <strong data-start=\"314\" data-end=\"336\"><a style=\"color: #ffffff;\" href=\"http:\/\/www.work-stuff.com\" target=\"_new\" rel=\"dofollow noopener\" data-start=\"316\" data-end=\"334\">www.work-stuff.com<\/a><\/strong>, operated by <strong data-start=\"350\" data-end=\"382\">WORK STUFF Sp. z o.o. Sp. k.<\/strong> (NIP: 7773295478), with a registered office at <strong data-start=\"430\" data-end=\"470\">ul. Nowa 47, 62-070 Pal\u0119dzie, Poland<\/strong>.<\/span><\/p>\n<h2 data-start=\"475\" data-end=\"521\"><span style=\"color: #fbb921;\"><strong data-start=\"478\" data-end=\"519\">Quelles sont les donn\u00e9es personnelles que nous collectons et pourquoi ?<\/strong><\/span><\/h2>\n<p data-start=\"523\" data-end=\"620\"><span style=\"color: #ffffff;\">We collect only the data necessary for the proper functioning of this Website and our services:<\/span><\/p>\n<h3 data-start=\"622\" data-end=\"660\"><span style=\"color: #ffffff;\">\ud83d\udd39 <strong data-start=\"629\" data-end=\"658\">Donn\u00e9es personnelles que vous fournissez<\/strong><\/span><\/h3>\n<ul data-start=\"661\" data-end=\"912\">\n<li data-start=\"661\" data-end=\"791\"><span style=\"color: #ffffff;\"><strong data-start=\"663\" data-end=\"679\">Contact Form<\/strong>: When users fill out a contact form, we collect <strong data-start=\"728\" data-end=\"764\">name, email, and message content<\/strong> to respond to inquiries.<\/span><\/li>\n<li data-start=\"792\" data-end=\"912\"><span style=\"color: #ffffff;\"><strong data-start=\"794\" data-end=\"833\">Account Information (if applicable)<\/strong>: If user registration is available in the future, we may store profile data.<\/span><\/li>\n<\/ul>\n<h3 data-start=\"914\" data-end=\"955\"><span style=\"color: #ffffff;\">\ud83d\udd39 <strong data-start=\"921\" data-end=\"953\">Donn\u00e9es collect\u00e9es automatiquement<\/strong><\/span><\/h3>\n<ul data-start=\"956\" data-end=\"1195\">\n<li data-start=\"956\" data-end=\"1095\"><span style=\"color: #ffffff;\"><strong data-start=\"958\" data-end=\"983\">Technical Information<\/strong>: Includes IP address, browser type, device information, and session data for security and analytics purposes.<\/span><\/li>\n<li data-start=\"1096\" data-end=\"1195\"><span style=\"color: #ffffff;\"><strong data-start=\"1098\" data-end=\"1118\">Geolocation Data<\/strong>: If allowed by the user, we use it to direct them to authorized resellers.<\/span><\/li>\n<\/ul>\n<h3 data-start=\"1197\" data-end=\"1217\"><span style=\"color: #ffffff;\">\ud83d\udd39 <strong data-start=\"1204\" data-end=\"1215\">Cookies<\/strong><\/span><\/h3>\n<p data-start=\"1218\" data-end=\"1395\"><span style=\"color: #ffffff;\">This Website uses cookies to improve navigation and functionality. Users can manage cookie preferences in their browser settings. For more details, see our <a style=\"color: #ffffff;\" href=\"#\" rel=\"noopener\" data-start=\"1374\" data-end=\"1392\">Cookie Policy<\/a>.<\/span><\/p>\n<h2 data-start=\"1397\" data-end=\"1426\"><span style=\"color: #fbb921;\"><strong data-start=\"1400\" data-end=\"1424\">Comment nous utilisons vos donn\u00e9es<\/strong><\/span><\/h2>\n<p data-start=\"1427\" data-end=\"1728\"><span style=\"color: #ffffff;\">We process collected data for the following purposes:<\/span><br data-start=\"1480\" data-end=\"1483\"\/><span style=\"color: #ffffff;\">\u2714\ufe0f Responding to inquiries submitted via the contact form.<\/span><br data-start=\"1541\" data-end=\"1544\"\/><span style=\"color: #ffffff;\">\u2714\ufe0f Providing location-based redirections to authorized resellers.<\/span><br data-start=\"1609\" data-end=\"1612\"\/><span style=\"color: #ffffff;\">\u2714\ufe0f Improving user experience and website performance.<\/span><br data-start=\"1665\" data-end=\"1668\"\/><span style=\"color: #ffffff;\">\u2714\ufe0f Ensuring security and preventing fraudulent activities.<\/span><\/p>\n<h2 data-start=\"1730\" data-end=\"1775\"><span style=\"color: #fbb921;\"><strong data-start=\"1733\" data-end=\"1773\">Contenu int\u00e9gr\u00e9 d&#8217;autres sites web<\/strong><\/span><\/h2>\n<p data-start=\"1776\" data-end=\"2035\"><span style=\"color: #ffffff;\">Articles on this Website may include embedded content (e.g., videos, images, or articles). Embedded content from other websites behaves as if the visitor has accessed the external website directly, which may collect data, use cookies, or track interactions.<\/span><\/p>\n<h2 data-start=\"2037\" data-end=\"2074\"><span style=\"color: #fbb921;\"><strong data-start=\"2040\" data-end=\"2072\">Dur\u00e9e de conservation de vos donn\u00e9es<\/strong><\/span><\/h2>\n<ul data-start=\"2075\" data-end=\"2290\">\n<li data-start=\"2075\" data-end=\"2124\"><span style=\"color: #ffffff;\">Contact form submissions: <strong data-start=\"2103\" data-end=\"2121\">Up to 6 months<\/strong>.<\/span><\/li>\n<li data-start=\"2125\" data-end=\"2179\"><span style=\"color: #ffffff;\">Technical and analytics data: <strong data-start=\"2157\" data-end=\"2176\">Up to 12 months<\/strong>.<\/span><\/li>\n<li data-start=\"2180\" data-end=\"2290\"><span style=\"color: #ffffff;\">If user registration is available, personal information will be retained as long as the account is active.<\/span><\/li>\n<\/ul>\n<h2 data-start=\"2292\" data-end=\"2327\"><span style=\"color: #fbb921;\"><strong data-start=\"2295\" data-end=\"2325\">Vos droits sur vos donn\u00e9es<\/strong><\/span><\/h2>\n<p data-start=\"2328\" data-end=\"2581\"><span style=\"color: #ffffff;\">Under the <strong data-start=\"2338\" data-end=\"2346\">GDPR<\/strong>, users have the right to:<\/span><br data-start=\"2372\" data-end=\"2375\"\/><span style=\"color: #ffffff;\">\ud83d\udd39 Access their personal data.<\/span><br data-start=\"2405\" data-end=\"2408\"\/><span style=\"color: #ffffff;\">\ud83d\udd39 Request corrections to inaccurate data.<\/span><br data-start=\"2450\" data-end=\"2453\"\/><span style=\"color: #ffffff;\">\ud83d\udd39 Request the deletion of their data.<\/span><br data-start=\"2491\" data-end=\"2494\"\/><span style=\"color: #ffffff;\">\ud83d\udd39 Restrict or object to the processing of their data.<\/span><br data-start=\"2548\" data-end=\"2551\"\/><span style=\"color: #ffffff;\">\ud83d\udd39 Request data portability.<\/span><\/p>\n<p data-start=\"2583\" data-end=\"2713\"><span style=\"color: #ffffff;\">To exercise these rights, please contact us at <strong data-start=\"2630\" data-end=\"2658\"><a style=\"color: #ffffff;\" rel=\"noopener\" data-start=\"2632\" data-end=\"2656\">workstuff@work-stuff.com<\/a><\/strong>. Proof of identity may be required for verification.<\/span><\/p>\n<h2 data-start=\"2715\" data-end=\"2751\"><span style=\"color: #fbb921;\"><strong data-start=\"2718\" data-end=\"2749\">Avec qui nous partageons vos donn\u00e9es<\/strong><\/span><\/h2>\n<p data-start=\"2752\" data-end=\"2859\"><span style=\"color: #ffffff;\">We <strong data-start=\"2755\" data-end=\"2787\">do not sell, trade, or share<\/strong> your personal data with third parties, except in the following cases:<\/span><\/p>\n<ul data-start=\"2860\" data-end=\"3017\">\n<li data-start=\"2860\" data-end=\"2911\"><span style=\"color: #ffffff;\">When required by law or regulatory authorities.<\/span><\/li>\n<li data-start=\"2912\" data-end=\"3017\"><span style=\"color: #ffffff;\">With trusted service providers (e.g., hosting, payment processors) strictly for operational purposes.<\/span><\/li>\n<\/ul>\n<h2 data-start=\"3019\" data-end=\"3041\"><span style=\"color: #fbb921;\"><strong data-start=\"3022\" data-end=\"3039\">S\u00e9curit\u00e9 des donn\u00e9es<\/strong><\/span><\/h2>\n<p data-start=\"3042\" data-end=\"3249\"><span style=\"color: #ffffff;\">We have implemented appropriate security measures to protect your personal data from unauthorized access, misuse, accidental loss, or destruction. Our security protocols are regularly reviewed and updated.<\/span><\/p>\n<h2 data-start=\"3251\" data-end=\"3283\"><span style=\"color: #fbb921;\"><strong data-start=\"3254\" data-end=\"3281\">O\u00f9 sont envoy\u00e9es vos donn\u00e9es<\/strong><\/span><\/h2>\n<ul data-start=\"3284\" data-end=\"3434\">\n<li data-start=\"3284\" data-end=\"3377\"><span style=\"color: #ffffff;\">Visitor comments (if enabled) may be checked through an automated spam detection service.<\/span><\/li>\n<li data-start=\"3378\" data-end=\"3434\"><span style=\"color: #ffffff;\">Contact form data is stored securely on our servers.<\/span><\/li>\n<\/ul>\n<h2 data-start=\"3436\" data-end=\"3473\"><span style=\"color: #fbb921;\"><strong data-start=\"3439\" data-end=\"3471\">Modifications de la pr\u00e9sente politique<\/strong><\/span><\/h2>\n<p data-start=\"3474\" data-end=\"3666\"><span style=\"color: #ffffff;\">We reserve the right to modify this Privacy Policy at any time to ensure compliance with new regulations or updates to our services. The latest version will always be available on this page.<\/span><\/p>\n<p data-start=\"3668\" data-end=\"3790\"><span style=\"color: #ffffff;\">\ud83d\udce9 <strong data-start=\"3671\" data-end=\"3685\">Contact Us<\/strong>: If you have any questions about this Privacy Policy, please email us at <strong data-start=\"3759\" data-end=\"3787\"><a style=\"color: #ffffff;\" rel=\"noopener\" data-start=\"3761\" data-end=\"3785\">workstuff@work-stuff.com<\/a><\/strong>.<\/span><\/p>\n<p data-start=\"3838\" data-end=\"4228\">\n<\/p>[\/vc_column_text][\/vc_column][\/vc_row]\n","protected":false},"excerpt":{"rendered":"<p>[vc_row type=&#8221;in_container&#8221; full_screen_row_position=&#8221;middle&#8221; column_margin=&#8221;default&#8221; column_direction=&#8221;default&#8221; column_direction_tablet=&#8221;default&#8221; column_direction_phone=&#8221;default&#8221; scene_position=&#8221;center&#8221; text_color=&#8221;dark&#8221; text_align=&#8221;left&#8221; row_border_radius=&#8221;none&#8221; row_border_radius_applies=&#8221;bg&#8221; overflow=&#8221;visible&#8221; overlay_strength=&#8221;0.3&#8243; gradient_direction=&#8221;left_to_right&#8221; shape_divider_position=&#8221;bottom&#8221; bg_image_animation=&#8221;none&#8221;][vc_column column_padding=&#8221;no-extra-padding&#8221; column_padding_tablet=&#8221;inherit&#8221; column_padding_phone=&#8221;inherit&#8221; column_padding_position=&#8221;all&#8221; column_element_direction_desktop=&#8221;default&#8221; column_element_spacing=&#8221;default&#8221; desktop_text_alignment=&#8221;default&#8221; tablet_text_alignment=&#8221;default&#8221; phone_text_alignment=&#8221;default&#8221; background_color_opacity=&#8221;1&#8243; background_hover_color_opacity=&#8221;1&#8243; column_backdrop_filter=&#8221;none&#8221; column_shadow=&#8221;none&#8221;&#8230;<\/p>\n","protected":false},"author":2,"featured_media":0,"parent":0,"menu_order":0,"comment_status":"closed","ping_status":"closed","template":"","meta":{"footnotes":""},"class_list":["post-27594","page","type-page","status-publish"],"publishpress_future_action":{"enabled":false,"date":"2026-04-21 13:06:44","action":"change-status","newStatus":"draft","terms":[],"taxonomy":"translation_priority","extraData":[]},"publishpress_future_workflow_manual_trigger":{"enabledWorkflows":[]},"_links":{"self":[{"href":"https:\/\/work-stuff.com\/fr\/wp-json\/wp\/v2\/pages\/27594","targetHints":{"allow":["GET"]}}],"collection":[{"href":"https:\/\/work-stuff.com\/fr\/wp-json\/wp\/v2\/pages"}],"about":[{"href":"https:\/\/work-stuff.com\/fr\/wp-json\/wp\/v2\/types\/page"}],"author":[{"embeddable":true,"href":"https:\/\/work-stuff.com\/fr\/wp-json\/wp\/v2\/users\/2"}],"replies":[{"embeddable":true,"href":"https:\/\/work-stuff.com\/fr\/wp-json\/wp\/v2\/comments?post=27594"}],"version-history":[{"count":1,"href":"https:\/\/work-stuff.com\/fr\/wp-json\/wp\/v2\/pages\/27594\/revisions"}],"predecessor-version":[{"id":27595,"href":"https:\/\/work-stuff.com\/fr\/wp-json\/wp\/v2\/pages\/27594\/revisions\/27595"}],"wp:attachment":[{"href":"https:\/\/work-stuff.com\/fr\/wp-json\/wp\/v2\/media?parent=27594"}],"curies":[{"name":"wp","href":"https:\/\/api.w.org\/{rel}","templated":true}]}}