{"id":27602,"date":"2025-03-05T01:52:01","date_gmt":"2025-03-05T00:52:01","guid":{"rendered":"https:\/\/work-stuff.com\/avis-legal\/"},"modified":"2025-03-05T01:52:10","modified_gmt":"2025-03-05T00:52:10","slug":"avis-legal","status":"publish","type":"page","link":"https:\/\/work-stuff.com\/fr\/avis-legal\/","title":{"rendered":"Avis Legal"},"content":{"rendered":"[vc_row type=&#8221;in_container&#8221; full_screen_row_position=&#8221;middle&#8221; column_margin=&#8221;default&#8221; column_direction=&#8221;default&#8221; column_direction_tablet=&#8221;default&#8221; column_direction_phone=&#8221;default&#8221; scene_position=&#8221;center&#8221; text_color=&#8221;dark&#8221; text_align=&#8221;left&#8221; row_border_radius=&#8221;none&#8221; row_border_radius_applies=&#8221;bg&#8221; overflow=&#8221;visible&#8221; overlay_strength=&#8221;0.3&#8243; gradient_direction=&#8221;left_to_right&#8221; shape_divider_position=&#8221;bottom&#8221; bg_image_animation=&#8221;none&#8221;][vc_column column_padding=&#8221;no-extra-padding&#8221; column_padding_tablet=&#8221;inherit&#8221; column_padding_phone=&#8221;inherit&#8221; column_padding_position=&#8221;all&#8221; column_element_direction_desktop=&#8221;default&#8221; column_element_spacing=&#8221;default&#8221; desktop_text_alignment=&#8221;default&#8221; tablet_text_alignment=&#8221;default&#8221; phone_text_alignment=&#8221;default&#8221; background_color_opacity=&#8221;1&#8243; background_hover_color_opacity=&#8221;1&#8243; column_backdrop_filter=&#8221;none&#8221; column_shadow=&#8221;none&#8221; column_border_radius=&#8221;none&#8221; column_link_target=&#8221;_self&#8221; column_position=&#8221;default&#8221; gradient_direction=&#8221;left_to_right&#8221; overlay_strength=&#8221;0.3&#8243; width=&#8221;1\/6&#8243; tablet_width_inherit=&#8221;default&#8221; animation_type=&#8221;default&#8221; bg_image_animation=&#8221;none&#8221; border_type=&#8221;simple&#8221; column_border_width=&#8221;none&#8221; column_border_style=&#8221;solid&#8221;][\/vc_column][vc_column column_padding=&#8221;no-extra-padding&#8221; column_padding_tablet=&#8221;inherit&#8221; column_padding_phone=&#8221;inherit&#8221; column_padding_position=&#8221;all&#8221; column_element_direction_desktop=&#8221;default&#8221; column_element_spacing=&#8221;default&#8221; desktop_text_alignment=&#8221;default&#8221; tablet_text_alignment=&#8221;default&#8221; phone_text_alignment=&#8221;default&#8221; background_color_opacity=&#8221;1&#8243; background_hover_color_opacity=&#8221;1&#8243; column_backdrop_filter=&#8221;none&#8221; column_shadow=&#8221;none&#8221; column_border_radius=&#8221;none&#8221; column_link_target=&#8221;_self&#8221; column_position=&#8221;default&#8221; gradient_direction=&#8221;left_to_right&#8221; overlay_strength=&#8221;0.3&#8243; width=&#8221;2\/3&#8243; tablet_width_inherit=&#8221;default&#8221; animation_type=&#8221;default&#8221; bg_image_animation=&#8221;none&#8221; border_type=&#8221;simple&#8221; column_border_width=&#8221;none&#8221; column_border_style=&#8221;solid&#8221;][vc_column_text css=&#8221;&#8221; text_direction=&#8221;default&#8221;]\n<h1 data-start=\"165\" data-end=\"185\"><span style=\"color: #fbb921;\"><strong data-start=\"167\" data-end=\"183\">Avis Legal<\/strong><\/span><\/h1>\n<h2 data-start=\"187\" data-end=\"223\"><span style=\"color: #ffffff;\"><strong data-start=\"190\" data-end=\"221\">1. Propri\u00e9t\u00e9 du site web<\/strong><\/span><\/h2>\n<p data-start=\"224\" data-end=\"371\"><span style=\"color: #ffffff;\">Le pr\u00e9sent avis juridique (<strong data-start=\"243\" data-end=\"261\">&#8220;Avis juridique&#8221;<\/strong>) r\u00e9git l&#8217;utilisation du site web <strong data-start=\"294\" data-end=\"316\"><a style=\"color: #ffffff;\" href=\"http:\/\/www.work-stuff.com\" target=\"_new\" rel=\"dofollow noopener\" data-start=\"296\" data-end=\"314\">www.work-stuff.com<\/a><\/strong> (le <strong data-start=\"322\" data-end=\"335\">&#8220;site web&#8221;<\/strong>), qui est d\u00e9tenu et exploit\u00e9 par :<\/span><\/p>\n<p data-start=\"373\" data-end=\"549\"><span style=\"color: #ffffff;\">\ud83d\udccc  <strong data-start=\"376\" data-end=\"408\">WORK STUFF Sp. z o.o. Sp. k.  <\/strong><\/span><br data-start=\"408\" data-end=\"411\"><span style=\"color: #ffffff;\">\ud83d\udccc <strong data-start=\"414\" data-end=\"422\">PNM :<\/strong> 7773295478<\/span><br data-start=\"433\" data-end=\"436\"><span style=\"color: #ffffff;\">\ud83d\udccc <strong data-start=\"439\" data-end=\"461\">Si\u00e8ge social :<\/strong> ul. Nowa 47, 62-070 Pal\u0119dzie, Pologne <\/span><br data-start=\"498\" data-end=\"501\"><span style=\"color: #ffffff;\">\ud83d\udccc <strong data-start=\"504\" data-end=\"522\">Courriel de contact :<\/strong> <a style=\"color: #ffffff;\" rel=\"noopener\" data-start=\"523\" data-end=\"547\">workstuff@work-stuff.com<\/a><\/span><\/p>\n<p data-start=\"551\" data-end=\"649\"><span style=\"color: #ffffff;\">En acc\u00e9dant \u00e0 ce site web, vous acceptez de vous conformer aux conditions \u00e9nonc\u00e9es dans le pr\u00e9sent <strong data-start=\"630\" data-end=\"646\">avis juridique.<\/strong><\/span><\/p>\n<hr data-start=\"651\" data-end=\"656\">\n<h2 data-start=\"658\" data-end=\"707\"><span style=\"color: #ffffff;\"><strong data-start=\"661\" data-end=\"705\">2. L\u00e9gislation et juridiction applicables<\/strong><\/span><\/h2>\n<p data-start=\"708\" data-end=\"995\"><span style=\"color: #ffffff;\">La relation entre  <strong data-start=\"733\" data-end=\"765\">WORK STUFF Sp. z o.o. Sp. k.  <\/strong>  et les utilisateurs de ce site web est r\u00e9gi par le <strong data-start=\"811\" data-end=\"825\">droit polonais<\/strong>. Tout litige d\u00e9coulant de l&#8217;interpr\u00e9tation ou de l&#8217;ex\u00e9cution des pr\u00e9sentes conditions sera soumis aux <strong data-start=\"926\" data-end=\"946\">tribunaux polonais<\/strong>, sauf disposition contraire des lois applicables. <\/span><\/p>\n<hr data-start=\"997\" data-end=\"1002\">\n<h2 data-start=\"1004\" data-end=\"1050\"><span style=\"color: #ffffff;\"><strong data-start=\"1007\" data-end=\"1048\">3. Propri\u00e9t\u00e9 intellectuelle et droits d&#8217;auteur<\/strong><\/span><\/h2>\n<ul data-start=\"1051\" data-end=\"1457\">\n<li data-start=\"1051\" data-end=\"1249\"><span style=\"color: #ffffff;\">Tous les <strong data-start=\"1057\" data-end=\"1102\">logos, marques, images, textes et codes<\/strong> affich\u00e9s sur ce site web sont la propri\u00e9t\u00e9 exclusive de  <strong data-start=\"1159\" data-end=\"1191\">WORK STUFF Sp. z o.o. Sp. k.  <\/strong>  et sont prot\u00e9g\u00e9s par les <strong data-start=\"1216\" data-end=\"1246\">lois sur la propri\u00e9t\u00e9 intellectuelle<\/strong>.<\/span><\/li>\n<li data-start=\"1250\" data-end=\"1354\"><span style=\"color: #ffffff;\">La <strong data-start=\"1265\" data-end=\"1312\">reproduction, la modification ou la distribution<\/strong> non autoris\u00e9e de ce contenu est strictement interdite.<\/span><\/li>\n<li data-start=\"1355\" data-end=\"1457\"><span style=\"color: #ffffff;\">Les marques commerciales de tiers ou les noms de marques affich\u00e9s sur ce site Web appartiennent \u00e0 leurs propri\u00e9taires respectifs.<\/span><\/li>\n<\/ul>\n<hr data-start=\"1459\" data-end=\"1464\">\n<h2 data-start=\"1466\" data-end=\"1505\"><span style=\"color: #ffffff;\"><strong data-start=\"1469\" data-end=\"1503\">4. Contenu du site web et responsabilit\u00e9<\/strong><\/span><\/h2>\n<ul data-start=\"1506\" data-end=\"1876\">\n<li data-start=\"1506\" data-end=\"1590\"><span style=\"color: #ffffff;\">Les informations fournies sur ce site Internet le sont \u00e0 titre <strong data-start=\"1556\" data-end=\"1587\">informatif uniquement<\/strong>.<\/span><\/li>\n<li data-start=\"1591\" data-end=\"1669\"><span style=\"color: #ffffff;\">Nous <strong data-start=\"1596\" data-end=\"1617\">nous r\u00e9servons le droit de<\/strong> modifier ou de mettre \u00e0 jour le contenu sans pr\u00e9avis.<\/span><\/li>\n<li data-start=\"1670\" data-end=\"1876\"><span style=\"color: #ffffff;\"><strong data-start=\"1672\" data-end=\"1705\">Work Stuff n&#8217;est pas responsable :<\/strong><\/span><br data-start=\"1705\" data-end=\"1708\"><span style=\"color: #ffffff;\">\u2714\ufe0f d&#8217;\u00e9ventuelles inexactitudes ou informations p\u00e9rim\u00e9es.<\/span><br data-start=\"1759\" data-end=\"1762\"><span style=\"color: #ffffff;\">\u2714\ufe0f des interruptions, des failles de s\u00e9curit\u00e9 ou des erreurs sur le site Web<\/span><br data-start=\"1826\" data-end=\"1829\"><span style=\"color: #ffffff;\">\u2714\ufe0f de l&#8217;utilisation abusive par l&#8217;utilisateur des informations fournies.<\/span><\/li>\n<\/ul>\n<hr data-start=\"1878\" data-end=\"1883\">\n<h2 data-start=\"1885\" data-end=\"1935\"><span style=\"color: #ffffff;\"><strong data-start=\"1888\" data-end=\"1933\">5. Revendeurs tiers et liens externes<\/strong><\/span><\/h2>\n<ul data-start=\"1936\" data-end=\"2366\">\n<li data-start=\"1936\" data-end=\"2041\"><span style=\"color: #ffffff;\">Ce site Web peut <strong data-start=\"1955\" data-end=\"1998\">rediriger les utilisateurs vers des revendeurs tiers<\/strong> o\u00f9 les produits Work Stuff sont disponibles.<\/span><\/li>\n<li data-start=\"2042\" data-end=\"2255\"><span style=\"color: #ffffff;\">Work Stuff <strong data-start=\"2055\" data-end=\"2077\">n&#8217;est pas responsable<\/strong> de :<\/span><br data-start=\"2082\" data-end=\"2085\"><span style=\"color: #ffffff;\">\ud83d\udd39 Les transactions, les garanties, les retours ou le soutien \u00e0 la client\u00e8le fournis par des revendeurs tiers.<\/span><br data-start=\"2179\" data-end=\"2182\"><span style=\"color: #ffffff;\">\ud83d\udd39 Le contenu, les politiques ou les pratiques de s\u00e9curit\u00e9 des sites Web externes.<\/span><\/li>\n<li data-start=\"2256\" data-end=\"2366\"><span style=\"color: #ffffff;\">Les utilisateurs doivent examiner attentivement les <strong data-start=\"2292\" data-end=\"2314\">conditions g\u00e9n\u00e9rales<\/strong> des plateformes tierces avant d&#8217;effectuer des achats.<\/span><\/li>\n<\/ul>\n<hr data-start=\"2368\" data-end=\"2373\">\n<h2 data-start=\"2375\" data-end=\"2412\"><span style=\"color: #ffffff;\"><strong data-start=\"2378\" data-end=\"2410\">6. Protection des donn\u00e9es et de la vie priv\u00e9e<\/strong><\/span><\/h2>\n<ul data-start=\"2413\" data-end=\"2827\">\n<li data-start=\"2413\" data-end=\"2522\"><span style=\"color: #ffffff;\">Work Stuff <strong data-start=\"2426\" data-end=\"2451\">respecte la vie priv\u00e9e des utilisateurs<\/strong> et se conforme au <strong data-start=\"2474\" data-end=\"2519\">r\u00e8glement g\u00e9n\u00e9ral sur la protection des donn\u00e9es (RGPD)<\/strong>.<\/span><\/li>\n<li data-start=\"2523\" data-end=\"2744\"><span style=\"color: #ffffff;\">Toutes les donn\u00e9es personnelles collect\u00e9es sont trait\u00e9es conform\u00e9ment \u00e0 notre <strong data-start=\"2581\" data-end=\"2604\"><a style=\"color: #ffffff;\" href=\"#\" rel=\"noopener\" data-start=\"2583\" data-end=\"2602\">politique de confidentialit\u00e9<\/a><\/strong>qui d\u00e9taille<\/span><br data-start=\"2620\" data-end=\"2623\"><span style=\"color: #ffffff;\">\u2714\ufe0f les donn\u00e9es que nous collectons<\/span><br data-start=\"2649\" data-end=\"2652\"><span style=\"color: #ffffff;\">\u2714\ufe0f Comment nous utilisons, conservons et prot\u00e9geons vos donn\u00e9es.<\/span><br data-start=\"2698\" data-end=\"2701\"><span style=\"color: #ffffff;\">\u2714\ufe0f Vos droits en mati\u00e8re de donn\u00e9es personnelles.<\/span><\/li>\n<li data-start=\"2745\" data-end=\"2827\"><span style=\"color: #ffffff;\">Pour toute question concernant vos donn\u00e9es, contactez-nous \u00e0 l&#8217;adresse suivante <strong data-start=\"2796\" data-end=\"2824\"><a style=\"color: #ffffff;\" rel=\"noopener\" data-start=\"2798\" data-end=\"2822\">workstuff@work-stuff.com<\/a><\/strong>.<\/span><\/li>\n<\/ul>\n<hr data-start=\"2829\" data-end=\"2834\">\n<h2 data-start=\"2836\" data-end=\"2862\"><span style=\"color: #ffffff;\"><strong data-start=\"2839\" data-end=\"2860\">7. Politique en mati\u00e8re de cookies<\/strong><\/span><\/h2>\n<ul data-start=\"2863\" data-end=\"3075\">\n<li data-start=\"2863\" data-end=\"2942\"><span style=\"color: #ffffff;\">Ce site Web <strong data-start=\"2878\" data-end=\"2894\">utilise des cookies<\/strong> pour am\u00e9liorer la fonctionnalit\u00e9 et l&#8217;exp\u00e9rience de l&#8217;utilisateur.<\/span><\/li>\n<li data-start=\"2943\" data-end=\"3014\"><span style=\"color: #ffffff;\">Les utilisateurs peuvent g\u00e9rer ou d\u00e9sactiver les cookies par le biais des param\u00e8tres de leur navigateur.<\/span><\/li>\n<li data-start=\"3015\" data-end=\"3075\"><span style=\"color: #ffffff;\">Vous trouverez plus de d\u00e9tails dans notre <strong data-start=\"3050\" data-end=\"3072\"><a style=\"color: #ffffff;\" href=\"#\" rel=\"noopener\" data-start=\"3052\" data-end=\"3070\">Politique en mati\u00e8re de cookies<\/a><\/strong>.<\/span><\/li>\n<\/ul>\n<hr data-start=\"3077\" data-end=\"3082\">\n<h2 data-start=\"3084\" data-end=\"3127\"><span style=\"color: #ffffff;\"><strong data-start=\"3087\" data-end=\"3125\">8. Modifications du pr\u00e9sent avis juridique<\/strong><\/span><\/h2>\n<p data-start=\"3128\" data-end=\"3333\"><span style=\"color: #ffffff;\">Nous nous r\u00e9servons le droit de modifier les pr\u00e9sentes <strong data-start=\"3164\" data-end=\"3180\">mentions l\u00e9gales<\/strong> \u00e0 tout moment pour nous conformer aux exigences l\u00e9gales ou pour refl\u00e9ter les changements intervenus dans nos activit\u00e9s commerciales. La derni\u00e8re version sera toujours disponible sur cette page. <\/span><\/p>\n<p data-start=\"3335\" data-end=\"3413\"><span style=\"color: #ffffff;\">\ud83d\udce9 <strong data-start=\"3338\" data-end=\"3382\">Pour toute question, veuillez nous contacter \u00e0 l&#8217;adresse suivante<\/strong> <strong data-start=\"3383\" data-end=\"3411\"><a style=\"color: #ffffff;\" rel=\"noopener\" data-start=\"3385\" data-end=\"3409\">workstuff@work-stuff.com<\/a><\/strong><\/span><\/p>\n[\/vc_column_text][\/vc_column][vc_column column_padding=&#8221;no-extra-padding&#8221; column_padding_tablet=&#8221;inherit&#8221; column_padding_phone=&#8221;inherit&#8221; column_padding_position=&#8221;all&#8221; column_element_direction_desktop=&#8221;default&#8221; column_element_spacing=&#8221;default&#8221; desktop_text_alignment=&#8221;default&#8221; tablet_text_alignment=&#8221;default&#8221; phone_text_alignment=&#8221;default&#8221; background_color_opacity=&#8221;1&#8243; background_hover_color_opacity=&#8221;1&#8243; column_backdrop_filter=&#8221;none&#8221; column_shadow=&#8221;none&#8221; column_border_radius=&#8221;none&#8221; column_link_target=&#8221;_self&#8221; column_position=&#8221;default&#8221; gradient_direction=&#8221;left_to_right&#8221; overlay_strength=&#8221;0.3&#8243; width=&#8221;1\/6&#8243; tablet_width_inherit=&#8221;default&#8221; animation_type=&#8221;default&#8221; bg_image_animation=&#8221;none&#8221; border_type=&#8221;simple&#8221; column_border_width=&#8221;none&#8221; column_border_style=&#8221;solid&#8221;][\/vc_column][\/vc_row]\n","protected":false},"excerpt":{"rendered":"<p>[vc_row type=&#8221;in_container&#8221; full_screen_row_position=&#8221;middle&#8221; column_margin=&#8221;default&#8221; column_direction=&#8221;default&#8221; column_direction_tablet=&#8221;default&#8221; column_direction_phone=&#8221;default&#8221; scene_position=&#8221;center&#8221; text_color=&#8221;dark&#8221; text_align=&#8221;left&#8221; row_border_radius=&#8221;none&#8221; row_border_radius_applies=&#8221;bg&#8221; overflow=&#8221;visible&#8221; overlay_strength=&#8221;0.3&#8243; gradient_direction=&#8221;left_to_right&#8221; shape_divider_position=&#8221;bottom&#8221; bg_image_animation=&#8221;none&#8221;][vc_column column_padding=&#8221;no-extra-padding&#8221; column_padding_tablet=&#8221;inherit&#8221; column_padding_phone=&#8221;inherit&#8221; column_padding_position=&#8221;all&#8221; column_element_direction_desktop=&#8221;default&#8221; column_element_spacing=&#8221;default&#8221; desktop_text_alignment=&#8221;default&#8221; tablet_text_alignment=&#8221;default&#8221; phone_text_alignment=&#8221;default&#8221; background_color_opacity=&#8221;1&#8243; background_hover_color_opacity=&#8221;1&#8243; column_backdrop_filter=&#8221;none&#8221; column_shadow=&#8221;none&#8221;&#8230;<\/p>\n","protected":false},"author":1,"featured_media":0,"parent":0,"menu_order":0,"comment_status":"closed","ping_status":"closed","template":"","meta":{"footnotes":""},"class_list":["post-27602","page","type-page","status-publish"],"publishpress_future_action":{"enabled":false,"date":"2026-04-21 11:30:00","action":"change-status","newStatus":"draft","terms":[],"taxonomy":"translation_priority","extraData":[]},"publishpress_future_workflow_manual_trigger":{"enabledWorkflows":[]},"_links":{"self":[{"href":"https:\/\/work-stuff.com\/fr\/wp-json\/wp\/v2\/pages\/27602","targetHints":{"allow":["GET"]}}],"collection":[{"href":"https:\/\/work-stuff.com\/fr\/wp-json\/wp\/v2\/pages"}],"about":[{"href":"https:\/\/work-stuff.com\/fr\/wp-json\/wp\/v2\/types\/page"}],"author":[{"embeddable":true,"href":"https:\/\/work-stuff.com\/fr\/wp-json\/wp\/v2\/users\/1"}],"replies":[{"embeddable":true,"href":"https:\/\/work-stuff.com\/fr\/wp-json\/wp\/v2\/comments?post=27602"}],"version-history":[{"count":2,"href":"https:\/\/work-stuff.com\/fr\/wp-json\/wp\/v2\/pages\/27602\/revisions"}],"predecessor-version":[{"id":27604,"href":"https:\/\/work-stuff.com\/fr\/wp-json\/wp\/v2\/pages\/27602\/revisions\/27604"}],"wp:attachment":[{"href":"https:\/\/work-stuff.com\/fr\/wp-json\/wp\/v2\/media?parent=27602"}],"curies":[{"name":"wp","href":"https:\/\/api.w.org\/{rel}","templated":true}]}}