{"id":1087,"date":"2019-02-21T08:28:12","date_gmt":"2019-02-21T07:28:12","guid":{"rendered":"http:\/\/lorem.pl\/workstuff\/?page_id=1087"},"modified":"2026-03-13T08:15:18","modified_gmt":"2026-03-13T07:15:18","slug":"typhoon-wash-pad","status":"publish","type":"page","link":"https:\/\/work-stuff.com\/pl\/produkty\/mycie\/typhoon-wash-pad\/","title":{"rendered":"TYPHOON WASH PAD"},"content":{"rendered":"[vc_row type=&#8221;full_width_background&#8221; full_screen_row_position=&#8221;middle&#8221; column_margin=&#8221;default&#8221; column_direction=&#8221;default&#8221; column_direction_tablet=&#8221;default&#8221; column_direction_phone=&#8221;default&#8221; bg_color=&#8221;#212121&#8243; bg_image=&#8221;21832&#8243; bg_position=&#8221;left top&#8221; background_image_loading=&#8221;lazy-load&#8221; bg_repeat=&#8221;no-repeat&#8221; scene_position=&#8221;center&#8221; top_padding=&#8221;4%&#8221; bottom_padding=&#8221;6%&#8221; text_color=&#8221;light&#8221; text_align=&#8221;left&#8221; row_border_radius=&#8221;none&#8221; row_border_radius_applies=&#8221;bg&#8221; overflow=&#8221;visible&#8221; color_overlay=&#8221;#212121&#8243; overlay_strength=&#8221;0.8&#8243; gradient_direction=&#8221;left_to_right&#8221; shape_divider_position=&#8221;bottom&#8221; bg_image_animation=&#8221;none&#8221; parallax_bg=&#8221;true&#8221; parallax_bg_speed=&#8221;fast&#8221; shape_type=&#8221;&#8221; gradient_type=&#8221;default&#8221;][vc_column column_padding=&#8221;no-extra-padding&#8221; column_padding_tablet=&#8221;inherit&#8221; column_padding_phone=&#8221;inherit&#8221; column_padding_position=&#8221;all&#8221; column_element_direction_desktop=&#8221;default&#8221; column_element_spacing=&#8221;default&#8221; desktop_text_alignment=&#8221;default&#8221; tablet_text_alignment=&#8221;default&#8221; phone_text_alignment=&#8221;default&#8221; background_color_opacity=&#8221;1&#8243; background_hover_color_opacity=&#8221;1&#8243; column_backdrop_filter=&#8221;none&#8221; column_shadow=&#8221;none&#8221; column_border_radius=&#8221;none&#8221; column_link_target=&#8221;_self&#8221; column_position=&#8221;default&#8221; gradient_direction=&#8221;left_to_right&#8221; overlay_strength=&#8221;0.3&#8243; width=&#8221;1\/1&#8243; tablet_width_inherit=&#8221;default&#8221; animation_type=&#8221;default&#8221; bg_image_animation=&#8221;none&#8221; border_type=&#8221;simple&#8221; column_border_width=&#8221;none&#8221; column_border_style=&#8221;solid&#8221;][nectar_highlighted_text text_color=&#8221;#fbb921&#8243; style=&#8221;text_outline&#8221; outline_thickness=&#8221;thick&#8221; text_direction=&#8221;default&#8221; custom_font_size=&#8221;3.5vw&#8221; font_size_phone=&#8221;2.8rem&#8221; font_line_height=&#8221;1&#8243;]\n<h1 data-product-id=\"67\"><em>TYPHOON<\/em> Pad do mycia auta z mikrofibry<\/h1>\n[\/nectar_highlighted_text][vc_row_inner column_margin=&#8221;30px&#8221; column_direction=&#8221;default&#8221; column_direction_tablet=&#8221;default&#8221; column_direction_phone=&#8221;default&#8221; text_align=&#8221;left&#8221; row_position=&#8221;default&#8221; row_position_tablet=&#8221;inherit&#8221; row_position_phone=&#8221;inherit&#8221; overflow=&#8221;visible&#8221; pointer_events=&#8221;all&#8221;][vc_column_inner column_padding=&#8221;no-extra-padding&#8221; column_padding_tablet=&#8221;inherit&#8221; column_padding_phone=&#8221;inherit&#8221; column_padding_position=&#8221;all&#8221; top_margin_phone=&#8221;-3%&#8221; column_element_direction_desktop=&#8221;default&#8221; column_element_spacing=&#8221;default&#8221; desktop_text_alignment=&#8221;default&#8221; tablet_text_alignment=&#8221;default&#8221; phone_text_alignment=&#8221;default&#8221; background_color_opacity=&#8221;1&#8243; background_hover_color_opacity=&#8221;1&#8243; column_backdrop_filter=&#8221;none&#8221; column_shadow=&#8221;none&#8221; column_border_radius=&#8221;none&#8221; column_link_target=&#8221;_self&#8221; overflow=&#8221;visible&#8221; gradient_direction=&#8221;left_to_right&#8221; overlay_strength=&#8221;0.3&#8243; width=&#8221;1\/2&#8243; tablet_width_inherit=&#8221;default&#8221; animation_type=&#8221;default&#8221; bg_image_animation=&#8221;none&#8221; border_type=&#8221;simple&#8221; column_border_width=&#8221;none&#8221; column_border_style=&#8221;solid&#8221; column_padding_type=&#8221;default&#8221; gradient_type=&#8221;default&#8221;][nectar_cta btn_style=&#8221;basic&#8221; heading_tag=&#8221;h6&#8243; border_radius=&#8221;10&#8243; button_color=&#8221;default&#8221; text_color=&#8221;#fbb921&#8243; text_color_hover=&#8221;#ffffff&#8221; button_border_color=&#8221;#fbb921&#8243; button_border_color_hover=&#8221;#ffffff&#8221; button_border_thickness=&#8221;4px&#8221; link_type=&#8221;regular&#8221; alignment=&#8221;center&#8221; alignment_tablet=&#8221;default&#8221; alignment_phone=&#8221;default&#8221; constrain_group_3=&#8221;yes&#8221; display=&#8221;block&#8221; display_tablet=&#8221;inherit&#8221; display_phone=&#8221;inherit&#8221; icon_family=&#8221;linecons&#8221; class=&#8221;buy-button&#8221; font_size_desktop=&#8221;20&#8243; link_text=&#8221;Kupuj w autoryzowanych sklepach&#8221; padding_top=&#8221;11&#8243; padding_bottom=&#8221;11&#8243; padding_left=&#8221;11&#8243; padding_right=&#8221;11&#8243; icon_linecons=&#8221;vc_li vc_li-star&#8221; font_size_phone=&#8221;1rem&#8221;][vc_gallery css=&#8221;&#8221; type=&#8221;image_grid&#8221; images=&#8221;21422,21425,21431,21428&#8243; image_grid_loading=&#8221;lazy-load&#8221; layout=&#8221;2&#8243; item_spacing=&#8221;5px&#8221; gallery_style=&#8221;5&#8243; load_in_animation=&#8221;none&#8221; img_size=&#8221;full&#8221;][image_with_animation image_url=&#8221;27799&#8243; image_size=&#8221;full&#8221; animation_type=&#8221;entrance&#8221; animation=&#8221;None&#8221; animation_movement_type=&#8221;transform_y&#8221; hover_animation=&#8221;none&#8221; alignment=&#8221;&#8221; border_radius=&#8221;none&#8221; box_shadow=&#8221;none&#8221; image_loading=&#8221;default&#8221; max_width=&#8221;100%&#8221; max_width_mobile=&#8221;default&#8221;]<div id=\"ultimate-video-359269d4b8438dc3a\" class=\"ult-video  vc_custom_1735826338626 ult-adjust-bottom-margin ultimate-video-359269d4b8438dc3a ultv-8726 \"><div class=\"ultv-video ultv-aspect-ratio-16_9 ultv-subscribe-responsive-none\" data-videotype=\"uv_iframe\">\n\t\t\t\t\t\t<div class=\"ultv-video__outer-wrap\" data-autoplay=\"0\" data-device=\"false\"  data-iconbg=\"#3A3A3A\" data-overcolor=\"\" data-defaultbg=\"#1f1f1e\" data-defaultplay=\"defaulticon\"><div class=\"ultv-video__play\" data-src=\"https:\/\/www.youtube.com\/embed\/RjTQ-ZpD8Ro?rel=0&amp;start&amp;end&amp;controls=1&amp;mute=0&amp;modestbranding=0&amp;autoplay=1\">\n\t\t\t\t\t\t\t\t<img decoding=\"async\" class=\"ultv-video__thumb\" src=\"https:\/\/i.ytimg.com\/vi\/RjTQ-ZpD8Ro\/maxresdefault.jpg\"\/>\n\t\t\t\t\t\t\t\t<div class=\"ultv-video__play-icon  ultv-animation-none\" style=\"width:75px\"><svg height=\"100%\" version=\"1.1\" viewBox=\"0 0 68 48\" width=\"100%\"><path class=\"ultv-youtube-icon-bg\" d=\"m .66,37.62 c 0,0 .66,4.70 2.70,6.77 2.58,2.71 5.98,2.63 7.49,2.91 5.43,.52 23.10,.68 23.12,.68 .00,-1.3e-5 14.29,-0.02 23.81,-0.71 1.32,-0.15 4.22,-0.17 6.81,-2.89 2.03,-2.07 2.70,-6.77 2.70,-6.77 0,0 .67,-5.52 .67,-11.04 l 0,-5.17 c 0,-5.52 -0.67,-11.04 -0.67,-11.04 0,0 -0.66,-4.70 -2.70,-6.77 C 62.03,.86 59.13,.84 57.80,.69 48.28,0 34.00,0 34.00,0 33.97,0 19.69,0 10.18,.69 8.85,.84 5.95,.86 3.36,3.58 1.32,5.65 .66,10.35 .66,10.35 c 0,0 -0.55,4.50 -0.66,9.45 l 0,8.36 c .10,4.94 .66,9.45 .66,9.45 z\" fill=\"#1f1f1e\" ><\/path><path d=\"m 26.96,13.67 18.37,9.62 -18.37,9.55 -0.00,-19.17 z\" fill=\"#fff\"><\/path><path d=\"M 45.02,23.46 45.32,23.28 26.96,13.67 43.32,22.34 45.02,23.46 z\" fill=\"#ccc\"><\/path><\/svg><\/div> <\/div> <\/div><div class=\"ultv-subscribe-bar ult-responsive\"  data-ultimate-target='.ult-video.ultv-8726 .ultv-subscribe-bar'  data-responsive-json-new='{\"font-size\":\"\",\"line-height\":\"\"}'  style = \"color:#fff; background-color:#1b1b1b; \">\n\t\t\t\t<div class=\"ultv-subscribe-bar-prefix\" style=\"font-weight:normal;\">Subscribe to our YouTube Channel<\/div>\n\t\t\t\t<div class=\"ultv-subscribe-content\">\n\t\t\t\t\t<script src=\"https:\/\/apis.google.com\/js\/platform.js\"><\/script> <!-- Need to be enqueued from someplace else --><div class=\"g-ytsubscribe\" data-channelid=\"UCdaZpJ6Aql4hFcnLbtO_FGg\" data-count=\"hidden\"><\/div><\/div> <\/div><\/div><\/div>[\/vc_column_inner][vc_column_inner column_padding=&#8221;padding-5-percent&#8221; column_padding_tablet=&#8221;inherit&#8221; column_padding_phone=&#8221;padding-2-percent&#8221; column_padding_position=&#8221;left-right&#8221; column_element_direction_desktop=&#8221;default&#8221; column_element_spacing=&#8221;default&#8221; desktop_text_alignment=&#8221;default&#8221; tablet_text_alignment=&#8221;default&#8221; phone_text_alignment=&#8221;default&#8221; background_color_opacity=&#8221;1&#8243; background_hover_color_opacity=&#8221;1&#8243; column_backdrop_filter=&#8221;none&#8221; column_shadow=&#8221;none&#8221; column_border_radius=&#8221;none&#8221; column_link_target=&#8221;_self&#8221; overflow=&#8221;visible&#8221; gradient_direction=&#8221;left_to_right&#8221; overlay_strength=&#8221;0.3&#8243; width=&#8221;1\/2&#8243; tablet_width_inherit=&#8221;default&#8221; animation_type=&#8221;default&#8221; bg_image_animation=&#8221;none&#8221; border_type=&#8221;simple&#8221; column_border_width=&#8221;none&#8221; column_border_style=&#8221;solid&#8221; column_padding_type=&#8221;default&#8221; gradient_type=&#8221;default&#8221;][vc_column_text css=&#8221;&#8221; text_direction=&#8221;default&#8221;]\n<h2>Profesjonalny pad do mycia samochodu z mikrofibry<\/h2>\n[\/vc_column_text][vc_column_text css=&#8221;&#8221; text_direction=&#8221;default&#8221;]<strong>TYPHOON Wash Pad Work Stuff<\/strong> to wysokiej jako\u015bci <strong>pad mikrofibrowy do mycia samochodu<\/strong>, zaprojektowany do bezpiecznego i skutecznego mycia auta metod\u0105 kontaktow\u0105. W przeciwie\u0144stwie do tradycyjnych r\u0119kawic do mycia, ten prostok\u0105tny <strong>pad do mycia auta<\/strong> zapewnia lepsz\u0105 kontrol\u0119 na panelach karoserii oraz szybsze pokrycie powierzchni. Dzi\u0119ki temu \u015bwietnie sprawdza si\u0119 zar\u00f3wno w profesjonalnym detailingu, jak i podczas regularnej piel\u0119gnacji samochodu.<\/p>\n<p>Stworzony z my\u015bl\u0105 o metodzie dw\u00f3ch wiader, <strong>TYPHOON Microfiber Wash Pad<\/strong> najlepiej dzia\u0142a w po\u0142\u0105czeniu z wysokiej jako\u015bci <a href=\"https:\/\/goodstuff.com.pl\/pl\/produkty\/mycie\/pure-shampoo\/\" target=\"_blank\" rel=\"dofollow noopener\"><strong>szamponem samochodowym<\/strong><\/a>, dedykowanym <a href=\"https:\/\/work-stuff.com\/pl\/produkty\/mycie\/detailing-bucket-black-rinse\/\" rel=\"dofollow\" ><strong>wiadrem detailingowym<\/strong><\/a> oraz <a href=\"https:\/\/work-stuff.com\/pl\/produkty\/mycie\/bucket-separator\/\" rel=\"dofollow\" ><strong>separatorem brudu<\/strong><\/a>, kt\u00f3ry ogranicza przenoszenie zanieczyszcze\u0144 podczas mycia.<\/p>\n<hr \/>\n<h2>Dlaczego warto wybra\u0107 pad do mycia zamiast r\u0119kawicy?<\/h2>\n<p><strong>Pad do mycia samochodu<\/strong> zapewnia wi\u0119ksz\u0105 stabilno\u015b\u0107 na powierzchni lakieru oraz bardziej r\u00f3wnomierny nacisk w por\u00f3wnaniu z klasyczn\u0105 r\u0119kawic\u0105. P\u0142aska konstrukcja pozwala lepiej kontrolowa\u0107 ruch d\u0142oni na du\u017cych panelach takich jak drzwi, maska czy dach, jednocze\u015bnie skutecznie zatrzymuj\u0105c brud we w\u0142\u00f3knach mikrofibry.<\/p>\n<p><strong>TYPHOON wash pad<\/strong> jest idealny dla detailer\u00f3w, kt\u00f3rzy oczekuj\u0105:<\/p>\n<ul>\n<li>szybszego pokrycia paneli karoserii<\/li>\n<li>lepszej kontroli ruchu d\u0142oni<\/li>\n<li>mniejszego zm\u0119czenia podczas mycia<\/li>\n<li>maksymalnego bezpiecze\u0144stwa dla lakieru podczas mycia kontaktowego<\/li>\n<\/ul>\n<hr \/>\n<h2>Zaawansowana konstrukcja mikrofibry<\/h2>\n<p>D\u0142ugie i g\u0119ste w\u0142\u00f3kna mikrofibry w <strong>TYPHOON Microfiber Wash Pad<\/strong> zosta\u0142y zaprojektowane tak, aby:<\/p>\n<ul>\n<li>zamyka\u0107 cz\u0105stki brudu z dala od powierzchni lakieru<\/li>\n<li>utrzymywa\u0107 du\u017c\u0105 ilo\u015b\u0107 wody i roztworu szamponu<\/li>\n<li>\u0142atwo uwalnia\u0107 zanieczyszczenia podczas p\u0142ukania<\/li>\n<\/ul>\n<p>Dzi\u0119ki temu mycie jest bezpieczniejsze ni\u017c w przypadku tradycyjnych g\u0105bek lub niskiej jako\u015bci pad\u00f3w do mycia.<\/p>\n<hr \/>\n<h2>Idealny do metody dw\u00f3ch wiader<\/h2>\n<p>Dla maksymalnego bezpiecze\u0144stwa lakieru u\u017cywaj <strong>TYPHOON washing pad<\/strong> z systemem dw\u00f3ch wiader \u2013 <a href=\"https:\/\/work-stuff.com\/pl\/produkty\/mycie\/detailing-bucket-yellow-wash\/\" rel=\"dofollow\" ><strong>WASH bucket<\/strong><\/a> oraz odpowiednim <a href=\"https:\/\/work-stuff.com\/pl\/produkty\/mycie\/bucket-separator\/\" rel=\"dofollow\" ><strong>separatorem brudu<\/strong><\/a>. Wysoka ch\u0142onno\u015b\u0107 mikrofibry pozwala przenosi\u0107 wi\u0119cej roztworu szamponu po powierzchni lakieru, zmniejszaj\u0105c tarcie i poprawiaj\u0105c po\u015blizg.<\/p>\n<hr \/>\n<h2>Kluczowe cechy<\/h2>\n<ul>\n<li>Du\u017ca powierzchnia mycia \u2013 pozwala szybciej i skuteczniej czy\u015bci\u0107 wi\u0119ksze panele.<\/li>\n<li>Wysoka ch\u0142onno\u015b\u0107 \u2013 mikrofibra zatrzymuje wod\u0119 i szampon, bezpiecznie unosz\u0105c brud.<\/li>\n<li>Premium mikrofibra \u2013 bezpieczna dla lakieru i pow\u0142oki bezbarwnej.<\/li>\n<li>Ergonomiczny prostok\u0105tny kszta\u0142t \u2013 lepsza kontrola ni\u017c w tradycyjnej r\u0119kawicy.<\/li>\n<li>Trwa\u0142a konstrukcja \u2013 przystosowana do wielokrotnego u\u017cycia.<\/li>\n<li>Uniwersalne zastosowanie \u2013 odpowiedni do samochod\u00f3w osobowych, SUV-\u00f3w i van\u00f3w.<\/li>\n<\/ul>\n<hr \/>\n<h2>Dla kogo jest ten pad do mycia?<\/h2>\n<ul>\n<li>profesjonalni detailerzy<\/li>\n<li>entuzja\u015bci piel\u0119gnacji samochod\u00f3w<\/li>\n<li>osoby szukaj\u0105ce bezpiecznego <strong>pada do mycia auta<\/strong><\/li>\n<li>u\u017cytkownicy przechodz\u0105cy z g\u0105bek lub r\u0119kawic na <strong>wash pad<\/strong><\/li>\n<\/ul>\n<hr \/>\n<h2>Dlaczego TYPHOON?<\/h2>\n<p><strong>TYPHOON Microfiber Wash Pad<\/strong> \u0142\u0105czy bezpiecze\u0144stwo, kontrol\u0119 i wydajno\u015b\u0107 w jednym profesjonalnym akcesorium do mycia auta. Zapewnia skuteczne usuwanie brudu przy jednoczesnej maksymalnej ochronie lakieru podczas ka\u017cdego mycia.<\/p>\n<p>Po umyciu samochodu osusz powierzchni\u0119 przy u\u017cyciu wysokiej jako\u015bci <a href=\"https:\/\/work-stuff.com\/pl\/produkty\/mikrofibry\/gentleman-plus\/\" rel=\"dofollow\" ><strong>mikrofibry do osuszania<\/strong><\/a>, aby unikn\u0105\u0107 zaciek\u00f3w z wody. Aby utrzyma\u0107 pad w idealnym stanie, pierz go w <a href=\"https:\/\/goodstuff.com.pl\/products\/wash\/microfiber-wash\/\" target=\"_blank\" rel=\"dofollow noopener\"><strong>Microfiber Wash<\/strong><\/a>.[\/vc_column_text][nectar_cta btn_style=&#8221;basic&#8221; heading_tag=&#8221;h6&#8243; border_radius=&#8221;10&#8243; button_color=&#8221;default&#8221; text_color=&#8221;#fbb921&#8243; text_color_hover=&#8221;#ffffff&#8221; button_border_color=&#8221;#fbb921&#8243; button_border_color_hover=&#8221;#ffffff&#8221; button_border_thickness=&#8221;4px&#8221; link_type=&#8221;regular&#8221; alignment=&#8221;center&#8221; alignment_tablet=&#8221;default&#8221; alignment_phone=&#8221;default&#8221; constrain_group_3=&#8221;yes&#8221; display=&#8221;block&#8221; display_tablet=&#8221;inherit&#8221; display_phone=&#8221;inherit&#8221; icon_family=&#8221;linecons&#8221; class=&#8221;buy-button&#8221; font_size_desktop=&#8221;20&#8243; link_text=&#8221;Kupuj w autoryzowanych sklepach&#8221; padding_top=&#8221;11&#8243; padding_bottom=&#8221;11&#8243; padding_left=&#8221;11&#8243; padding_right=&#8221;11&#8243; icon_linecons=&#8221;vc_li vc_li-star&#8221; font_size_phone=&#8221;1rem&#8221;][vc_column_text css_animation=&#8221;none&#8221; css=&#8221;&#8221; text_direction=&#8221;default&#8221;]\n<div class=\"ws-nav\" style=\"text-align: center;\"><a class=\"ws-nav__btn ws-nav__btn--prev\" href=\"https:\/\/work-stuff.com\/pl\/produkty\/mycie\/storm-wash-mitt\/\" rel=\"dofollow\" >\u2190 POPRZEDNI<\/a><br \/>\n<a class=\"ws-nav__btn ws-nav__btn--next\" href=\"https:\/\/work-stuff.com\/pl\/produkty\/mycie\/hurricane-wheel-mitt\/\" rel=\"dofollow\" >NAST\u0118PNY\u2192<\/a><\/div>\n[\/vc_column_text][\/vc_column_inner][\/vc_row_inner][\/vc_column][\/vc_row]\n","protected":false},"excerpt":{"rendered":"<p>[vc_row type=&#8221;full_width_background&#8221; full_screen_row_position=&#8221;middle&#8221; column_margin=&#8221;default&#8221; column_direction=&#8221;default&#8221; column_direction_tablet=&#8221;default&#8221; column_direction_phone=&#8221;default&#8221; bg_color=&#8221;#212121&#8243; bg_image=&#8221;21832&#8243; bg_position=&#8221;left top&#8221; background_image_loading=&#8221;lazy-load&#8221; bg_repeat=&#8221;no-repeat&#8221; scene_position=&#8221;center&#8221; top_padding=&#8221;4%&#8221; bottom_padding=&#8221;6%&#8221; text_color=&#8221;light&#8221; text_align=&#8221;left&#8221; row_border_radius=&#8221;none&#8221; row_border_radius_applies=&#8221;bg&#8221; overflow=&#8221;visible&#8221; color_overlay=&#8221;#212121&#8243; overlay_strength=&#8221;0.8&#8243; gradient_direction=&#8221;left_to_right&#8221; shape_divider_position=&#8221;bottom&#8221; bg_image_animation=&#8221;none&#8221; parallax_bg=&#8221;true&#8221; parallax_bg_speed=&#8221;fast&#8221; shape_type=&#8221;&#8221; gradient_type=&#8221;default&#8221;][vc_column&#8230;<\/p>\n","protected":false},"author":1,"featured_media":27801,"parent":990,"menu_order":0,"comment_status":"closed","ping_status":"closed","template":"","meta":{"footnotes":""},"class_list":["post-1087","page","type-page","status-publish","has-post-thumbnail"],"publishpress_future_action":{"enabled":false,"date":"2026-04-21 09:54:43","action":"change-status","newStatus":"draft","terms":[],"taxonomy":"translation_priority","extraData":[]},"publishpress_future_workflow_manual_trigger":{"enabledWorkflows":[]},"_links":{"self":[{"href":"https:\/\/work-stuff.com\/pl\/wp-json\/wp\/v2\/pages\/1087","targetHints":{"allow":["GET"]}}],"collection":[{"href":"https:\/\/work-stuff.com\/pl\/wp-json\/wp\/v2\/pages"}],"about":[{"href":"https:\/\/work-stuff.com\/pl\/wp-json\/wp\/v2\/types\/page"}],"author":[{"embeddable":true,"href":"https:\/\/work-stuff.com\/pl\/wp-json\/wp\/v2\/users\/1"}],"replies":[{"embeddable":true,"href":"https:\/\/work-stuff.com\/pl\/wp-json\/wp\/v2\/comments?post=1087"}],"version-history":[{"count":11,"href":"https:\/\/work-stuff.com\/pl\/wp-json\/wp\/v2\/pages\/1087\/revisions"}],"predecessor-version":[{"id":35760,"href":"https:\/\/work-stuff.com\/pl\/wp-json\/wp\/v2\/pages\/1087\/revisions\/35760"}],"up":[{"embeddable":true,"href":"https:\/\/work-stuff.com\/pl\/wp-json\/wp\/v2\/pages\/990"}],"wp:featuredmedia":[{"embeddable":true,"href":"https:\/\/work-stuff.com\/pl\/wp-json\/wp\/v2\/media\/27801"}],"wp:attachment":[{"href":"https:\/\/work-stuff.com\/pl\/wp-json\/wp\/v2\/media?parent=1087"}],"curies":[{"name":"wp","href":"https:\/\/api.w.org\/{rel}","templated":true}]}}