{"id":1113,"date":"2019-02-21T09:06:44","date_gmt":"2019-02-21T08:06:44","guid":{"rendered":"http:\/\/lorem.pl\/workstuff\/?page_id=1113"},"modified":"2026-03-20T13:23:10","modified_gmt":"2026-03-20T12:23:10","slug":"detailing-brush-black","status":"publish","type":"page","link":"https:\/\/work-stuff.com\/pl\/produkty\/pedzelki\/detailing-brush-black\/","title":{"rendered":"DETAILING BRUSH BLACK"},"content":{"rendered":"[vc_row type=&#8221;full_width_background&#8221; full_screen_row_position=&#8221;middle&#8221; column_margin=&#8221;default&#8221; column_direction=&#8221;default&#8221; column_direction_tablet=&#8221;default&#8221; column_direction_phone=&#8221;default&#8221; bg_color=&#8221;#212121&#8243; bg_image=&#8221;22111&#8243; bg_image_type=&#8221;default&#8221; bg_position=&#8221;center top&#8221; background_image_loading=&#8221;lazy-load&#8221; bg_repeat=&#8221;no-repeat&#8221; scene_position=&#8221;center&#8221; top_padding=&#8221;4%&#8221; bottom_padding=&#8221;6%&#8221; text_color=&#8221;light&#8221; text_align=&#8221;left&#8221; row_border_radius=&#8221;none&#8221; row_border_radius_applies=&#8221;bg&#8221; row_position_desktop=&#8221;default&#8221; row_position_tablet=&#8221;inherit&#8221; row_position_phone=&#8221;inherit&#8221; overflow=&#8221;visible&#8221; color_overlay=&#8221;#212121&#8243; overlay_strength=&#8221;0.8&#8243; gradient_direction=&#8221;left_to_right&#8221; shape_divider_position=&#8221;bottom&#8221; bg_image_animation=&#8221;none&#8221; parallax_bg=&#8221;true&#8221; parallax_bg_speed=&#8221;fast&#8221; shape_type=&#8221;&#8221; gradient_type=&#8221;default&#8221;][vc_column column_padding=&#8221;no-extra-padding&#8221; column_padding_tablet=&#8221;inherit&#8221; column_padding_phone=&#8221;inherit&#8221; column_padding_position=&#8221;all&#8221; flex_gap_desktop=&#8221;10px&#8221; column_element_direction_desktop=&#8221;default&#8221; column_element_spacing=&#8221;default&#8221; desktop_text_alignment=&#8221;default&#8221; tablet_text_alignment=&#8221;default&#8221; phone_text_alignment=&#8221;default&#8221; background_color_opacity=&#8221;1&#8243; background_hover_color_opacity=&#8221;1&#8243; column_backdrop_filter=&#8221;none&#8221; column_shadow=&#8221;none&#8221; column_border_radius=&#8221;none&#8221; column_link_target=&#8221;_self&#8221; column_position=&#8221;default&#8221; gradient_direction=&#8221;left_to_right&#8221; overlay_strength=&#8221;0.3&#8243; width=&#8221;1\/1&#8243; tablet_width_inherit=&#8221;default&#8221; animation_type=&#8221;default&#8221; bg_image_animation=&#8221;none&#8221; border_type=&#8221;simple&#8221; column_border_width=&#8221;none&#8221; column_border_style=&#8221;solid&#8221;][nectar_highlighted_text text_color=&#8221;#fbb921&#8243; style=&#8221;text_outline&#8221; outline_thickness=&#8221;extra_thick&#8221; text_direction=&#8221;default&#8221; custom_font_size=&#8221;3vw&#8221; font_size_phone=&#8221;2.5rem&#8221;]\n<h1 data-product-id=\"2\">DETAILING BRUSH <em>BLACK<\/em><span style=\"font-weight: normal; font-size: 0.7em;\">&nbsp; Mocny p\u0119dzel do detailingu felg<\/span><\/h1>\n[\/nectar_highlighted_text][vc_row_inner column_margin=&#8221;30px&#8221; column_direction=&#8221;default&#8221; column_direction_tablet=&#8221;default&#8221; column_direction_phone=&#8221;default&#8221; text_align=&#8221;left&#8221; row_position=&#8221;default&#8221; row_position_tablet=&#8221;inherit&#8221; row_position_phone=&#8221;inherit&#8221; overflow=&#8221;visible&#8221; pointer_events=&#8221;all&#8221;][vc_column_inner column_padding=&#8221;no-extra-padding&#8221; column_padding_tablet=&#8221;inherit&#8221; column_padding_phone=&#8221;inherit&#8221; column_padding_position=&#8221;all&#8221; flex_gap_desktop=&#8221;10px&#8221; column_element_direction_desktop=&#8221;default&#8221; column_element_spacing=&#8221;default&#8221; desktop_text_alignment=&#8221;default&#8221; tablet_text_alignment=&#8221;default&#8221; phone_text_alignment=&#8221;default&#8221; background_color_opacity=&#8221;1&#8243; background_hover_color_opacity=&#8221;1&#8243; column_backdrop_filter=&#8221;none&#8221; column_shadow=&#8221;none&#8221; column_border_radius=&#8221;none&#8221; column_link_target=&#8221;_self&#8221; overflow=&#8221;visible&#8221; gradient_direction=&#8221;left_to_right&#8221; overlay_strength=&#8221;0.3&#8243; width=&#8221;1\/2&#8243; tablet_width_inherit=&#8221;default&#8221; animation_type=&#8221;default&#8221; bg_image_animation=&#8221;none&#8221; border_type=&#8221;simple&#8221; column_border_width=&#8221;none&#8221; column_border_style=&#8221;solid&#8221;][nectar_cta btn_style=&#8221;basic&#8221; heading_tag=&#8221;h6&#8243; border_radius=&#8221;10&#8243; link_type=&#8221;regular&#8221; button_color=&#8221;default&#8221; text_color=&#8221;#fbb921&#8243; text_color_hover=&#8221;#ffffff&#8221; button_border_color=&#8221;#fbb921&#8243; button_border_color_hover=&#8221;#ffffff&#8221; button_border_thickness=&#8221;4px&#8221; alignment=&#8221;center&#8221; alignment_tablet=&#8221;default&#8221; alignment_phone=&#8221;default&#8221; constrain_group_3=&#8221;yes&#8221; display=&#8221;block&#8221; display_tablet=&#8221;inherit&#8221; display_phone=&#8221;inherit&#8221; icon_family=&#8221;linecons&#8221; class=&#8221;buy-button&#8221; font_size_desktop=&#8221;20&#8243; link_text=&#8221;Kupuj w autoryzowanych sklepach&#8221; padding_top=&#8221;11&#8243; padding_bottom=&#8221;11&#8243; padding_left=&#8221;11&#8243; padding_right=&#8221;11&#8243; icon_linecons=&#8221;vc_li vc_li-star&#8221;][vc_gallery css=&#8221;&#8221; type=&#8221;image_grid&#8221; images=&#8221;13977,13979,13981,13983,13985,4249&#8243; image_grid_loading=&#8221;skip-lazy-load&#8221; layout=&#8221;2&#8243; item_spacing=&#8221;5px&#8221; gallery_style=&#8221;5&#8243; load_in_animation=&#8221;none&#8221; img_size=&#8221;full&#8221;]<div id=\"ultimate-video-635769d5027da6b01\" class=\"ult-video  vc_custom_1735906145456 ult-adjust-bottom-margin ultimate-video-635769d5027da6b01 ultv-5802 \"><div class=\"ultv-video ultv-aspect-ratio-16_9 ultv-subscribe-responsive-none\" data-videotype=\"uv_iframe\">\n\t\t\t\t\t\t<div class=\"ultv-video__outer-wrap\" data-autoplay=\"0\" data-device=\"false\"  data-iconbg=\"#3A3A3A\" data-overcolor=\"\" data-defaultbg=\"#1f1f1e\" data-defaultplay=\"defaulticon\"><div class=\"ultv-video__play\" data-src=\"https:\/\/www.youtube.com\/embed\/WPGTxY1BNA4?rel=0&amp;start&amp;end&amp;controls=1&amp;mute=0&amp;modestbranding=0&amp;autoplay=1\">\n\t\t\t\t\t\t\t\t<img decoding=\"async\" class=\"ultv-video__thumb\" src=\"https:\/\/i.ytimg.com\/vi\/WPGTxY1BNA4\/maxresdefault.jpg\"\/>\n\t\t\t\t\t\t\t\t<div class=\"ultv-video__play-icon  ultv-animation-none\" style=\"width:75px\"><svg height=\"100%\" version=\"1.1\" viewBox=\"0 0 68 48\" width=\"100%\"><path class=\"ultv-youtube-icon-bg\" d=\"m .66,37.62 c 0,0 .66,4.70 2.70,6.77 2.58,2.71 5.98,2.63 7.49,2.91 5.43,.52 23.10,.68 23.12,.68 .00,-1.3e-5 14.29,-0.02 23.81,-0.71 1.32,-0.15 4.22,-0.17 6.81,-2.89 2.03,-2.07 2.70,-6.77 2.70,-6.77 0,0 .67,-5.52 .67,-11.04 l 0,-5.17 c 0,-5.52 -0.67,-11.04 -0.67,-11.04 0,0 -0.66,-4.70 -2.70,-6.77 C 62.03,.86 59.13,.84 57.80,.69 48.28,0 34.00,0 34.00,0 33.97,0 19.69,0 10.18,.69 8.85,.84 5.95,.86 3.36,3.58 1.32,5.65 .66,10.35 .66,10.35 c 0,0 -0.55,4.50 -0.66,9.45 l 0,8.36 c .10,4.94 .66,9.45 .66,9.45 z\" fill=\"#1f1f1e\" ><\/path><path d=\"m 26.96,13.67 18.37,9.62 -18.37,9.55 -0.00,-19.17 z\" fill=\"#fff\"><\/path><path d=\"M 45.02,23.46 45.32,23.28 26.96,13.67 43.32,22.34 45.02,23.46 z\" fill=\"#ccc\"><\/path><\/svg><\/div> <\/div> <\/div><div class=\"ultv-subscribe-bar ult-responsive\"  data-ultimate-target='.ult-video.ultv-5802 .ultv-subscribe-bar'  data-responsive-json-new='{\"font-size\":\"\",\"line-height\":\"\"}'  style = \"color:#fff; background-color:#1b1b1b; \">\n\t\t\t\t<div class=\"ultv-subscribe-bar-prefix\" style=\"font-weight:normal;\">Subscribe to our YouTube Channel<\/div>\n\t\t\t\t<div class=\"ultv-subscribe-content\">\n\t\t\t\t\t<script src=\"https:\/\/apis.google.com\/js\/platform.js\"><\/script> <!-- Need to be enqueued from someplace else --><div class=\"g-ytsubscribe\" data-channelid=\"UCdaZpJ6Aql4hFcnLbtO_FGg\" data-count=\"hidden\"><\/div><\/div> <\/div><\/div><\/div>[\/vc_column_inner][vc_column_inner column_padding=&#8221;padding-5-percent&#8221; column_padding_tablet=&#8221;inherit&#8221; column_padding_phone=&#8221;padding-2-percent&#8221; column_padding_position=&#8221;left-right&#8221; flex_gap_desktop=&#8221;10px&#8221; column_element_direction_desktop=&#8221;default&#8221; column_element_spacing=&#8221;default&#8221; desktop_text_alignment=&#8221;default&#8221; tablet_text_alignment=&#8221;default&#8221; phone_text_alignment=&#8221;default&#8221; background_color_opacity=&#8221;1&#8243; background_hover_color_opacity=&#8221;1&#8243; column_backdrop_filter=&#8221;none&#8221; column_shadow=&#8221;none&#8221; column_border_radius=&#8221;none&#8221; column_link_target=&#8221;_self&#8221; overflow=&#8221;visible&#8221; gradient_direction=&#8221;left_to_right&#8221; overlay_strength=&#8221;0.3&#8243; width=&#8221;1\/2&#8243; tablet_width_inherit=&#8221;default&#8221; animation_type=&#8221;default&#8221; bg_image_animation=&#8221;none&#8221; border_type=&#8221;simple&#8221; column_border_width=&#8221;none&#8221; column_border_style=&#8221;solid&#8221; column_padding_type=&#8221;default&#8221; gradient_type=&#8221;default&#8221;][image_with_animation image_url=&#8221;28781&#8243; image_size=&#8221;medium&#8221; max_width=&#8221;100%&#8221; max_width_mobile=&#8221;default&#8221; animation_type=&#8221;entrance&#8221; animation=&#8221;None&#8221; animation_movement_type=&#8221;transform_y&#8221; hover_animation=&#8221;none&#8221; alignment=&#8221;&#8221; border_radius=&#8221;none&#8221; box_shadow=&#8221;none&#8221; image_loading=&#8221;default&#8221;][nectar_responsive_text inherited_font_style=&#8221;default&#8221; text_color=&#8221;#ffffff&#8221; text_direction=&#8221;default&#8221; font_size_desktop=&#8221;35&#8243; font_line_height=&#8221;1&#8243;]\n<h2>Detailing Brush BLACK &#8211; do felg, komory silnika i trudno dost\u0119pnych miejsc<\/h2>\n[\/nectar_responsive_text][vc_column_text css=&#8221;&#8221; text_direction=&#8221;default&#8221;]<strong>P\u0119dzel do detailingu BLACK Work Stuff<\/strong> to <strong>mocny p\u0119dzel detailingowy<\/strong> zaprojektowany do zada\u0144, w kt\u00f3rych mi\u0119kkie p\u0119dzle nie s\u0105 wystarczaj\u0105co skuteczne. Ten <strong>twardy p\u0119dzel detailingowy<\/strong> idealnie sprawdza si\u0119 podczas intensywnego czyszczenia element\u00f3w takich jak <strong>felgi, progi drzwi, komora silnika<\/strong> oraz trudno dost\u0119pne zag\u0142\u0119bienia, w kt\u00f3rych gromadzi si\u0119 uporczywy brud.<\/p>\n<p><strong>Detailing Brush BLACK<\/strong> zosta\u0142 wyposa\u017cony w <strong>mocne syntetyczne w\u0142osie<\/strong>, kt\u00f3re zapewnia wysok\u0105 skuteczno\u015b\u0107 podczas <strong>g\u0142\u0119bokiego czyszczenia<\/strong> w detailingu samochodowym i motocyklowym. To idealny <strong>p\u0119dzel prewash<\/strong> do pracy z mocn\u0105 chemi\u0105 detailingow\u0105, np. <a href=\"https:\/\/goodstuff.com.pl\/pl\/produkty\/detailing-kol\/wheel-cleaner-alkaline\/\" target=\"_blank\" rel=\"dofollow noopener\"><strong>Good Stuff Wheel Cleaner Alkaline<\/strong><\/a>, kt\u00f3ry skutecznie usuwa brud i py\u0142 hamulcowy z felg.<\/p>\n<p>Podczas czyszczenia komory silnika, prog\u00f3w drzwi lub element\u00f3w zewn\u0119trznych p\u0119dzel doskonale wsp\u00f3\u0142pracuje z preparatami takimi jak <a href=\"https:\/\/goodstuff.com.pl\/pl\/produkty\/produkty-wnetrze\/apc\/\" target=\"_blank\" rel=\"dofollow noopener\"><strong>Good Stuff APC <\/strong><\/a>czy <a href=\"https:\/\/goodstuff.com.pl\/pl\/produkty\/detailing-kol\/tire-rubber-cleaner\/\" target=\"_blank\" rel=\"dofollow noopener\"><strong>Good Stuff Tire &amp; Rubber Cleaner<\/strong><\/a>, kt\u00f3re pomagaj\u0105 skutecznie rozpu\u015bci\u0107 t\u0142uszcz, zabrudzenia drogowe i osady.<\/p>\n<p>W przypadku bardziej delikatnych powierzchni wn\u0119trza, takich jak deska rozdzielcza lub sk\u00f3ra, zalecamy u\u017cycie mi\u0119kkich p\u0119dzli, np. <a href=\"https:\/\/work-stuff.com\/pl\/produkty\/pedzelki\/detailing-albino-orange\/\" target=\"_blank\" rel=\"dofollow noopener\"><strong>ALBINO ORANGE<\/strong><\/a>.<\/p>\n<p>Lakierowany uchwyt z tworzywa sztucznego zapewnia <strong>ergonomiczny chwyt<\/strong> oraz wysok\u0105 odporno\u015b\u0107 na wilgo\u0107 i chemi\u0119 detailingow\u0105. Dzi\u0119ki solidnej konstrukcji <strong>p\u0119dzel BLACK <\/strong>sprawdza si\u0119 zar\u00f3wno w profesjonalnych studiach detailingu, jak i podczas domowej piel\u0119gnacji samochodu.<\/p>\n<p>P\u0119dzel dost\u0119pny jest w czterech rozmiarach: <strong>16 mm, 24 mm, 30 mm oraz 40 mm<\/strong>. Dzi\u0119ki temu mo\u017cna dobra\u0107 odpowiedni model do r\u00f3\u017cnych zada\u0144 &#8211; od <strong>szczelin i kratek<\/strong> po <strong>czyszczenie felg i komory silnika<\/strong>.<\/p>\n<hr>\n<h2>Kluczowe cechy<\/h2>\n<ul>\n<li><strong>Mocne syntetyczne w\u0142osie<\/strong><\/li>\n<li><strong>Idealny p\u0119dzel do felg, prog\u00f3w i komory silnika<\/strong><\/li>\n<li><strong>Ergonomiczna lakierowana r\u0105czka<\/strong> odporna na chemi\u0119 detailingow\u0105<\/li>\n<li><strong>Profesjonalna jako\u015b\u0107&nbsp;<\/strong><\/li>\n<\/ul>\n<hr>\n<h3><strong>Dost\u0119pne rozmiary i zastosowanie<\/strong><\/h3>\n<ul>\n<li><strong>16 mm:<\/strong> szczeliny, kratki nawiewu i ma\u0142e detale<\/li>\n<li><strong>24 mm:<\/strong> elementy wn\u0119trza i detale deski rozdzielczej<\/li>\n<li><strong>30 mm:<\/strong> komora silnika i elementy mechaniczne<\/li>\n<li><strong>40 mm:<\/strong> felgi, progi drzwi oraz wi\u0119ksze powierzchnie<\/li>\n<\/ul>\n<hr>\n<h3><strong>Wa\u017cna informacja dotycz\u0105ca u\u017cytkowania<\/strong><\/h3>\n<p><strong>P\u0119dzel detailingowy BLACK<\/strong> posiada wysok\u0105 moc czyszczenia i nie powinien by\u0107 stosowany na powierzchniach podatnych na zarysowania, takich jak:<\/p>\n<ul>\n<li>b\u0142yszcz\u0105ce elementy typu <strong>piano black<\/strong><\/li>\n<li>bardzo mi\u0119kkie pow\u0142oki lakiernicze<\/li>\n<\/ul>\n<hr>\n<h2>Dlaczego warto wybra\u0107 p\u0119dzel BLACK?<\/h2>\n<p>Je\u015bli potrzebujesz <strong>mocnego p\u0119dzla do detailingu<\/strong>, kt\u00f3ry poradzi sobie z najtrudniejszymi zabrudzeniami, B<strong>LACK<\/strong> jest idealnym rozwi\u0105zaniem. To trwa\u0142y, ergonomiczny i skuteczny <strong>p\u0119dzel do g\u0142\u0119bokiego czyszczenia<\/strong>, kt\u00f3ry \u015bwietnie sprawdzi si\u0119 podczas pracy z felgami, komor\u0105 silnika i elementami zewn\u0119trznymi pojazdu.<\/p>\n<p>Je\u015bli potrzebujesz kilku p\u0119dzli do r\u00f3\u017cnych zada\u0144 detailingowych, sprawd\u017a r\u00f3wnie\u017c <a href=\"https:\/\/work-stuff.com\/pl\/produkty\/pedzelki\/detailing-brush-black-3-pack\/\" target=\"_blank\" rel=\"dofollow noopener\"><strong>zestaw p\u0119dzli Detailing Brush Black 3-Pack<\/strong><\/a>.[\/vc_column_text][nectar_cta btn_style=&#8221;basic&#8221; heading_tag=&#8221;h6&#8243; border_radius=&#8221;10&#8243; link_type=&#8221;regular&#8221; button_color=&#8221;default&#8221; text_color=&#8221;#fbb921&#8243; text_color_hover=&#8221;#ffffff&#8221; button_border_color=&#8221;#fbb921&#8243; button_border_color_hover=&#8221;#ffffff&#8221; button_border_thickness=&#8221;4px&#8221; alignment=&#8221;center&#8221; alignment_tablet=&#8221;default&#8221; alignment_phone=&#8221;default&#8221; constrain_group_3=&#8221;yes&#8221; display=&#8221;block&#8221; display_tablet=&#8221;inherit&#8221; display_phone=&#8221;inherit&#8221; icon_family=&#8221;linecons&#8221; class=&#8221;buy-button&#8221; font_size_desktop=&#8221;20&#8243; link_text=&#8221;Kupuj w autoryzowanych sklepach&#8221; padding_top=&#8221;11&#8243; padding_bottom=&#8221;11&#8243; padding_left=&#8221;11&#8243; padding_right=&#8221;11&#8243; icon_linecons=&#8221;vc_li vc_li-star&#8221; font_size_phone=&#8221;1rem&#8221;][vc_column_text css=&#8221;&#8221; text_direction=&#8221;default&#8221;]\n<div class=\"ws-nav\" style=\"text-align: center;\"><a class=\"ws-nav__btn ws-nav__btn--prev\" href=\"https:\/\/work-stuff.com\/pl\/produkty\/pedzelki\/detailing-albino-orange\/\" rel=\"dofollow\" >\u2190 POPRZEDNI <\/a><br \/>\n<a class=\"ws-nav__btn ws-nav__btn--next\" href=\"https:\/\/work-stuff.com\/pl\/produkty\/pedzelki\/detailing-brush-grey\/\" rel=\"dofollow\" >NAST\u0118PNY \u2192<\/a><\/div>\n[\/vc_column_text][\/vc_column_inner][\/vc_row_inner][vc_row_inner column_margin=&#8221;default&#8221; column_direction=&#8221;default&#8221; column_direction_tablet=&#8221;default&#8221; column_direction_phone=&#8221;default&#8221; text_align=&#8221;left&#8221; row_position=&#8221;default&#8221; row_position_tablet=&#8221;inherit&#8221; row_position_phone=&#8221;inherit&#8221; overflow=&#8221;visible&#8221; pointer_events=&#8221;all&#8221; class=&#8221;fancybox-grid-2&#8243;][vc_column_inner column_padding=&#8221;no-extra-padding&#8221; column_padding_tablet=&#8221;inherit&#8221; column_padding_phone=&#8221;inherit&#8221; column_padding_position=&#8221;all&#8221; flex_gap_desktop=&#8221;10px&#8221; column_element_direction_desktop=&#8221;default&#8221; column_element_spacing=&#8221;default&#8221; desktop_text_alignment=&#8221;default&#8221; tablet_text_alignment=&#8221;default&#8221; phone_text_alignment=&#8221;default&#8221; background_color_opacity=&#8221;1&#8243; background_hover_color_opacity=&#8221;1&#8243; column_backdrop_filter=&#8221;none&#8221; column_shadow=&#8221;none&#8221; column_border_radius=&#8221;none&#8221; column_link_target=&#8221;_self&#8221; overflow=&#8221;visible&#8221; gradient_direction=&#8221;left_to_right&#8221; overlay_strength=&#8221;0.3&#8243; width=&#8221;1\/5&#8243; tablet_width_inherit=&#8221;default&#8221; animation_type=&#8221;default&#8221; bg_image_animation=&#8221;none&#8221; border_type=&#8221;simple&#8221; column_border_width=&#8221;none&#8221; column_border_style=&#8221;solid&#8221;][fancy_box box_style=&#8221;parallax_hover&#8221; icon_family=&#8221;none&#8221; image_url=&#8221;31445&#8243; parallax_hover_box_alignment=&#8221;middle&#8221; parallax_hover_box_overlay_opacity=&#8221;0.6&#8243; parallax_hover_box_overlay_opacity_hover=&#8221;0.2&#8243; border_radius=&#8221;default&#8221; image_loading=&#8221;default&#8221; color_scheme=&#8221;dark&#8221; secondary_content=&#8221;here&#8217;s some awesome text that would only be shown on hover&#8221; min_height=&#8221;400&#8243; link_url=&#8221;https:\/\/work-stuff.com\/pl\/produkty\/pedzelki\/detailing-brush-black-3-pack\/&#8221;]\n<h2>BLACK<\/h2>\n<h5>Zestaw szczotek<\/h5>\n[\/fancy_box][\/vc_column_inner][vc_column_inner column_padding=&#8221;no-extra-padding&#8221; column_padding_tablet=&#8221;inherit&#8221; column_padding_phone=&#8221;inherit&#8221; column_padding_position=&#8221;all&#8221; flex_gap_desktop=&#8221;10px&#8221; column_element_direction_desktop=&#8221;default&#8221; column_element_spacing=&#8221;default&#8221; desktop_text_alignment=&#8221;default&#8221; tablet_text_alignment=&#8221;default&#8221; phone_text_alignment=&#8221;default&#8221; background_color_opacity=&#8221;1&#8243; background_hover_color_opacity=&#8221;1&#8243; column_backdrop_filter=&#8221;none&#8221; column_shadow=&#8221;none&#8221; column_border_radius=&#8221;none&#8221; column_link_target=&#8221;_self&#8221; overflow=&#8221;visible&#8221; gradient_direction=&#8221;left_to_right&#8221; overlay_strength=&#8221;0.3&#8243; width=&#8221;1\/5&#8243; tablet_width_inherit=&#8221;default&#8221; animation_type=&#8221;default&#8221; bg_image_animation=&#8221;none&#8221; border_type=&#8221;simple&#8221; column_border_width=&#8221;none&#8221; column_border_style=&#8221;solid&#8221;][fancy_box box_style=&#8221;parallax_hover&#8221; icon_family=&#8221;none&#8221; image_url=&#8221;13996&#8243; parallax_hover_box_alignment=&#8221;bottom&#8221; parallax_hover_box_overlay_opacity=&#8221;0.6&#8243; parallax_hover_box_overlay_opacity_hover=&#8221;0.2&#8243; border_radius=&#8221;default&#8221; image_loading=&#8221;default&#8221; color_scheme=&#8221;dark&#8221; secondary_content=&#8221;&#8221; min_height=&#8221;400&#8243; link_url=&#8221;https:\/\/work-stuff.com\/pl\/produkty\/pedzelki\/detailing-brush-classic\/&#8221;]\n<h2>Detailing Brush CLASSIC<\/h2>\n<h5><\/h5>\n[\/fancy_box][\/vc_column_inner][vc_column_inner column_padding=&#8221;no-extra-padding&#8221; column_padding_tablet=&#8221;inherit&#8221; column_padding_phone=&#8221;inherit&#8221; column_padding_position=&#8221;all&#8221; flex_gap_desktop=&#8221;10px&#8221; column_element_direction_desktop=&#8221;default&#8221; column_element_spacing=&#8221;default&#8221; desktop_text_alignment=&#8221;default&#8221; tablet_text_alignment=&#8221;default&#8221; phone_text_alignment=&#8221;default&#8221; background_color_opacity=&#8221;1&#8243; background_hover_color_opacity=&#8221;1&#8243; column_backdrop_filter=&#8221;none&#8221; column_shadow=&#8221;none&#8221; column_border_radius=&#8221;none&#8221; column_link_target=&#8221;_self&#8221; overflow=&#8221;visible&#8221; gradient_direction=&#8221;left_to_right&#8221; overlay_strength=&#8221;0.3&#8243; width=&#8221;1\/5&#8243; tablet_width_inherit=&#8221;default&#8221; animation_type=&#8221;default&#8221; bg_image_animation=&#8221;none&#8221; border_type=&#8221;simple&#8221; column_border_width=&#8221;none&#8221; column_border_style=&#8221;solid&#8221;][fancy_box box_style=&#8221;parallax_hover&#8221; icon_family=&#8221;none&#8221; image_url=&#8221;31672&#8243; parallax_hover_box_alignment=&#8221;top&#8221; parallax_hover_box_overlay_opacity=&#8221;0.6&#8243; parallax_hover_box_overlay_opacity_hover=&#8221;0.2&#8243; border_radius=&#8221;default&#8221; image_loading=&#8221;default&#8221; color_scheme=&#8221;dark&#8221; secondary_content=&#8221;here&#8217;s some awesome text that would only be shown on hover&#8221; link_url=&#8221;https:\/\/work-stuff.com\/pl\/produkty\/pedzelki\/szczotka-do-detali-ultra-grip-czarna\/&#8221; min_height=&#8221;400&#8243;]\n<h2>BLACK<\/h2>\n<h2><span style=\"font-size: 16px;\">Ultra Grip<\/span><\/h2>\n[\/fancy_box][\/vc_column_inner][vc_column_inner column_padding=&#8221;no-extra-padding&#8221; column_padding_tablet=&#8221;inherit&#8221; column_padding_phone=&#8221;inherit&#8221; column_padding_position=&#8221;all&#8221; flex_gap_desktop=&#8221;10px&#8221; column_element_direction_desktop=&#8221;default&#8221; column_element_spacing=&#8221;default&#8221; desktop_text_alignment=&#8221;default&#8221; tablet_text_alignment=&#8221;default&#8221; phone_text_alignment=&#8221;default&#8221; background_color_opacity=&#8221;1&#8243; background_hover_color_opacity=&#8221;1&#8243; column_backdrop_filter=&#8221;none&#8221; column_shadow=&#8221;none&#8221; column_border_radius=&#8221;none&#8221; column_link_target=&#8221;_self&#8221; overflow=&#8221;visible&#8221; gradient_direction=&#8221;left_to_right&#8221; overlay_strength=&#8221;0.3&#8243; width=&#8221;1\/5&#8243; tablet_width_inherit=&#8221;default&#8221; animation_type=&#8221;default&#8221; bg_image_animation=&#8221;none&#8221; border_type=&#8221;simple&#8221; column_border_width=&#8221;none&#8221; column_border_style=&#8221;solid&#8221;][\/vc_column_inner][vc_column_inner column_padding=&#8221;no-extra-padding&#8221; column_padding_tablet=&#8221;inherit&#8221; column_padding_phone=&#8221;inherit&#8221; column_padding_position=&#8221;all&#8221; flex_gap_desktop=&#8221;10px&#8221; column_element_direction_desktop=&#8221;default&#8221; column_element_spacing=&#8221;default&#8221; desktop_text_alignment=&#8221;default&#8221; tablet_text_alignment=&#8221;default&#8221; phone_text_alignment=&#8221;default&#8221; background_color_opacity=&#8221;1&#8243; background_hover_color_opacity=&#8221;1&#8243; column_backdrop_filter=&#8221;none&#8221; column_shadow=&#8221;none&#8221; column_border_radius=&#8221;none&#8221; column_link_target=&#8221;_self&#8221; overflow=&#8221;visible&#8221; gradient_direction=&#8221;left_to_right&#8221; overlay_strength=&#8221;0.3&#8243; width=&#8221;1\/5&#8243; tablet_width_inherit=&#8221;default&#8221; animation_type=&#8221;default&#8221; bg_image_animation=&#8221;none&#8221; border_type=&#8221;simple&#8221; column_border_width=&#8221;none&#8221; column_border_style=&#8221;solid&#8221;][\/vc_column_inner][\/vc_row_inner][\/vc_column][\/vc_row]\n","protected":false},"excerpt":{"rendered":"<p>[vc_row type=&#8221;full_width_background&#8221; full_screen_row_position=&#8221;middle&#8221; column_margin=&#8221;default&#8221; column_direction=&#8221;default&#8221; column_direction_tablet=&#8221;default&#8221; column_direction_phone=&#8221;default&#8221; bg_color=&#8221;#212121&#8243; bg_image=&#8221;22111&#8243; bg_image_type=&#8221;default&#8221; bg_position=&#8221;center top&#8221; background_image_loading=&#8221;lazy-load&#8221; bg_repeat=&#8221;no-repeat&#8221; scene_position=&#8221;center&#8221; top_padding=&#8221;4%&#8221; bottom_padding=&#8221;6%&#8221; text_color=&#8221;light&#8221; text_align=&#8221;left&#8221; row_border_radius=&#8221;none&#8221; row_border_radius_applies=&#8221;bg&#8221; row_position_desktop=&#8221;default&#8221; row_position_tablet=&#8221;inherit&#8221; row_position_phone=&#8221;inherit&#8221; overflow=&#8221;visible&#8221; color_overlay=&#8221;#212121&#8243; overlay_strength=&#8221;0.8&#8243; gradient_direction=&#8221;left_to_right&#8221; shape_divider_position=&#8221;bottom&#8221; bg_image_animation=&#8221;none&#8221;&#8230;<\/p>\n","protected":false},"author":1,"featured_media":13861,"parent":1025,"menu_order":0,"comment_status":"closed","ping_status":"closed","template":"","meta":{"footnotes":""},"class_list":["post-1113","page","type-page","status-publish","has-post-thumbnail"],"publishpress_future_action":{"enabled":false,"date":"2026-04-21 15:11:25","action":"change-status","newStatus":"draft","terms":[],"taxonomy":"translation_priority","extraData":[]},"publishpress_future_workflow_manual_trigger":{"enabledWorkflows":[]},"_links":{"self":[{"href":"https:\/\/work-stuff.com\/pl\/wp-json\/wp\/v2\/pages\/1113","targetHints":{"allow":["GET"]}}],"collection":[{"href":"https:\/\/work-stuff.com\/pl\/wp-json\/wp\/v2\/pages"}],"about":[{"href":"https:\/\/work-stuff.com\/pl\/wp-json\/wp\/v2\/types\/page"}],"author":[{"embeddable":true,"href":"https:\/\/work-stuff.com\/pl\/wp-json\/wp\/v2\/users\/1"}],"replies":[{"embeddable":true,"href":"https:\/\/work-stuff.com\/pl\/wp-json\/wp\/v2\/comments?post=1113"}],"version-history":[{"count":26,"href":"https:\/\/work-stuff.com\/pl\/wp-json\/wp\/v2\/pages\/1113\/revisions"}],"predecessor-version":[{"id":36208,"href":"https:\/\/work-stuff.com\/pl\/wp-json\/wp\/v2\/pages\/1113\/revisions\/36208"}],"up":[{"embeddable":true,"href":"https:\/\/work-stuff.com\/pl\/wp-json\/wp\/v2\/pages\/1025"}],"wp:featuredmedia":[{"embeddable":true,"href":"https:\/\/work-stuff.com\/pl\/wp-json\/wp\/v2\/media\/13861"}],"wp:attachment":[{"href":"https:\/\/work-stuff.com\/pl\/wp-json\/wp\/v2\/media?parent=1113"}],"curies":[{"name":"wp","href":"https:\/\/api.w.org\/{rel}","templated":true}]}}