{"id":14906,"date":"2022-11-10T13:29:41","date_gmt":"2022-11-10T12:29:41","guid":{"rendered":"https:\/\/work-stuff.com\/?page_id=14906"},"modified":"2026-03-20T12:13:25","modified_gmt":"2026-03-20T11:13:25","slug":"detailing-brush-grey","status":"publish","type":"page","link":"https:\/\/work-stuff.com\/pl\/produkty\/pedzelki\/detailing-brush-grey\/","title":{"rendered":"Detailing Brush GREY"},"content":{"rendered":"[vc_row type=&#8221;full_width_background&#8221; full_screen_row_position=&#8221;middle&#8221; column_margin=&#8221;default&#8221; column_direction=&#8221;default&#8221; column_direction_tablet=&#8221;default&#8221; column_direction_phone=&#8221;default&#8221; bg_color=&#8221;#212121&#8243; bg_image=&#8221;22111&#8243; bg_image_type=&#8221;default&#8221; bg_position=&#8221;center top&#8221; background_image_loading=&#8221;lazy-load&#8221; bg_repeat=&#8221;no-repeat&#8221; scene_position=&#8221;center&#8221; top_padding=&#8221;4%&#8221; bottom_padding=&#8221;6%&#8221; text_color=&#8221;light&#8221; text_align=&#8221;left&#8221; row_border_radius=&#8221;none&#8221; row_border_radius_applies=&#8221;bg&#8221; row_position_desktop=&#8221;default&#8221; row_position_tablet=&#8221;inherit&#8221; row_position_phone=&#8221;inherit&#8221; overflow=&#8221;visible&#8221; color_overlay=&#8221;#212121&#8243; overlay_strength=&#8221;0.8&#8243; gradient_direction=&#8221;left_to_right&#8221; shape_divider_position=&#8221;bottom&#8221; bg_image_animation=&#8221;none&#8221; parallax_bg=&#8221;true&#8221; parallax_bg_speed=&#8221;fast&#8221; shape_type=&#8221;&#8221; gradient_type=&#8221;default&#8221;][vc_column column_padding=&#8221;no-extra-padding&#8221; column_padding_tablet=&#8221;inherit&#8221; column_padding_phone=&#8221;inherit&#8221; column_padding_position=&#8221;all&#8221; flex_gap_desktop=&#8221;10px&#8221; column_element_direction_desktop=&#8221;default&#8221; column_element_spacing=&#8221;default&#8221; desktop_text_alignment=&#8221;default&#8221; tablet_text_alignment=&#8221;default&#8221; phone_text_alignment=&#8221;default&#8221; background_color_opacity=&#8221;1&#8243; background_hover_color_opacity=&#8221;1&#8243; column_backdrop_filter=&#8221;none&#8221; column_shadow=&#8221;none&#8221; column_border_radius=&#8221;none&#8221; column_link_target=&#8221;_self&#8221; column_position=&#8221;default&#8221; gradient_direction=&#8221;left_to_right&#8221; overlay_strength=&#8221;0.3&#8243; width=&#8221;1\/1&#8243; tablet_width_inherit=&#8221;default&#8221; animation_type=&#8221;default&#8221; bg_image_animation=&#8221;none&#8221; border_type=&#8221;simple&#8221; column_border_width=&#8221;none&#8221; column_border_style=&#8221;solid&#8221;][nectar_highlighted_text text_color=&#8221;#fbb921&#8243; style=&#8221;text_outline&#8221; outline_thickness=&#8221;extra_thick&#8221; text_direction=&#8221;default&#8221; custom_font_size=&#8221;3vw&#8221;]\n<h1 data-product-id=\"9\">DETAILING BRUSH <em>GREY <\/em><span style=\"font-weight: normal; font-size: 0.7em;\">Uniwersalny p\u0119dzel do detailingu wn\u0119trza i felg&nbsp;<\/span><\/h1>\n[\/nectar_highlighted_text][vc_row_inner column_margin=&#8221;30px&#8221; column_direction=&#8221;default&#8221; column_direction_tablet=&#8221;default&#8221; column_direction_phone=&#8221;default&#8221; text_align=&#8221;left&#8221; row_position=&#8221;default&#8221; row_position_tablet=&#8221;inherit&#8221; row_position_phone=&#8221;inherit&#8221; overflow=&#8221;visible&#8221; pointer_events=&#8221;all&#8221;][vc_column_inner column_padding=&#8221;no-extra-padding&#8221; column_padding_tablet=&#8221;inherit&#8221; column_padding_phone=&#8221;inherit&#8221; column_padding_position=&#8221;all&#8221; flex_gap_desktop=&#8221;10px&#8221; column_element_direction_desktop=&#8221;default&#8221; column_element_spacing=&#8221;default&#8221; desktop_text_alignment=&#8221;default&#8221; tablet_text_alignment=&#8221;default&#8221; phone_text_alignment=&#8221;default&#8221; background_color_opacity=&#8221;1&#8243; background_hover_color_opacity=&#8221;1&#8243; column_backdrop_filter=&#8221;none&#8221; column_shadow=&#8221;none&#8221; column_border_radius=&#8221;none&#8221; column_link_target=&#8221;_self&#8221; overflow=&#8221;visible&#8221; gradient_direction=&#8221;left_to_right&#8221; overlay_strength=&#8221;0.3&#8243; width=&#8221;1\/2&#8243; tablet_width_inherit=&#8221;default&#8221; animation_type=&#8221;default&#8221; bg_image_animation=&#8221;none&#8221; border_type=&#8221;simple&#8221; column_border_width=&#8221;none&#8221; column_border_style=&#8221;solid&#8221;][nectar_cta btn_style=&#8221;basic&#8221; heading_tag=&#8221;h6&#8243; border_radius=&#8221;10&#8243; link_type=&#8221;regular&#8221; button_color=&#8221;default&#8221; text_color=&#8221;#fbb921&#8243; text_color_hover=&#8221;#ffffff&#8221; button_border_color=&#8221;#fbb921&#8243; button_border_color_hover=&#8221;#ffffff&#8221; button_border_thickness=&#8221;4px&#8221; alignment=&#8221;center&#8221; alignment_tablet=&#8221;default&#8221; alignment_phone=&#8221;default&#8221; constrain_group_3=&#8221;yes&#8221; display=&#8221;block&#8221; display_tablet=&#8221;inherit&#8221; display_phone=&#8221;inherit&#8221; icon_family=&#8221;linecons&#8221; class=&#8221;buy-button&#8221; font_size_desktop=&#8221;20&#8243; link_text=&#8221;Kupuj w autoryzowanych sklepach&#8221; padding_top=&#8221;11&#8243; padding_bottom=&#8221;11&#8243; padding_left=&#8221;11&#8243; padding_right=&#8221;11&#8243; icon_linecons=&#8221;vc_li vc_li-star&#8221; font_size_phone=&#8221;1rem&#8221;][vc_gallery css=&#8221;&#8221; type=&#8221;image_grid&#8221; images=&#8221;35330,35354,35334,35346,35338,35350&#8243; image_grid_loading=&#8221;lazy-load&#8221; layout=&#8221;2&#8243; item_spacing=&#8221;5px&#8221; gallery_style=&#8221;5&#8243; load_in_animation=&#8221;none&#8221; img_size=&#8221;full&#8221;][\/vc_column_inner][vc_column_inner column_padding=&#8221;padding-5-percent&#8221; column_padding_tablet=&#8221;inherit&#8221; column_padding_phone=&#8221;padding-2-percent&#8221; column_padding_position=&#8221;left-right&#8221; flex_gap_desktop=&#8221;10px&#8221; column_element_direction_desktop=&#8221;default&#8221; column_element_spacing=&#8221;default&#8221; desktop_text_alignment=&#8221;default&#8221; tablet_text_alignment=&#8221;default&#8221; phone_text_alignment=&#8221;default&#8221; background_color_opacity=&#8221;1&#8243; background_hover_color_opacity=&#8221;1&#8243; column_backdrop_filter=&#8221;none&#8221; column_shadow=&#8221;none&#8221; column_border_radius=&#8221;none&#8221; column_link_target=&#8221;_self&#8221; overflow=&#8221;visible&#8221; gradient_direction=&#8221;left_to_right&#8221; overlay_strength=&#8221;0.3&#8243; width=&#8221;1\/2&#8243; tablet_width_inherit=&#8221;default&#8221; animation_type=&#8221;default&#8221; bg_image_animation=&#8221;none&#8221; border_type=&#8221;simple&#8221; column_border_width=&#8221;none&#8221; column_border_style=&#8221;solid&#8221; column_padding_type=&#8221;default&#8221; gradient_type=&#8221;default&#8221;][image_with_animation image_url=&#8221;28781&#8243; image_size=&#8221;medium&#8221; max_width=&#8221;100%&#8221; max_width_mobile=&#8221;default&#8221; animation_type=&#8221;entrance&#8221; animation=&#8221;None&#8221; animation_movement_type=&#8221;transform_y&#8221; hover_animation=&#8221;none&#8221; alignment=&#8221;&#8221; border_radius=&#8221;none&#8221; box_shadow=&#8221;none&#8221; image_loading=&#8221;default&#8221;][nectar_responsive_text inherited_font_style=&#8221;default&#8221; text_color=&#8221;#ffffff&#8221; text_direction=&#8221;default&#8221; font_size_desktop=&#8221;35&#8243; font_line_height=&#8221;1&#8243;]\n<h2>Idealny balans mi\u0119dzy moc\u0105 czyszczenia a bezpiecze\u0144stwem powierzchni<\/h2>\n[\/nectar_responsive_text][vc_column_text css=&#8221;&#8221; text_direction=&#8221;default&#8221;]<strong>Detailing Brush GREY Work Stuff<\/strong> to <strong>uniwersalny p\u0119dzel detailingowy<\/strong>, kt\u00f3ry \u0142\u0105czy skuteczno\u015b\u0107 czyszczenia z bezpiecze\u0144stwem dla powierzchni. Dzi\u0119ki <strong>spr\u0119\u017cystemu syntetycznemu w\u0142osiu<\/strong> zapewnia idealny balans pomi\u0119dzy delikatno\u015bci\u0105 a moc\u0105 czyszczenia, dlatego sprawdzi si\u0119 zar\u00f3wno podczas <strong>czyszczenia wn\u0119trza samochodu<\/strong>, jak i przy pracach zewn\u0119trznych, takich jak <strong>prewash czy czyszczenie felg<\/strong>.<\/p>\n<p>Ten <strong>p\u0119dzel do detailingu GREY<\/strong> zosta\u0142 zaprojektowany z my\u015bl\u0105 o detailerach, kt\u00f3rzy potrzebuj\u0105 jednego narz\u0119dzia do wielu zastosowa\u0144. Spr\u0119\u017cyste w\u0142osie skutecznie usuwa zabrudzenia z <strong>kratek nawiewu, emblemat\u00f3w, szczelin i element\u00f3w plastikowych<\/strong>, a jednocze\u015bnie pozostaje bezpieczne dla powierzchni takich jak <strong>tapicerka sk\u00f3rzana, deska rozdzielcza czy lakierowane detale<\/strong>.<\/p>\n<hr>\n<h2>Spr\u0119\u017cyste syntetyczne w\u0142osie &#8211; balans mi\u0119dzy moc\u0105 a delikatno\u015bci\u0105<\/h2>\n<p>W przeciwie\u0144stwie do bardzo mi\u0119kkich p\u0119dzli wn\u0119trzowych lub bardzo twardych szczotek do ci\u0119\u017ckich zabrudze\u0144, <strong>p\u0119dzel GREY<\/strong>&nbsp;oferuje <strong>\u015bredni\u0105 sztywno\u015b\u0107 w\u0142osia<\/strong>. Dzi\u0119ki temu jest to <strong>p\u0119dzel \u015brednio mi\u0119kki<\/strong>, kt\u00f3ry sprawdzi si\u0119 w wielu sytuacjach detailingowych. Idealny do takich prac jak:<\/p>\n<ul>\n<li><strong>czyszczenie felg i ramion felg aluminiowych<\/strong><\/li>\n<li><strong>prewash<\/strong> w trudno dost\u0119pnych miejscach<\/li>\n<li><strong>czyszczenie deski rozdzielczej<\/strong> oraz paneli drzwi, <strong>kratki nawiewu i emblematy <\/strong>oraz sk\u00f3rzanej tapicerki<strong> i plastikowych element\u00f3w wn\u0119trza<\/strong><\/li>\n<\/ul>\n<p>Podczas czyszczenia element\u00f3w zewn\u0119trznych p\u0119dzel \u015bwietnie wsp\u00f3\u0142pracuje z <a href=\"https:\/\/goodstuff.com.pl\/pl\/produkty\/mycie\/snow-foam\/\" target=\"_blank\" rel=\"dofollow noopener\"><strong>Good Stuff Snow Foam<\/strong><\/a>, kt\u00f3ra pomaga rozpu\u015bci\u0107 zabrudzenia podczas <strong>mycia wst\u0119pnego<\/strong>.<\/p>\n<p>Do czyszczenia wn\u0119trza, sk\u00f3ry i plastik\u00f3w wielu detailer\u00f3w u\u017cywa go razem z <a href=\"https:\/\/goodstuff.com.pl\/pl\/produkty\/produkty-wnetrze\/leather-cleaner\/\" target=\"_blank\" rel=\"dofollow noopener\"><strong>Good Stuff Leather Cleaner<\/strong><\/a>, kt\u00f3ry pozwala bezpiecznie usuwa\u0107 zabrudzenia z <strong>tapicerki sk\u00f3rzanej<\/strong> oraz element\u00f3w kokpitu.<\/p>\n<hr>\n<h2>Ergonomiczny i trwa\u0142y<\/h2>\n<p><strong>P\u0119dzel GREY<\/strong>&nbsp;posiada <strong>lakierowany uchwyt z tworzywa<\/strong>, kt\u00f3ry jest odporny na chemi\u0119 detailingow\u0105 i wilgo\u0107. Ergonomiczna konstrukcja zapewnia pewny chwyt i pe\u0142n\u0105 kontrol\u0119 podczas pracy, nawet przy d\u0142u\u017cszych sesjach detailingowych.<\/p>\n<p>Dost\u0119pny w rozmiarach <strong>16 mm, 24 mm i 30 mm<\/strong>, dzi\u0119ki czemu mo\u017cna dobra\u0107 odpowiedni <strong>p\u0119dzel detailingowy grey<\/strong> do konkretnego zadania:<\/p>\n<ul>\n<li><strong>16 mm<\/strong> &#8211; kratki nawiewu, emblematy, szczeliny<\/li>\n<li><strong>24 mm<\/strong> &#8211; deska rozdzielcza, plastiki wn\u0119trza, tapicerka sk\u00f3rzana<\/li>\n<li><strong>30 mm<\/strong> &#8211; felgi, wi\u0119ksze elementy wn\u0119trza, prewash<\/li>\n<\/ul>\n<p>Po czyszczeniu powierzchni wielu detailer\u00f3w u\u017cywa <a href=\"https:\/\/work-stuff.com\/pl\/produkty\/mikrofibry\/worker\/\" target=\"_blank\" rel=\"dofollow noopener\"><strong>WORKER Microfiber Towel<\/strong><\/a> do usuni\u0119cia resztek produktu oraz wyko\u0144czenia powierzchni.<\/p>\n<hr>\n<h2>Dlaczego warto wybra\u0107 p\u0119dzel GREY?<\/h2>\n<p>\u2714 <strong>uniwersalny p\u0119dzel detailingowy<\/strong> do wn\u0119trza i zewn\u0119trznych element\u00f3w<br \/>\n\u2714 <strong>spr\u0119\u017cyste syntetyczne w\u0142osie<\/strong><br \/>\n\u2714 idealny do <strong>felg, wn\u0119trza, szczelin i prewash<\/strong><br \/>\n\u2714 <strong>ergonomiczny lakierowany uchwyt<\/strong> odporny na chemi\u0119<br \/>\n\u2714 profesjonalna jako\u015b\u0107 dla <strong>detailer\u00f3w i pasjonat\u00f3w auto detailingu<\/strong><\/p>\n<p>Je\u015bli potrzebujesz jednego narz\u0119dzia, kt\u00f3re poradzi sobie z <strong>czyszczeniem wn\u0119trza, felg oraz element\u00f3w podczas mycia wst\u0119pnego<\/strong>, <strong>p\u0119dzel GREY<\/strong>&nbsp;to idealne po\u0142\u0105czenie <strong>mocy czyszczenia i bezpiecze\u0144stwa dla powierzchni<\/strong>.[\/vc_column_text][nectar_cta btn_style=&#8221;basic&#8221; heading_tag=&#8221;h6&#8243; border_radius=&#8221;10&#8243; link_type=&#8221;regular&#8221; button_color=&#8221;default&#8221; text_color=&#8221;#fbb921&#8243; text_color_hover=&#8221;#ffffff&#8221; button_border_color=&#8221;#fbb921&#8243; button_border_color_hover=&#8221;#ffffff&#8221; button_border_thickness=&#8221;4px&#8221; alignment=&#8221;center&#8221; alignment_tablet=&#8221;default&#8221; alignment_phone=&#8221;default&#8221; constrain_group_3=&#8221;yes&#8221; display=&#8221;block&#8221; display_tablet=&#8221;inherit&#8221; display_phone=&#8221;inherit&#8221; icon_family=&#8221;linecons&#8221; class=&#8221;buy-button&#8221; font_size_desktop=&#8221;20&#8243; link_text=&#8221;Kupuj w autoryzowanych sklepach&#8221; padding_top=&#8221;11&#8243; padding_bottom=&#8221;11&#8243; padding_left=&#8221;11&#8243; padding_right=&#8221;11&#8243; icon_linecons=&#8221;vc_li vc_li-star&#8221; font_size_phone=&#8221;1rem&#8221;][vc_column_text css=&#8221;&#8221; text_direction=&#8221;default&#8221;]\n<div class=\"ws-nav\" style=\"text-align: center;\"><a class=\"ws-nav__btn ws-nav__btn--prev\" href=\"https:\/\/work-stuff.com\/pl\/produkty\/pedzelki\/detailing-brush-black\/\" rel=\"dofollow\" >\u2190 POPRZEDNI <\/a><br \/>\n<a class=\"ws-nav__btn ws-nav__btn--next\" href=\"https:\/\/work-stuff.com\/pl\/produkty\/pedzelki\/detailing-brush-short\/\" rel=\"dofollow\" >NAST\u0118PNY \u2192<\/a><\/div>\n[\/vc_column_text][\/vc_column_inner][\/vc_row_inner][\/vc_column][\/vc_row]\n","protected":false},"excerpt":{"rendered":"<p>[vc_row type=&#8221;full_width_background&#8221; full_screen_row_position=&#8221;middle&#8221; column_margin=&#8221;default&#8221; column_direction=&#8221;default&#8221; column_direction_tablet=&#8221;default&#8221; column_direction_phone=&#8221;default&#8221; bg_color=&#8221;#212121&#8243; bg_image=&#8221;22111&#8243; bg_image_type=&#8221;default&#8221; bg_position=&#8221;center top&#8221; background_image_loading=&#8221;lazy-load&#8221; bg_repeat=&#8221;no-repeat&#8221; scene_position=&#8221;center&#8221; top_padding=&#8221;4%&#8221; bottom_padding=&#8221;6%&#8221; text_color=&#8221;light&#8221; text_align=&#8221;left&#8221; row_border_radius=&#8221;none&#8221; row_border_radius_applies=&#8221;bg&#8221; row_position_desktop=&#8221;default&#8221; row_position_tablet=&#8221;inherit&#8221; row_position_phone=&#8221;inherit&#8221; overflow=&#8221;visible&#8221; color_overlay=&#8221;#212121&#8243; overlay_strength=&#8221;0.8&#8243; gradient_direction=&#8221;left_to_right&#8221; shape_divider_position=&#8221;bottom&#8221; bg_image_animation=&#8221;none&#8221;&#8230;<\/p>\n","protected":false},"author":1,"featured_media":15009,"parent":1025,"menu_order":0,"comment_status":"closed","ping_status":"closed","template":"","meta":{"footnotes":""},"class_list":["post-14906","page","type-page","status-publish","has-post-thumbnail"],"publishpress_future_action":{"enabled":false,"date":"2026-04-21 10:06:01","action":"change-status","newStatus":"draft","terms":[],"taxonomy":"translation_priority","extraData":[]},"publishpress_future_workflow_manual_trigger":{"enabledWorkflows":[]},"_links":{"self":[{"href":"https:\/\/work-stuff.com\/pl\/wp-json\/wp\/v2\/pages\/14906","targetHints":{"allow":["GET"]}}],"collection":[{"href":"https:\/\/work-stuff.com\/pl\/wp-json\/wp\/v2\/pages"}],"about":[{"href":"https:\/\/work-stuff.com\/pl\/wp-json\/wp\/v2\/types\/page"}],"author":[{"embeddable":true,"href":"https:\/\/work-stuff.com\/pl\/wp-json\/wp\/v2\/users\/1"}],"replies":[{"embeddable":true,"href":"https:\/\/work-stuff.com\/pl\/wp-json\/wp\/v2\/comments?post=14906"}],"version-history":[{"count":12,"href":"https:\/\/work-stuff.com\/pl\/wp-json\/wp\/v2\/pages\/14906\/revisions"}],"predecessor-version":[{"id":36195,"href":"https:\/\/work-stuff.com\/pl\/wp-json\/wp\/v2\/pages\/14906\/revisions\/36195"}],"up":[{"embeddable":true,"href":"https:\/\/work-stuff.com\/pl\/wp-json\/wp\/v2\/pages\/1025"}],"wp:featuredmedia":[{"embeddable":true,"href":"https:\/\/work-stuff.com\/pl\/wp-json\/wp\/v2\/media\/15009"}],"wp:attachment":[{"href":"https:\/\/work-stuff.com\/pl\/wp-json\/wp\/v2\/media?parent=14906"}],"curies":[{"name":"wp","href":"https:\/\/api.w.org\/{rel}","templated":true}]}}