{"id":1900,"date":"2019-11-14T12:42:14","date_gmt":"2019-11-14T11:42:14","guid":{"rendered":"https:\/\/work-stuff.com\/?page_id=1900"},"modified":"2026-03-20T12:36:04","modified_gmt":"2026-03-20T11:36:04","slug":"detailing-brush-rubber-albino","status":"publish","type":"page","link":"https:\/\/work-stuff.com\/pl\/produkty\/pedzelki\/detailing-brush-rubber-albino\/","title":{"rendered":"DETAILING BRUSH RUBBER ALBINO"},"content":{"rendered":"[vc_row type=&#8221;full_width_background&#8221; full_screen_row_position=&#8221;middle&#8221; column_margin=&#8221;default&#8221; column_direction=&#8221;default&#8221; column_direction_tablet=&#8221;default&#8221; column_direction_phone=&#8221;default&#8221; bg_color=&#8221;#212121&#8243; bg_image=&#8221;22111&#8243; bg_image_type=&#8221;default&#8221; bg_position=&#8221;center top&#8221; background_image_loading=&#8221;lazy-load&#8221; bg_repeat=&#8221;no-repeat&#8221; scene_position=&#8221;center&#8221; top_padding=&#8221;4%&#8221; bottom_padding=&#8221;6%&#8221; text_color=&#8221;light&#8221; text_align=&#8221;left&#8221; row_border_radius=&#8221;none&#8221; row_border_radius_applies=&#8221;bg&#8221; row_position_desktop=&#8221;default&#8221; row_position_tablet=&#8221;inherit&#8221; row_position_phone=&#8221;inherit&#8221; overflow=&#8221;visible&#8221; color_overlay=&#8221;#212121&#8243; overlay_strength=&#8221;0.8&#8243; gradient_direction=&#8221;left_to_right&#8221; shape_divider_position=&#8221;bottom&#8221; bg_image_animation=&#8221;none&#8221; parallax_bg=&#8221;true&#8221; parallax_bg_speed=&#8221;fast&#8221; shape_type=&#8221;&#8221; gradient_type=&#8221;default&#8221;][vc_column column_padding=&#8221;no-extra-padding&#8221; column_padding_tablet=&#8221;inherit&#8221; column_padding_phone=&#8221;inherit&#8221; column_padding_position=&#8221;all&#8221; flex_gap_desktop=&#8221;10px&#8221; column_element_direction_desktop=&#8221;default&#8221; column_element_spacing=&#8221;default&#8221; desktop_text_alignment=&#8221;default&#8221; tablet_text_alignment=&#8221;default&#8221; phone_text_alignment=&#8221;default&#8221; background_color_opacity=&#8221;1&#8243; background_hover_color_opacity=&#8221;1&#8243; column_backdrop_filter=&#8221;none&#8221; column_shadow=&#8221;none&#8221; column_border_radius=&#8221;none&#8221; column_link_target=&#8221;_self&#8221; column_position=&#8221;default&#8221; gradient_direction=&#8221;left_to_right&#8221; overlay_strength=&#8221;0.3&#8243; width=&#8221;1\/1&#8243; tablet_width_inherit=&#8221;default&#8221; animation_type=&#8221;default&#8221; bg_image_animation=&#8221;none&#8221; border_type=&#8221;simple&#8221; column_border_width=&#8221;none&#8221; column_border_style=&#8221;solid&#8221;][nectar_highlighted_text text_color=&#8221;#fbb921&#8243; style=&#8221;text_outline&#8221; outline_thickness=&#8221;thick&#8221; text_direction=&#8221;default&#8221; custom_font_size=&#8221;3vw&#8221; font_size_phone=&#8221;2.5rem&#8221;]\n<h1 data-product-id=\"7\"><em>DETAILING BRUSH<\/em> RUBBER ALBINO <span style=\"font-weight: normal; font-size: 0.7em;\">Mi\u0119kki p\u0119dzel do czyszczenia wn\u0119trza samochodu<\/span><\/h1>\n[\/nectar_highlighted_text][vc_row_inner column_margin=&#8221;30px&#8221; column_direction=&#8221;default&#8221; column_direction_tablet=&#8221;default&#8221; column_direction_phone=&#8221;default&#8221; text_align=&#8221;left&#8221; row_position=&#8221;default&#8221; row_position_tablet=&#8221;inherit&#8221; row_position_phone=&#8221;inherit&#8221; overflow=&#8221;visible&#8221; pointer_events=&#8221;all&#8221;][vc_column_inner column_padding=&#8221;no-extra-padding&#8221; column_padding_tablet=&#8221;inherit&#8221; column_padding_phone=&#8221;inherit&#8221; column_padding_position=&#8221;all&#8221; flex_gap_desktop=&#8221;10px&#8221; column_element_direction_desktop=&#8221;default&#8221; column_element_spacing=&#8221;default&#8221; desktop_text_alignment=&#8221;default&#8221; tablet_text_alignment=&#8221;default&#8221; phone_text_alignment=&#8221;default&#8221; background_color_opacity=&#8221;1&#8243; background_hover_color_opacity=&#8221;1&#8243; column_backdrop_filter=&#8221;none&#8221; column_shadow=&#8221;none&#8221; column_border_radius=&#8221;none&#8221; column_link_target=&#8221;_self&#8221; overflow=&#8221;visible&#8221; gradient_direction=&#8221;left_to_right&#8221; overlay_strength=&#8221;0.3&#8243; width=&#8221;1\/2&#8243; tablet_width_inherit=&#8221;default&#8221; animation_type=&#8221;default&#8221; bg_image_animation=&#8221;none&#8221; border_type=&#8221;simple&#8221; column_border_width=&#8221;none&#8221; column_border_style=&#8221;solid&#8221;][nectar_cta btn_style=&#8221;basic&#8221; heading_tag=&#8221;h6&#8243; border_radius=&#8221;10&#8243; link_type=&#8221;regular&#8221; button_color=&#8221;default&#8221; text_color=&#8221;#fbb921&#8243; text_color_hover=&#8221;#ffffff&#8221; button_border_color=&#8221;#fbb921&#8243; button_border_color_hover=&#8221;#ffffff&#8221; button_border_thickness=&#8221;4px&#8221; alignment=&#8221;center&#8221; alignment_tablet=&#8221;default&#8221; alignment_phone=&#8221;default&#8221; constrain_group_3=&#8221;yes&#8221; display=&#8221;block&#8221; display_tablet=&#8221;inherit&#8221; display_phone=&#8221;inherit&#8221; icon_family=&#8221;linecons&#8221; class=&#8221;buy-button&#8221; font_size_desktop=&#8221;20&#8243; link_text=&#8221;Kupuj w Autoryzowanych Sklepach&#8221; padding_top=&#8221;11&#8243; padding_bottom=&#8221;11&#8243; padding_left=&#8221;11&#8243; padding_right=&#8221;11&#8243; icon_linecons=&#8221;vc_li vc_li-star&#8221; font_size_phone=&#8221;1rem&#8221;][vc_gallery css=&#8221;&#8221; type=&#8221;image_grid&#8221; images=&#8221;13999,14001,14003,14005,4249&#8243; image_grid_loading=&#8221;lazy-load&#8221; layout=&#8221;2&#8243; item_spacing=&#8221;5px&#8221; gallery_style=&#8221;5&#8243; load_in_animation=&#8221;none&#8221; img_size=&#8221;full&#8221;]<div id=\"ultimate-video-488469d4d261f39b0\" class=\"ult-video  vc_custom_1736008433055 ult-adjust-bottom-margin ultimate-video-488469d4d261f39b0 ultv-7240 \"><div class=\"ultv-video ultv-aspect-ratio-16_9 ultv-subscribe-responsive-none\" data-videotype=\"uv_iframe\">\n\t\t\t\t\t\t<div class=\"ultv-video__outer-wrap\" data-autoplay=\"0\" data-device=\"false\"  data-iconbg=\"#3A3A3A\" data-overcolor=\"\" data-defaultbg=\"#1f1f1e\" data-defaultplay=\"defaulticon\"><div class=\"ultv-video__play\" data-src=\"https:\/\/www.youtube.com\/embed\/vtx18WaxsKk?rel=0&amp;start&amp;end&amp;controls=1&amp;mute=0&amp;modestbranding=0&amp;autoplay=1\">\n\t\t\t\t\t\t\t\t<img decoding=\"async\" class=\"ultv-video__thumb\" src=\"https:\/\/i.ytimg.com\/vi\/vtx18WaxsKk\/maxresdefault.jpg\"\/>\n\t\t\t\t\t\t\t\t<div class=\"ultv-video__play-icon  ultv-animation-none\" style=\"width:75px\"><svg height=\"100%\" version=\"1.1\" viewBox=\"0 0 68 48\" width=\"100%\"><path class=\"ultv-youtube-icon-bg\" d=\"m .66,37.62 c 0,0 .66,4.70 2.70,6.77 2.58,2.71 5.98,2.63 7.49,2.91 5.43,.52 23.10,.68 23.12,.68 .00,-1.3e-5 14.29,-0.02 23.81,-0.71 1.32,-0.15 4.22,-0.17 6.81,-2.89 2.03,-2.07 2.70,-6.77 2.70,-6.77 0,0 .67,-5.52 .67,-11.04 l 0,-5.17 c 0,-5.52 -0.67,-11.04 -0.67,-11.04 0,0 -0.66,-4.70 -2.70,-6.77 C 62.03,.86 59.13,.84 57.80,.69 48.28,0 34.00,0 34.00,0 33.97,0 19.69,0 10.18,.69 8.85,.84 5.95,.86 3.36,3.58 1.32,5.65 .66,10.35 .66,10.35 c 0,0 -0.55,4.50 -0.66,9.45 l 0,8.36 c .10,4.94 .66,9.45 .66,9.45 z\" fill=\"#1f1f1e\" ><\/path><path d=\"m 26.96,13.67 18.37,9.62 -18.37,9.55 -0.00,-19.17 z\" fill=\"#fff\"><\/path><path d=\"M 45.02,23.46 45.32,23.28 26.96,13.67 43.32,22.34 45.02,23.46 z\" fill=\"#ccc\"><\/path><\/svg><\/div> <\/div> <\/div><div class=\"ultv-subscribe-bar ult-responsive\"  data-ultimate-target='.ult-video.ultv-7240 .ultv-subscribe-bar'  data-responsive-json-new='{\"font-size\":\"\",\"line-height\":\"\"}'  style = \"color:#fff; background-color:#1b1b1b; \">\n\t\t\t\t<div class=\"ultv-subscribe-bar-prefix\" style=\"font-weight:normal;\">Subscribe to our YouTube Channel<\/div>\n\t\t\t\t<div class=\"ultv-subscribe-content\">\n\t\t\t\t\t<script src=\"https:\/\/apis.google.com\/js\/platform.js\"><\/script> <!-- Need to be enqueued from someplace else --><div class=\"g-ytsubscribe\" data-channelid=\"UCdaZpJ6Aql4hFcnLbtO_FGg\" data-count=\"hidden\"><\/div><\/div> <\/div><\/div><\/div>[\/vc_column_inner][vc_column_inner column_padding=&#8221;padding-5-percent&#8221; column_padding_tablet=&#8221;inherit&#8221; column_padding_phone=&#8221;inherit&#8221; column_padding_position=&#8221;left-right&#8221; flex_gap_desktop=&#8221;10px&#8221; column_element_direction_desktop=&#8221;default&#8221; column_element_spacing=&#8221;default&#8221; desktop_text_alignment=&#8221;default&#8221; tablet_text_alignment=&#8221;default&#8221; phone_text_alignment=&#8221;default&#8221; background_color_opacity=&#8221;1&#8243; background_hover_color_opacity=&#8221;1&#8243; column_backdrop_filter=&#8221;none&#8221; column_shadow=&#8221;none&#8221; column_border_radius=&#8221;none&#8221; column_link_target=&#8221;_self&#8221; overflow=&#8221;visible&#8221; gradient_direction=&#8221;left_to_right&#8221; overlay_strength=&#8221;0.3&#8243; width=&#8221;1\/2&#8243; tablet_width_inherit=&#8221;default&#8221; animation_type=&#8221;default&#8221; bg_image_animation=&#8221;none&#8221; border_type=&#8221;simple&#8221; column_border_width=&#8221;none&#8221; column_border_style=&#8221;solid&#8221; column_padding_type=&#8221;default&#8221; gradient_type=&#8221;default&#8221;][image_with_animation image_url=&#8221;28781&#8243; image_size=&#8221;medium&#8221; max_width=&#8221;100%&#8221; max_width_mobile=&#8221;default&#8221; animation_type=&#8221;entrance&#8221; animation=&#8221;None&#8221; animation_movement_type=&#8221;transform_y&#8221; hover_animation=&#8221;none&#8221; alignment=&#8221;&#8221; border_radius=&#8221;none&#8221; box_shadow=&#8221;none&#8221; image_loading=&#8221;default&#8221;][nectar_responsive_text inherited_font_style=&#8221;default&#8221; text_color=&#8221;#ffffff&#8221; text_direction=&#8221;default&#8221; font_size_desktop=&#8221;35&#8243; font_line_height=&#8221;1.1&#8243;]\n<h2>Bezpieczny p\u0119dzel detailingowy do wn\u0119trza i prewash<\/h2>\n[\/nectar_responsive_text][vc_column_text css=&#8221;&#8221; text_direction=&#8221;default&#8221;]16\/24\/30 mm[\/vc_column_text][vc_column_text css=&#8221;&#8221; text_direction=&#8221;default&#8221;]<strong>P\u0119dzel detailingowy RUBBER ALBINO Work Stuff<\/strong> zosta\u0142 zaprojektowany do bezpiecznego i precyzyjnego czyszczenia wn\u0119trza samochodu oraz lekkich prac prewash. Dzi\u0119ki <strong>ultrami\u0119kkiemu bia\u0142emu syntetycznemu w\u0142osiu<\/strong> oraz <strong>gumowanemu uchwytowi ochronnemu<\/strong> p\u0119dzel zapewnia kontrolowane czyszczenie bez ryzyka zarysowania delikatnych powierzchni.<\/p>\n<p><strong>P\u0119dzel rubber albino<\/strong> doskonale sprawdza si\u0119 przy czyszczeniu nowoczesnych wn\u0119trz samochodowych, takich jak <strong>tapicerka sk\u00f3rzana, deska rozdzielcza, elementy plastikowe, kratki nawiewu oraz detale wyko\u0144czeniowe<\/strong>. To idealne narz\u0119dzie dla detailer\u00f3w poszukuj\u0105cych <strong>bezpiecznego p\u0119dzla z gumowym uchwytem<\/strong> do pracy na delikatnych powierzchniach.<\/p>\n<p>Dzi\u0119ki odpowiedniemu balansowi mi\u0119dzy mi\u0119kko\u015bci\u0105 a skuteczno\u015bci\u0105 czyszczenia, <strong>p\u0119dzel RUBBER ALBINO<\/strong>&nbsp;pozwala usuwa\u0107 zabrudzenia przy zachowaniu maksymalnej ochrony powierzchni.<\/p>\n<hr>\n<h2>Kluczowe cechy<\/h2>\n<ul>\n<li><strong>Gumowany uchwyt ochronny<\/strong><\/li>\n<li><strong>Ultrami\u0119kkie syntetyczne bia\u0142e w\u0142osie<\/strong> &#8211; idealne do bezpiecznego detailingu wn\u0119trza<\/li>\n<li><strong>Kontrolowane czyszczenie<\/strong> &#8211; doskona\u0142y do pracy z produktami do czyszczenia wn\u0119trza i sk\u00f3ry.<\/li>\n<li><strong>Kompatybilno\u015b\u0107 z wieloma powierzchniami<\/strong><\/li>\n<li><strong>Dost\u0119pne trzy rozmiary<\/strong> &#8211; 16 mm, 24 mm oraz 30 mm.<\/li>\n<\/ul>\n<hr>\n<h2>Najlepsze zastosowania<\/h2>\n<ul>\n<li>plastiki wn\u0119trza i elementy kokpitu<\/li>\n<li>kierownice i tapicerka sk\u00f3rzana &#8211; mo\u017cna u\u017cywa\u0107 razem z <a href=\"https:\/\/goodstuff.com.pl\/pl\/produkty\/produkty-wnetrze\/apc\/\" target=\"_blank\" rel=\"dofollow noopener\"><b>APC<\/b><\/a><\/li>\n<li>delikatne prace prewash wok\u00f3\u0142 emblemat\u00f3w i grilli<\/li>\n<li>o\u015bcie\u017cnice drzwi i detale zewn\u0119trzne<\/li>\n<li>szczeliny i trudno dost\u0119pne miejsca<\/li>\n<\/ul>\n<hr>\n<h2>Uwaga dotycz\u0105ca powierzchni<\/h2>\n<p>P\u0119dzel nie jest zalecany do:<\/p>\n<ul>\n<li>silnych zabrudze\u0144 t\u0142uszczowych<\/li>\n<li>g\u0142\u0119bokiego czyszczenia komory silnika<\/li>\n<li>bardzo agresywnych zanieczyszcze\u0144<\/li>\n<\/ul>\n<p>Do mocniejszego czyszczenia element\u00f3w zewn\u0119trznych u\u017cyj <strong><a href=\"https:\/\/work-stuff.com\/pl\/produkty\/pedzelki\/detailing-brush-rubber-black\/\" rel=\"dofollow\" >RUBBER Black<\/a><\/strong>.<\/p>\n<p>Do bardzo ci\u0119\u017ckich zabrudze\u0144 sprawdzi si\u0119 <strong><a href=\"https:\/\/work-stuff.com\/pl\/produkty\/pedzelki\/detailing-brush-stiff\/\" rel=\"dofollow\" >STIFF<\/a><\/strong>.<\/p>\n<p>Do bardzo delikatnych powierzchni wysokiego po\u0142ysku u\u017cyj <strong><a href=\"https:\/\/work-stuff.com\/pl\/produkty\/pedzelki\/detailing-brush-ultra-soft\/\" rel=\"dofollow\" >ULTRA SOFT<\/a><\/strong>.<\/p>\n<hr>\n<h2>Dlaczego warto wybra\u0107 p\u0119dzel RUBBER ALBINO?<\/h2>\n<ul>\n<li>stworzony specjalnie do bezpiecznego detailingu wn\u0119trza<\/li>\n<li>zapewnia wi\u0119ksz\u0105 kontrol\u0119 ni\u017c ultra mi\u0119kkie p\u0119dzle wyko\u0144czeniowe<\/li>\n<li>chroni powierzchnie przy jednoczesnym skutecznym czyszczeniu<\/li>\n<li>trwa\u0142a konstrukcja odporna na kontakt z chemi\u0105 detailingow\u0105<\/li>\n<\/ul>\n<p>Je\u015bli potrzebujesz <strong>bezpiecznego p\u0119dzla detailingowego do wn\u0119trza oraz lekkich prac zewn\u0119trznych<\/strong>, <strong>RUBBER ALBINO<\/strong> zapewnia idealne po\u0142\u0105czenie ochrony powierzchni, kontroli pracy i skuteczno\u015bci czyszczenia.[\/vc_column_text][nectar_cta btn_style=&#8221;basic&#8221; heading_tag=&#8221;h6&#8243; border_radius=&#8221;10&#8243; link_type=&#8221;regular&#8221; button_color=&#8221;default&#8221; text_color=&#8221;#fbb921&#8243; text_color_hover=&#8221;#ffffff&#8221; button_border_color=&#8221;#fbb921&#8243; button_border_color_hover=&#8221;#ffffff&#8221; button_border_thickness=&#8221;4px&#8221; alignment=&#8221;center&#8221; alignment_tablet=&#8221;default&#8221; alignment_phone=&#8221;default&#8221; constrain_group_3=&#8221;yes&#8221; display=&#8221;block&#8221; display_tablet=&#8221;inherit&#8221; display_phone=&#8221;inherit&#8221; icon_family=&#8221;linecons&#8221; class=&#8221;buy-button&#8221; font_size_desktop=&#8221;20&#8243; link_text=&#8221;Kupuj w Autoryzowanych Sklepach&#8221; padding_top=&#8221;11&#8243; padding_bottom=&#8221;11&#8243; padding_left=&#8221;11&#8243; padding_right=&#8221;11&#8243; icon_linecons=&#8221;vc_li vc_li-star&#8221; font_size_phone=&#8221;1rem&#8221;][vc_column_text css=&#8221;&#8221; text_direction=&#8221;default&#8221;]\n<div class=\"ws-nav\" style=\"text-align: center;\"><a class=\"ws-nav__btn ws-nav__btn--prev\" href=\"https:\/\/work-stuff.com\/pl\/produkty\/pedzelki\/detailing-brush-rubber-albino-orange\/\" rel=\"dofollow\" >\u2190 POPRZEDNI<\/a><br \/>\n<a class=\"ws-nav__btn ws-nav__btn--next\" href=\"https:\/\/work-stuff.com\/pl\/produkty\/pedzelki\/detailing-brush-ultra-soft\/\" rel=\"dofollow\" >DALEJ \u2192<\/a><\/div>\n[\/vc_column_text][\/vc_column_inner][\/vc_row_inner][\/vc_column][\/vc_row]\n","protected":false},"excerpt":{"rendered":"<p>[vc_row type=&#8221;full_width_background&#8221; full_screen_row_position=&#8221;middle&#8221; column_margin=&#8221;default&#8221; column_direction=&#8221;default&#8221; column_direction_tablet=&#8221;default&#8221; column_direction_phone=&#8221;default&#8221; bg_color=&#8221;#212121&#8243; bg_image=&#8221;22111&#8243; bg_image_type=&#8221;default&#8221; bg_position=&#8221;center top&#8221; background_image_loading=&#8221;lazy-load&#8221; bg_repeat=&#8221;no-repeat&#8221; scene_position=&#8221;center&#8221; top_padding=&#8221;4%&#8221; bottom_padding=&#8221;6%&#8221; text_color=&#8221;light&#8221; text_align=&#8221;left&#8221; row_border_radius=&#8221;none&#8221; row_border_radius_applies=&#8221;bg&#8221; row_position_desktop=&#8221;default&#8221; row_position_tablet=&#8221;inherit&#8221; row_position_phone=&#8221;inherit&#8221; overflow=&#8221;visible&#8221; color_overlay=&#8221;#212121&#8243; overlay_strength=&#8221;0.8&#8243; gradient_direction=&#8221;left_to_right&#8221; shape_divider_position=&#8221;bottom&#8221; bg_image_animation=&#8221;none&#8221;&#8230;<\/p>\n","protected":false},"author":1,"featured_media":14000,"parent":1025,"menu_order":0,"comment_status":"closed","ping_status":"closed","template":"","meta":{"footnotes":""},"class_list":["post-1900","page","type-page","status-publish","has-post-thumbnail"],"publishpress_future_action":{"enabled":false,"date":"2026-04-21 11:46:10","action":"change-status","newStatus":"draft","terms":[],"taxonomy":"translation_priority","extraData":[]},"publishpress_future_workflow_manual_trigger":{"enabledWorkflows":[]},"_links":{"self":[{"href":"https:\/\/work-stuff.com\/pl\/wp-json\/wp\/v2\/pages\/1900","targetHints":{"allow":["GET"]}}],"collection":[{"href":"https:\/\/work-stuff.com\/pl\/wp-json\/wp\/v2\/pages"}],"about":[{"href":"https:\/\/work-stuff.com\/pl\/wp-json\/wp\/v2\/types\/page"}],"author":[{"embeddable":true,"href":"https:\/\/work-stuff.com\/pl\/wp-json\/wp\/v2\/users\/1"}],"replies":[{"embeddable":true,"href":"https:\/\/work-stuff.com\/pl\/wp-json\/wp\/v2\/comments?post=1900"}],"version-history":[{"count":11,"href":"https:\/\/work-stuff.com\/pl\/wp-json\/wp\/v2\/pages\/1900\/revisions"}],"predecessor-version":[{"id":36202,"href":"https:\/\/work-stuff.com\/pl\/wp-json\/wp\/v2\/pages\/1900\/revisions\/36202"}],"up":[{"embeddable":true,"href":"https:\/\/work-stuff.com\/pl\/wp-json\/wp\/v2\/pages\/1025"}],"wp:featuredmedia":[{"embeddable":true,"href":"https:\/\/work-stuff.com\/pl\/wp-json\/wp\/v2\/media\/14000"}],"wp:attachment":[{"href":"https:\/\/work-stuff.com\/pl\/wp-json\/wp\/v2\/media?parent=1900"}],"curies":[{"name":"wp","href":"https:\/\/api.w.org\/{rel}","templated":true}]}}