{"id":20923,"date":"2024-01-15T16:45:05","date_gmt":"2024-01-15T15:45:05","guid":{"rendered":"https:\/\/work-stuff.com\/?page_id=20923"},"modified":"2026-03-25T13:07:53","modified_gmt":"2026-03-25T12:07:53","slug":"work-gloves","status":"publish","type":"page","link":"https:\/\/work-stuff.com\/pl\/produkty\/pozostale\/work-gloves\/","title":{"rendered":"WORK GLOVES"},"content":{"rendered":"[vc_row type=&#8221;full_width_background&#8221; full_screen_row_position=&#8221;middle&#8221; column_margin=&#8221;default&#8221; column_direction=&#8221;default&#8221; column_direction_tablet=&#8221;default&#8221; column_direction_phone=&#8221;default&#8221; bg_color=&#8221;#212121&#8243; bg_image=&#8221;21589&#8243; bg_image_type=&#8221;default&#8221; bg_position=&#8221;center center&#8221; background_image_loading=&#8221;lazy-load&#8221; bg_repeat=&#8221;no-repeat&#8221; scene_position=&#8221;center&#8221; top_padding=&#8221;4%&#8221; bottom_padding=&#8221;6%&#8221; text_color=&#8221;light&#8221; text_align=&#8221;left&#8221; row_border_radius=&#8221;none&#8221; row_border_radius_applies=&#8221;bg&#8221; row_position_desktop=&#8221;default&#8221; row_position_tablet=&#8221;inherit&#8221; row_position_phone=&#8221;inherit&#8221; overflow=&#8221;visible&#8221; color_overlay=&#8221;#212121&#8243; overlay_strength=&#8221;0.8&#8243; gradient_direction=&#8221;left_to_right&#8221; shape_divider_position=&#8221;bottom&#8221; bg_image_animation=&#8221;none&#8221; parallax_bg=&#8221;true&#8221; parallax_bg_speed=&#8221;fast&#8221; shape_type=&#8221;&#8221; gradient_type=&#8221;default&#8221;][vc_column column_padding=&#8221;no-extra-padding&#8221; column_padding_tablet=&#8221;inherit&#8221; column_padding_phone=&#8221;inherit&#8221; column_padding_position=&#8221;all&#8221; flex_gap_desktop=&#8221;10px&#8221; column_element_direction_desktop=&#8221;default&#8221; column_element_spacing=&#8221;default&#8221; desktop_text_alignment=&#8221;default&#8221; tablet_text_alignment=&#8221;default&#8221; phone_text_alignment=&#8221;default&#8221; background_color_opacity=&#8221;1&#8243; background_hover_color_opacity=&#8221;1&#8243; column_backdrop_filter=&#8221;none&#8221; column_shadow=&#8221;none&#8221; column_border_radius=&#8221;none&#8221; column_link_target=&#8221;_self&#8221; column_position=&#8221;default&#8221; gradient_direction=&#8221;left_to_right&#8221; overlay_strength=&#8221;0.3&#8243; width=&#8221;1\/1&#8243; tablet_width_inherit=&#8221;default&#8221; animation_type=&#8221;default&#8221; bg_image_animation=&#8221;none&#8221; border_type=&#8221;simple&#8221; column_border_width=&#8221;none&#8221; column_border_style=&#8221;solid&#8221;][nectar_highlighted_text text_color=&#8221;#fbb921&#8243; style=&#8221;text_outline&#8221; outline_thickness=&#8221;thick&#8221; text_direction=&#8221;default&#8221; custom_font_size=&#8221;4vw&#8221; font_size_phone=&#8221;3rem&#8221;]\n<h1 data-product-id=\"92\"><em>WORK<\/em>&nbsp;<em>GLOVES <\/em><span style=\"font-weight: normal; font-size: 0.7em;\">R\u0119kawice Nitrylowe do Czyszczenia Samochod\u00f3w&nbsp;<\/span><\/h1>\n[\/nectar_highlighted_text][vc_row_inner column_margin=&#8221;30px&#8221; column_direction=&#8221;default&#8221; column_direction_tablet=&#8221;default&#8221; column_direction_phone=&#8221;default&#8221; text_align=&#8221;left&#8221; row_position=&#8221;default&#8221; row_position_tablet=&#8221;inherit&#8221; row_position_phone=&#8221;inherit&#8221; overflow=&#8221;visible&#8221; pointer_events=&#8221;all&#8221;][vc_column_inner column_padding=&#8221;no-extra-padding&#8221; column_padding_tablet=&#8221;inherit&#8221; column_padding_phone=&#8221;inherit&#8221; column_padding_position=&#8221;all&#8221; flex_gap_desktop=&#8221;10px&#8221; column_element_direction_desktop=&#8221;default&#8221; column_element_spacing=&#8221;default&#8221; desktop_text_alignment=&#8221;default&#8221; tablet_text_alignment=&#8221;default&#8221; phone_text_alignment=&#8221;default&#8221; background_color_opacity=&#8221;1&#8243; background_hover_color_opacity=&#8221;1&#8243; column_backdrop_filter=&#8221;none&#8221; column_shadow=&#8221;none&#8221; column_border_radius=&#8221;none&#8221; column_link_target=&#8221;_self&#8221; overflow=&#8221;visible&#8221; gradient_direction=&#8221;left_to_right&#8221; overlay_strength=&#8221;0.3&#8243; width=&#8221;1\/2&#8243; tablet_width_inherit=&#8221;default&#8221; animation_type=&#8221;default&#8221; bg_image_animation=&#8221;none&#8221; border_type=&#8221;simple&#8221; column_border_width=&#8221;none&#8221; column_border_style=&#8221;solid&#8221;][nectar_cta btn_style=&#8221;basic&#8221; heading_tag=&#8221;h6&#8243; border_radius=&#8221;10&#8243; link_type=&#8221;regular&#8221; button_color=&#8221;default&#8221; text_color=&#8221;#fbb921&#8243; text_color_hover=&#8221;#ffffff&#8221; button_border_color=&#8221;#fbb921&#8243; button_border_color_hover=&#8221;#ffffff&#8221; button_border_thickness=&#8221;4px&#8221; alignment=&#8221;center&#8221; alignment_tablet=&#8221;default&#8221; alignment_phone=&#8221;default&#8221; constrain_group_3=&#8221;yes&#8221; display=&#8221;block&#8221; display_tablet=&#8221;inherit&#8221; display_phone=&#8221;inherit&#8221; icon_family=&#8221;linecons&#8221; class=&#8221;buy-button&#8221; font_size_desktop=&#8221;20&#8243; link_text=&#8221;Kupuj w autoryzowanych sklepach&#8221; padding_top=&#8221;11&#8243; padding_bottom=&#8221;11&#8243; padding_left=&#8221;11&#8243; padding_right=&#8221;11&#8243; icon_linecons=&#8221;vc_li vc_li-star&#8221; font_size_phone=&#8221;1rem&#8221;][vc_gallery css=&#8221;&#8221; type=&#8221;image_grid&#8221; images=&#8221;35216,35202,35211,35190,35186,35194,35182,35198&#8243; image_grid_loading=&#8221;lazy-load&#8221; layout=&#8221;2&#8243; item_spacing=&#8221;5px&#8221; gallery_style=&#8221;5&#8243; load_in_animation=&#8221;none&#8221; img_size=&#8221;full&#8221;][\/vc_column_inner][vc_column_inner column_padding=&#8221;padding-5-percent&#8221; column_padding_tablet=&#8221;inherit&#8221; column_padding_phone=&#8221;inherit&#8221; column_padding_position=&#8221;left-right&#8221; flex_gap_desktop=&#8221;10px&#8221; column_element_direction_desktop=&#8221;default&#8221; column_element_spacing=&#8221;default&#8221; desktop_text_alignment=&#8221;default&#8221; tablet_text_alignment=&#8221;default&#8221; phone_text_alignment=&#8221;default&#8221; background_color_opacity=&#8221;1&#8243; background_hover_color_opacity=&#8221;1&#8243; column_backdrop_filter=&#8221;none&#8221; column_shadow=&#8221;none&#8221; column_border_radius=&#8221;none&#8221; column_link_target=&#8221;_self&#8221; overflow=&#8221;visible&#8221; gradient_direction=&#8221;left_to_right&#8221; overlay_strength=&#8221;0.3&#8243; width=&#8221;1\/2&#8243; tablet_width_inherit=&#8221;default&#8221; animation_type=&#8221;default&#8221; bg_image_animation=&#8221;none&#8221; border_type=&#8221;simple&#8221; column_border_width=&#8221;none&#8221; column_border_style=&#8221;solid&#8221; column_padding_type=&#8221;default&#8221; gradient_type=&#8221;default&#8221;][vc_column_text css=&#8221;&#8221; text_direction=&#8221;default&#8221;]\n<h2>Piel\u0119gnacja Opon bez Brudzenia R\u0105k<\/h2>\n[\/vc_column_text][vc_column_text css=&#8221;&#8221; text_direction=&#8221;default&#8221;]\n<p data-start=\"985\" data-end=\"1119\">Je\u015bli szukasz naprawd\u0119 wytrzyma\u0142ych <strong data-start=\"1009\" data-end=\"1033\">r\u0119kawic do piel\u0119gnacji samochodu<\/strong>, te ulepszone 5-milimetrowe r\u0119kawice s\u0105 stworzone do profesjonalnego czyszczenia samochodu. Zapewniaj\u0105 doskona\u0142\u0105 odporno\u015b\u0107 na substancje chemiczne, zwi\u0119kszon\u0105 trwa\u0142o\u015b\u0107 i teksturowany, antypo\u015blizgowy uchwyt, co zapewnia maksymaln\u0105 kontrol\u0119 podczas pracy z lakierem, ko\u0142ami, wn\u0119trzem i komor\u0105 silnika.<\/p>\n<hr>\n<h2 data-start=\"1351\" data-end=\"1406\">Dlaczego Te R\u0119kawice s\u0105 Najlepsze do Detailingu Samochodowego?<\/h2>\n<p data-start=\"1408\" data-end=\"1543\">Wi\u0119kszo\u015b\u0107 standardowych r\u0119kawic nitrylowych ma grubo\u015b\u0107 3\u20133,5 mil i rozrywa si\u0119 podczas intensywnego u\u017cytkowania.<br data-start=\"1477\" data-end=\"1480\"><strong>Work Gloves<\/strong> zosta\u0142y ulepszone do <strong data-start=\"1508\" data-end=\"1538\">grubo\u015bci 5 mil (\u22480,12 mm)<\/strong> w celu:<\/p>\n<ul data-start=\"1545\" data-end=\"1704\">\n<li data-start=\"1545\" data-end=\"1571\">\n<p data-start=\"1547\" data-end=\"1571\">Zwi\u0119kszenia odporno\u015bci na rozdarcie<\/p>\n<\/li>\n<li data-start=\"1572\" data-end=\"1636\">\n<p data-start=\"1574\" data-end=\"1636\">Lepszej ochrony przed APC, TFR, kwasami i pow\u0142okami z k\u00f3\u0142<\/p>\n<\/li>\n<li data-start=\"1637\" data-end=\"1704\">\n<p data-start=\"1639\" data-end=\"1704\">Wyd\u0142u\u017cenia \u017cywotno\u015bci podczas korekty lakieru i nak\u0142adania pow\u0142oki ceramicznej<\/p>\n<\/li>\n<\/ul>\n<hr data-start=\"1800\" data-end=\"1803\">\n<h2 data-start=\"1805\" data-end=\"1850\">Profesjonalna ochrona<\/h2>\n<p data-start=\"1852\" data-end=\"1886\">Te <strong data-start=\"1858\" data-end=\"1881\">nitrylowe r\u0119kawice robocze<\/strong> to:<\/p>\n<ul data-start=\"1888\" data-end=\"1998\">\n<li data-start=\"1888\" data-end=\"1903\">\n<p data-start=\"1890\" data-end=\"1903\">Bez pudru<\/p>\n<\/li>\n<li data-start=\"1904\" data-end=\"1922\">\n<p data-start=\"1906\" data-end=\"1922\">Hipoalergiczny<\/p>\n<\/li>\n<li data-start=\"1923\" data-end=\"1945\">\n<p data-start=\"1925\" data-end=\"1945\">Odporny na chemikalia<\/p>\n<\/li>\n<li data-start=\"1946\" data-end=\"1998\">\n<p data-start=\"1948\" data-end=\"1998\">Zaprojektowany dla profesjonalnych \u015brodowisk detailingowych<\/p>\n<\/li>\n<\/ul>\n<p data-start=\"2000\" data-end=\"2117\">W przeciwie\u0144stwie do tanich r\u0119kawiczek jednorazowych, te s\u0105 przeznaczone do <strong data-start=\"2051\" data-end=\"2088\">profesjonalnego u\u017cytku<\/strong>, a nie do lekkich prac domowych.<\/p>\n<hr data-start=\"2395\" data-end=\"2398\">\n<h2 data-start=\"2400\" data-end=\"2417\">Specyfikacje<\/h2>\n<ul>\n<li data-start=\"2421\" data-end=\"2440\">Materia\u0142: Nitryl<\/li>\n<li data-start=\"2443\" data-end=\"2472\">Grubo\u015b\u0107: 5 mil (\u22480,12 mm)<\/li>\n<li data-start=\"2475\" data-end=\"2489\">Kolor: czarny<\/li>\n<li data-start=\"2492\" data-end=\"2511\">Rozmiary: M \/ L \/ XL<\/li>\n<li data-start=\"2514\" data-end=\"2544\">Ilo\u015b\u0107: 100 r\u0119kawiczek w pude\u0142ku<\/li>\n<\/ul>\n[\/vc_column_text][nectar_cta btn_style=&#8221;basic&#8221; heading_tag=&#8221;h6&#8243; border_radius=&#8221;10&#8243; link_type=&#8221;regular&#8221; button_color=&#8221;default&#8221; text_color=&#8221;#fbb921&#8243; text_color_hover=&#8221;#ffffff&#8221; button_border_color=&#8221;#fbb921&#8243; button_border_color_hover=&#8221;#ffffff&#8221; button_border_thickness=&#8221;4px&#8221; alignment=&#8221;center&#8221; alignment_tablet=&#8221;default&#8221; alignment_phone=&#8221;default&#8221; constrain_group_3=&#8221;yes&#8221; display=&#8221;block&#8221; display_tablet=&#8221;inherit&#8221; display_phone=&#8221;inherit&#8221; icon_family=&#8221;linecons&#8221; class=&#8221;buy-button&#8221; font_size_desktop=&#8221;20&#8243; link_text=&#8221;Kupuj w autoryzowanych sklepach&#8221; padding_top=&#8221;11&#8243; padding_bottom=&#8221;11&#8243; padding_left=&#8221;11&#8243; padding_right=&#8221;11&#8243; icon_linecons=&#8221;vc_li vc_li-star&#8221; font_size_phone=&#8221;1rem&#8221;][vc_column_text css_animation=&#8221;none&#8221; css=&#8221;&#8221; text_direction=&#8221;default&#8221;]\n<div class=\"ws-nav\" style=\"text-align: center;\"><a class=\"ws-nav__btn ws-nav__btn--prev\" href=\"https:\/\/work-stuff.com\/pl\/produkty\/pozostale\/eclipse-microfiber-applicator\/\" rel=\"dofollow\" >\u2190 POPRZEDNI <\/a><br \/>\n<a class=\"ws-nav__btn ws-nav__btn--next\" href=\"https:\/\/work-stuff.com\/pl\/produkty\/pozostale\/detailing-bag\/\" rel=\"dofollow\" >NAST\u0118PNY \u2192<\/a><\/div>\n[\/vc_column_text][\/vc_column_inner][\/vc_row_inner][\/vc_column][\/vc_row]\n","protected":false},"excerpt":{"rendered":"<p>[vc_row type=&#8221;full_width_background&#8221; full_screen_row_position=&#8221;middle&#8221; column_margin=&#8221;default&#8221; column_direction=&#8221;default&#8221; column_direction_tablet=&#8221;default&#8221; column_direction_phone=&#8221;default&#8221; bg_color=&#8221;#212121&#8243; bg_image=&#8221;21589&#8243; bg_image_type=&#8221;default&#8221; bg_position=&#8221;center center&#8221; background_image_loading=&#8221;lazy-load&#8221; bg_repeat=&#8221;no-repeat&#8221; scene_position=&#8221;center&#8221; top_padding=&#8221;4%&#8221; bottom_padding=&#8221;6%&#8221; text_color=&#8221;light&#8221; text_align=&#8221;left&#8221; row_border_radius=&#8221;none&#8221; row_border_radius_applies=&#8221;bg&#8221; row_position_desktop=&#8221;default&#8221; row_position_tablet=&#8221;inherit&#8221; row_position_phone=&#8221;inherit&#8221; overflow=&#8221;visible&#8221; color_overlay=&#8221;#212121&#8243; overlay_strength=&#8221;0.8&#8243; gradient_direction=&#8221;left_to_right&#8221; shape_divider_position=&#8221;bottom&#8221; bg_image_animation=&#8221;none&#8221;&#8230;<\/p>\n","protected":false},"author":1,"featured_media":20941,"parent":1033,"menu_order":0,"comment_status":"closed","ping_status":"closed","template":"","meta":{"footnotes":""},"class_list":["post-20923","page","type-page","status-publish","has-post-thumbnail"],"publishpress_future_action":{"enabled":false,"date":"2026-04-21 09:57:04","action":"change-status","newStatus":"draft","terms":[],"taxonomy":"translation_priority","extraData":[]},"publishpress_future_workflow_manual_trigger":{"enabledWorkflows":[]},"_links":{"self":[{"href":"https:\/\/work-stuff.com\/pl\/wp-json\/wp\/v2\/pages\/20923","targetHints":{"allow":["GET"]}}],"collection":[{"href":"https:\/\/work-stuff.com\/pl\/wp-json\/wp\/v2\/pages"}],"about":[{"href":"https:\/\/work-stuff.com\/pl\/wp-json\/wp\/v2\/types\/page"}],"author":[{"embeddable":true,"href":"https:\/\/work-stuff.com\/pl\/wp-json\/wp\/v2\/users\/1"}],"replies":[{"embeddable":true,"href":"https:\/\/work-stuff.com\/pl\/wp-json\/wp\/v2\/comments?post=20923"}],"version-history":[{"count":9,"href":"https:\/\/work-stuff.com\/pl\/wp-json\/wp\/v2\/pages\/20923\/revisions"}],"predecessor-version":[{"id":36457,"href":"https:\/\/work-stuff.com\/pl\/wp-json\/wp\/v2\/pages\/20923\/revisions\/36457"}],"up":[{"embeddable":true,"href":"https:\/\/work-stuff.com\/pl\/wp-json\/wp\/v2\/pages\/1033"}],"wp:featuredmedia":[{"embeddable":true,"href":"https:\/\/work-stuff.com\/pl\/wp-json\/wp\/v2\/media\/20941"}],"wp:attachment":[{"href":"https:\/\/work-stuff.com\/pl\/wp-json\/wp\/v2\/media?parent=20923"}],"curies":[{"name":"wp","href":"https:\/\/api.w.org\/{rel}","templated":true}]}}