{"id":2328,"date":"2020-10-19T14:15:14","date_gmt":"2020-10-19T12:15:14","guid":{"rendered":"https:\/\/work-stuff.com\/?page_id=2328"},"modified":"2026-03-20T12:42:39","modified_gmt":"2026-03-20T11:42:39","slug":"detailing-brush-ultra-soft","status":"publish","type":"page","link":"https:\/\/work-stuff.com\/pl\/produkty\/pedzelki\/detailing-brush-ultra-soft\/","title":{"rendered":"DETAILING BRUSH ULTRA SOFT"},"content":{"rendered":"[vc_row type=&#8221;full_width_background&#8221; full_screen_row_position=&#8221;middle&#8221; column_margin=&#8221;default&#8221; column_direction=&#8221;default&#8221; column_direction_tablet=&#8221;default&#8221; column_direction_phone=&#8221;default&#8221; bg_color=&#8221;#212121&#8243; bg_image=&#8221;22111&#8243; bg_image_type=&#8221;default&#8221; bg_position=&#8221;center top&#8221; background_image_loading=&#8221;lazy-load&#8221; bg_repeat=&#8221;no-repeat&#8221; scene_position=&#8221;center&#8221; top_padding=&#8221;4%&#8221; bottom_padding=&#8221;6%&#8221; text_color=&#8221;light&#8221; text_align=&#8221;left&#8221; row_border_radius=&#8221;none&#8221; row_border_radius_applies=&#8221;bg&#8221; row_position_desktop=&#8221;default&#8221; row_position_tablet=&#8221;inherit&#8221; row_position_phone=&#8221;inherit&#8221; overflow=&#8221;visible&#8221; color_overlay=&#8221;#212121&#8243; overlay_strength=&#8221;0.8&#8243; gradient_direction=&#8221;left_to_right&#8221; shape_divider_position=&#8221;bottom&#8221; bg_image_animation=&#8221;none&#8221; parallax_bg=&#8221;true&#8221; parallax_bg_speed=&#8221;fast&#8221; shape_type=&#8221;&#8221; gradient_type=&#8221;default&#8221;][vc_column column_padding=&#8221;no-extra-padding&#8221; column_padding_tablet=&#8221;inherit&#8221; column_padding_phone=&#8221;inherit&#8221; column_padding_position=&#8221;all&#8221; flex_gap_desktop=&#8221;10px&#8221; column_element_direction_desktop=&#8221;default&#8221; column_element_spacing=&#8221;default&#8221; desktop_text_alignment=&#8221;default&#8221; tablet_text_alignment=&#8221;default&#8221; phone_text_alignment=&#8221;default&#8221; background_color_opacity=&#8221;1&#8243; background_hover_color_opacity=&#8221;1&#8243; column_backdrop_filter=&#8221;none&#8221; column_shadow=&#8221;none&#8221; column_border_radius=&#8221;none&#8221; column_link_target=&#8221;_self&#8221; column_position=&#8221;default&#8221; gradient_direction=&#8221;left_to_right&#8221; overlay_strength=&#8221;0.3&#8243; width=&#8221;1\/1&#8243; tablet_width_inherit=&#8221;default&#8221; animation_type=&#8221;default&#8221; bg_image_animation=&#8221;none&#8221; border_type=&#8221;simple&#8221; column_border_width=&#8221;none&#8221; column_border_style=&#8221;solid&#8221;][nectar_highlighted_text text_color=&#8221;#fbb921&#8243; style=&#8221;text_outline&#8221; outline_thickness=&#8221;thick&#8221; text_direction=&#8221;default&#8221; custom_font_size=&#8221;3vw&#8221; font_size_phone=&#8221;2.5rem&#8221;]\n<h1 data-product-id=\"10\"><em>DETAILING BRUSH<\/em> ULTRA SOFT <span style=\"font-weight: normal; font-size: 0.7em;\">Delikatny p\u0119dzel detailingowy<\/span><\/h1>\n[\/nectar_highlighted_text][vc_row_inner column_margin=&#8221;30px&#8221; column_direction=&#8221;default&#8221; column_direction_tablet=&#8221;default&#8221; column_direction_phone=&#8221;default&#8221; text_align=&#8221;left&#8221; row_position=&#8221;default&#8221; row_position_tablet=&#8221;inherit&#8221; row_position_phone=&#8221;inherit&#8221; overflow=&#8221;visible&#8221; pointer_events=&#8221;all&#8221;][vc_column_inner column_padding=&#8221;no-extra-padding&#8221; column_padding_tablet=&#8221;inherit&#8221; column_padding_phone=&#8221;inherit&#8221; column_padding_position=&#8221;all&#8221; flex_gap_desktop=&#8221;10px&#8221; column_element_direction_desktop=&#8221;default&#8221; column_element_spacing=&#8221;default&#8221; desktop_text_alignment=&#8221;default&#8221; tablet_text_alignment=&#8221;default&#8221; phone_text_alignment=&#8221;default&#8221; background_color_opacity=&#8221;1&#8243; background_hover_color_opacity=&#8221;1&#8243; column_backdrop_filter=&#8221;none&#8221; column_shadow=&#8221;none&#8221; column_border_radius=&#8221;none&#8221; column_link_target=&#8221;_self&#8221; overflow=&#8221;visible&#8221; gradient_direction=&#8221;left_to_right&#8221; overlay_strength=&#8221;0.3&#8243; width=&#8221;1\/2&#8243; tablet_width_inherit=&#8221;default&#8221; animation_type=&#8221;default&#8221; bg_image_animation=&#8221;none&#8221; border_type=&#8221;simple&#8221; column_border_width=&#8221;none&#8221; column_border_style=&#8221;solid&#8221;][nectar_cta btn_style=&#8221;basic&#8221; heading_tag=&#8221;h6&#8243; border_radius=&#8221;10&#8243; link_type=&#8221;regular&#8221; button_color=&#8221;default&#8221; text_color=&#8221;#fbb921&#8243; text_color_hover=&#8221;#ffffff&#8221; button_border_color=&#8221;#fbb921&#8243; button_border_color_hover=&#8221;#ffffff&#8221; button_border_thickness=&#8221;4px&#8221; alignment=&#8221;center&#8221; alignment_tablet=&#8221;default&#8221; alignment_phone=&#8221;default&#8221; constrain_group_3=&#8221;yes&#8221; display=&#8221;block&#8221; display_tablet=&#8221;inherit&#8221; display_phone=&#8221;inherit&#8221; icon_family=&#8221;linecons&#8221; class=&#8221;buy-button&#8221; font_size_desktop=&#8221;20&#8243; link_text=&#8221;Kupuj w Autoryzowanych Sklepach&#8221; padding_top=&#8221;11&#8243; padding_bottom=&#8221;11&#8243; padding_left=&#8221;11&#8243; padding_right=&#8221;11&#8243; icon_linecons=&#8221;vc_li vc_li-star&#8221; font_size_phone=&#8221;1rem&#8221;][vc_gallery css=&#8221;&#8221; type=&#8221;image_grid&#8221; images=&#8221;14048,14046,14044,28022&#8243; image_grid_loading=&#8221;lazy-load&#8221; layout=&#8221;2&#8243; item_spacing=&#8221;5px&#8221; gallery_style=&#8221;5&#8243; load_in_animation=&#8221;none&#8221; img_size=&#8221;full&#8221;]<div id=\"ultimate-video-266269d4d2a459a8b\" class=\"ult-video  vc_custom_1736009204279 ult-adjust-bottom-margin ultimate-video-266269d4d2a459a8b ultv-2609 \"><div class=\"ultv-video ultv-aspect-ratio-16_9 ultv-subscribe-responsive-none\" data-videotype=\"uv_iframe\">\n\t\t\t\t\t\t<div class=\"ultv-video__outer-wrap\" data-autoplay=\"0\" data-device=\"false\"  data-iconbg=\"#3A3A3A\" data-overcolor=\"\" data-defaultbg=\"#1f1f1e\" data-defaultplay=\"defaulticon\"><div class=\"ultv-video__play\" data-src=\"https:\/\/www.youtube.com\/embed\/Z8uvfG15CII?rel=0&amp;start&amp;end&amp;controls=1&amp;mute=0&amp;modestbranding=0&amp;autoplay=1\">\n\t\t\t\t\t\t\t\t<img decoding=\"async\" class=\"ultv-video__thumb\" src=\"https:\/\/i.ytimg.com\/vi\/Z8uvfG15CII\/maxresdefault.jpg\"\/>\n\t\t\t\t\t\t\t\t<div class=\"ultv-video__play-icon  ultv-animation-none\" style=\"width:75px\"><svg height=\"100%\" version=\"1.1\" viewBox=\"0 0 68 48\" width=\"100%\"><path class=\"ultv-youtube-icon-bg\" d=\"m .66,37.62 c 0,0 .66,4.70 2.70,6.77 2.58,2.71 5.98,2.63 7.49,2.91 5.43,.52 23.10,.68 23.12,.68 .00,-1.3e-5 14.29,-0.02 23.81,-0.71 1.32,-0.15 4.22,-0.17 6.81,-2.89 2.03,-2.07 2.70,-6.77 2.70,-6.77 0,0 .67,-5.52 .67,-11.04 l 0,-5.17 c 0,-5.52 -0.67,-11.04 -0.67,-11.04 0,0 -0.66,-4.70 -2.70,-6.77 C 62.03,.86 59.13,.84 57.80,.69 48.28,0 34.00,0 34.00,0 33.97,0 19.69,0 10.18,.69 8.85,.84 5.95,.86 3.36,3.58 1.32,5.65 .66,10.35 .66,10.35 c 0,0 -0.55,4.50 -0.66,9.45 l 0,8.36 c .10,4.94 .66,9.45 .66,9.45 z\" fill=\"#1f1f1e\" ><\/path><path d=\"m 26.96,13.67 18.37,9.62 -18.37,9.55 -0.00,-19.17 z\" fill=\"#fff\"><\/path><path d=\"M 45.02,23.46 45.32,23.28 26.96,13.67 43.32,22.34 45.02,23.46 z\" fill=\"#ccc\"><\/path><\/svg><\/div> <\/div> <\/div><div class=\"ultv-subscribe-bar ult-responsive\"  data-ultimate-target='.ult-video.ultv-2609 .ultv-subscribe-bar'  data-responsive-json-new='{\"font-size\":\"\",\"line-height\":\"\"}'  style = \"color:#fff; background-color:#1b1b1b; \">\n\t\t\t\t<div class=\"ultv-subscribe-bar-prefix\" style=\"font-weight:normal;\">Subscribe to our YouTube Channel<\/div>\n\t\t\t\t<div class=\"ultv-subscribe-content\">\n\t\t\t\t\t<script src=\"https:\/\/apis.google.com\/js\/platform.js\"><\/script> <!-- Need to be enqueued from someplace else --><div class=\"g-ytsubscribe\" data-channelid=\"UCdaZpJ6Aql4hFcnLbtO_FGg\" data-count=\"hidden\"><\/div><\/div> <\/div><\/div><\/div>[vc_column_text css=&#8221;&#8221; text_direction=&#8221;default&#8221;]\n<h2>Jak u\u017cywa\u0107<\/h2>\n<ul>\n<li><strong>Czyszczenie na sucho:<\/strong> U\u017cywaj p\u0119dzla na sucho do szybkiego usuwania kurzu z wn\u0119trza, kratek nawiewu i ekran\u00f3w dotykowych<\/li>\n<li><strong>Czyszczenie na mokro:<\/strong> Stosuj razem z delikatnym \u015brodkiem do detailingu lub cleanerem do wn\u0119trza, aby uzyska\u0107 kontrolowan\u0105 i bezpieczn\u0105 agitacj\u0119 zabrudze\u0144.<\/li>\n<li><strong>Po u\u017cyciu:<\/strong> Dok\u0142adnie wyp\u0142ucz p\u0119dzel w wodzie z \u0142agodnym detergentem i pozostaw do naturalnego wyschni\u0119cia.<\/li>\n<\/ul>\n<h2>Dlaczego warto wybra\u0107?<\/h2>\n<ul>\n<li>Profesjonalny <strong>ultrami\u0119kki p\u0119dzel detailingowy<\/strong> do najbardziej delikatnych powierzchni<\/li>\n<li>Bezpieczny dla <strong>ekran\u00f3w dotykowych, chromu i b\u0142yszcz\u0105cych plastik\u00f3w<\/strong><\/li>\n<li>Niezb\u0119dny element ka\u017cdego zestawu <strong>p\u0119dzli detailingowych<\/strong><\/li>\n<li>Dost\u0119pny w dw\u00f3ch praktycznych rozmiarach<\/li>\n<li>Zaprojektowany przez <strong>WORK STUFF<\/strong> &#8211; mark\u0119 cenion\u0105 przez detailer\u00f3w na ca\u0142ym \u015bwiecie<\/li>\n<\/ul>\n[\/vc_column_text][\/vc_column_inner][vc_column_inner column_padding=&#8221;padding-5-percent&#8221; column_padding_tablet=&#8221;inherit&#8221; column_padding_phone=&#8221;padding-2-percent&#8221; column_padding_position=&#8221;left-right&#8221; flex_gap_desktop=&#8221;10px&#8221; column_element_direction_desktop=&#8221;default&#8221; column_element_spacing=&#8221;default&#8221; desktop_text_alignment=&#8221;default&#8221; tablet_text_alignment=&#8221;default&#8221; phone_text_alignment=&#8221;default&#8221; background_color_opacity=&#8221;1&#8243; background_hover_color_opacity=&#8221;1&#8243; column_backdrop_filter=&#8221;none&#8221; column_shadow=&#8221;none&#8221; column_border_radius=&#8221;none&#8221; column_link_target=&#8221;_self&#8221; overflow=&#8221;visible&#8221; gradient_direction=&#8221;left_to_right&#8221; overlay_strength=&#8221;0.3&#8243; width=&#8221;1\/2&#8243; tablet_width_inherit=&#8221;default&#8221; animation_type=&#8221;default&#8221; bg_image_animation=&#8221;none&#8221; border_type=&#8221;simple&#8221; column_border_width=&#8221;none&#8221; column_border_style=&#8221;solid&#8221; column_padding_type=&#8221;default&#8221; gradient_type=&#8221;default&#8221;][image_with_animation image_url=&#8221;28781&#8243; image_size=&#8221;medium&#8221; max_width=&#8221;100%&#8221; max_width_mobile=&#8221;default&#8221; animation_type=&#8221;entrance&#8221; animation=&#8221;None&#8221; animation_movement_type=&#8221;transform_y&#8221; hover_animation=&#8221;none&#8221; alignment=&#8221;&#8221; border_radius=&#8221;none&#8221; box_shadow=&#8221;none&#8221; image_loading=&#8221;default&#8221;][nectar_responsive_text inherited_font_style=&#8221;default&#8221; text_color=&#8221;#ffffff&#8221; text_direction=&#8221;default&#8221; font_size_desktop=&#8221;35&#8243; font_line_height=&#8221;1&#8243;]\n<h2>Precyzyjne czyszczenie bez ryzyka zarysowa\u0144<\/h2>\n[\/nectar_responsive_text][vc_column_text css=&#8221;&#8221; text_direction=&#8221;default&#8221;]<strong>Brush ULTRA SOFT Work Stuff<\/strong> to profesjonalny <strong>ultrami\u0119kki p\u0119dzel detailingowy<\/strong> zaprojektowany do najbardziej wra\u017cliwych powierzchni samochodowych. Doskonale sprawdza si\u0119 przy czyszczeniu <strong>piano black, ekran\u00f3w dotykowych, b\u0142yszcz\u0105cych plastik\u00f3w oraz delikatnego lakieru<\/strong>, zapewniaj\u0105c kontrolowane czyszczenie bez ryzyka mikrozarysowa\u0144.<\/p>\n<p>Dzi\u0119ki <strong>g\u0119sto upakowanemu syntetycznemu w\u0142osiu<\/strong> p\u0119dzel skutecznie zbiera kurz i drobne zabrudzenia, jednocze\u015bnie zachowuj\u0105c pe\u0142ne bezpiecze\u0144stwo dla powierzchni. <strong>Brush ULTRA SOFT<\/strong>&nbsp;zapewnia wysok\u0105 precyzj\u0119 pracy w ciasnych przestrzeniach wn\u0119trza samochodu.<\/p>\n<p>W\u015br\u00f3d profesjonalnych <strong>p\u0119dzli detailingowych<\/strong> wersja ULTRA SOFT zosta\u0142a stworzona specjalnie do najdelikatniejszych prac zar\u00f3wno we wn\u0119trzu, jak i przy detalach zewn\u0119trznych.<\/p>\n<hr>\n<h2>Kluczowe cechy<\/h2>\n<ul>\n<li><strong>Ultrami\u0119kkie w\u0142osie<\/strong> &#8211; wysokiej jako\u015bci syntetyczne w\u0142\u00f3kna zaprojektowane tak, aby zapobiega\u0107 powstawaniu mikrorys i smug.<\/li>\n<li><strong>G\u0119ste w\u0142osie<\/strong> &#8211; zwi\u0119kszona zdolno\u015b\u0107 zbierania kurzu<\/li>\n<li><strong>Ergonomiczny uchwyt<\/strong> &#8211; wygodny, antypo\u015blizgowy chwyt zapewniaj\u0105cy pe\u0142n\u0105 kontrol\u0119 podczas pracy.<\/li>\n<li><strong>Elastyczna konstrukcja<\/strong><\/li>\n<\/ul>\n<h2>Co wyr\u00f3\u017cnia Brush ULTRA SOFT?<\/h2>\n<p>W przeciwie\u0144stwie do standardowych p\u0119dzli detailingowych, ten model zosta\u0142 zaprojektowany specjalnie do pracy na wra\u017cliwych powierzchniach samochodowych takich jak <strong>piano black, ekrany multimedialne oraz elementy w wysokim po\u0142ysku<\/strong>, gdzie tradycyjne w\u0142osie mo\u017ce powodowa\u0107 mikrozarysowania.<\/p>\n<hr>\n<h3>Dost\u0119pne rozmiary<\/h3>\n<p>\u00d8 20 mm &#8211; idealny do ciasnych przestrzeni i detali wn\u0119trza<br \/>\n\u00d8 23 mm &#8211; optymalny balans pomi\u0119dzy precyzj\u0105 a uniwersalno\u015bci\u0105<\/p>\n<p>Oba rozmiary \u015bwietnie sprawdzaj\u0105 si\u0119 jako element profesjonalnego zestawu p\u0119dzli detailingowych.<\/p>\n<hr>\n<h2>Idealny do:<\/h2>\n<ul>\n<li><strong>Element\u00f3w high gloss<\/strong><br \/>\nBezpieczne czyszczenie bardzo wra\u017cliwych powierzchni bez ryzyka mikrorys. Dla najlepszych efekt\u00f3w u\u017cyj razem z&nbsp;<strong><a href=\"https:\/\/goodstuff.com.pl\/pl\/produkty\/produkty-wnetrze\/interior-cleaner\/\" target=\"_blank\" rel=\"dofollow noopener\">Interior Cleaner<\/a><\/strong>.<\/li>\n<li><strong>Ekran\u00f3w multimedialnych i paneli sterowania<\/strong><br \/>\nPrecyzyjne usuwanie kurzu wok\u00f3\u0142 ekran\u00f3w, przycisk\u00f3w i element\u00f3w elektronicznych.<\/li>\n<li><strong>Kokpitu i kratek nawiewu<\/strong><br \/>\nDok\u0142adne czyszczenie szczelin, otwor\u00f3w wentylacyjnych i strukturalnych plastik\u00f3w.<\/li>\n<li><strong>Emblemat\u00f3w i detali zewn\u0119trzne<\/strong><br \/>\nDelikatne czyszczenie wok\u00f3\u0142 logo, grill\u00f3w i listew wyko\u0144czeniowych.<\/li>\n<li><strong>Kompleksowego detailingu wn\u0119trza<\/strong><br \/>\nP\u0119dzel \u015bwietnie wsp\u00f3\u0142pracuje z narz\u0119dziami takimi jak <a href=\"https:\/\/work-stuff.com\/pl\/produkty\/mycie\/breeze-interior-mitt\/\" rel=\"dofollow\" ><strong>BREEZE Interior Mitt<\/strong><\/a><br \/>\noraz wysokiej jako\u015bci <a href=\"https:\/\/work-stuff.com\/pl\/produkty\/mikrofibry\/gentleman-basic\/\" rel=\"dofollow\" ><strong>mikrofibra<\/strong><\/a>.<\/li>\n<\/ul>\n<hr>\n<p>Je\u015bli szukasz <strong>najdelikatniejszego p\u0119dzla detailingowego<\/strong>, kt\u00f3ry \u0142\u0105czy ekstremaln\u0105 mi\u0119kko\u015b\u0107 z wysok\u0105 precyzj\u0105 pracy, <strong>ULTRA SOFT<\/strong> to profesjonalne rozwi\u0105zanie stworzone do nowoczesnych wn\u0119trz samochodowych.[\/vc_column_text][nectar_cta btn_style=&#8221;basic&#8221; heading_tag=&#8221;h6&#8243; border_radius=&#8221;10&#8243; link_type=&#8221;regular&#8221; button_color=&#8221;default&#8221; text_color=&#8221;#fbb921&#8243; text_color_hover=&#8221;#ffffff&#8221; button_border_color=&#8221;#fbb921&#8243; button_border_color_hover=&#8221;#ffffff&#8221; button_border_thickness=&#8221;4px&#8221; alignment=&#8221;center&#8221; alignment_tablet=&#8221;default&#8221; alignment_phone=&#8221;default&#8221; constrain_group_3=&#8221;yes&#8221; display=&#8221;block&#8221; display_tablet=&#8221;inherit&#8221; display_phone=&#8221;inherit&#8221; icon_family=&#8221;linecons&#8221; class=&#8221;buy-button&#8221; font_size_desktop=&#8221;20&#8243; link_text=&#8221;Kupuj w Autoryzowanych Sklepach&#8221; padding_top=&#8221;11&#8243; padding_bottom=&#8221;11&#8243; padding_left=&#8221;11&#8243; padding_right=&#8221;11&#8243; icon_linecons=&#8221;vc_li vc_li-star&#8221; font_size_phone=&#8221;1rem&#8221;][vc_column_text css=&#8221;&#8221; text_direction=&#8221;default&#8221;]\n<div class=\"ws-nav\" style=\"text-align: center;\"><a class=\"ws-nav__btn ws-nav__btn--prev\" href=\"https:\/\/work-stuff.com\/pl\/produkty\/pedzelki\/detailing-brush-rubber-albino\/\" rel=\"dofollow\" >\u2190 POPRZEDNI <\/a><br \/>\n<a class=\"ws-nav__btn ws-nav__btn--next\" href=\"https:\/\/work-stuff.com\/pl\/produkty\/pedzelki\/detailing-brush-stiff\/\" rel=\"dofollow\" >NAST\u0118PNY \u2192<\/a><\/div>\n[\/vc_column_text][\/vc_column_inner][\/vc_row_inner][\/vc_column][\/vc_row]\n","protected":false},"excerpt":{"rendered":"<p>[vc_row type=&#8221;full_width_background&#8221; full_screen_row_position=&#8221;middle&#8221; column_margin=&#8221;default&#8221; column_direction=&#8221;default&#8221; column_direction_tablet=&#8221;default&#8221; column_direction_phone=&#8221;default&#8221; bg_color=&#8221;#212121&#8243; bg_image=&#8221;22111&#8243; bg_image_type=&#8221;default&#8221; bg_position=&#8221;center top&#8221; background_image_loading=&#8221;lazy-load&#8221; bg_repeat=&#8221;no-repeat&#8221; scene_position=&#8221;center&#8221; top_padding=&#8221;4%&#8221; bottom_padding=&#8221;6%&#8221; text_color=&#8221;light&#8221; text_align=&#8221;left&#8221; row_border_radius=&#8221;none&#8221; row_border_radius_applies=&#8221;bg&#8221; row_position_desktop=&#8221;default&#8221; row_position_tablet=&#8221;inherit&#8221; row_position_phone=&#8221;inherit&#8221; overflow=&#8221;visible&#8221; color_overlay=&#8221;#212121&#8243; overlay_strength=&#8221;0.8&#8243; gradient_direction=&#8221;left_to_right&#8221; shape_divider_position=&#8221;bottom&#8221; bg_image_animation=&#8221;none&#8221;&#8230;<\/p>\n","protected":false},"author":1,"featured_media":14049,"parent":1025,"menu_order":0,"comment_status":"closed","ping_status":"closed","template":"","meta":{"footnotes":""},"class_list":["post-2328","page","type-page","status-publish","has-post-thumbnail"],"publishpress_future_action":{"enabled":false,"date":"2026-04-21 11:47:16","action":"change-status","newStatus":"draft","terms":[],"taxonomy":"translation_priority","extraData":[]},"publishpress_future_workflow_manual_trigger":{"enabledWorkflows":[]},"_links":{"self":[{"href":"https:\/\/work-stuff.com\/pl\/wp-json\/wp\/v2\/pages\/2328","targetHints":{"allow":["GET"]}}],"collection":[{"href":"https:\/\/work-stuff.com\/pl\/wp-json\/wp\/v2\/pages"}],"about":[{"href":"https:\/\/work-stuff.com\/pl\/wp-json\/wp\/v2\/types\/page"}],"author":[{"embeddable":true,"href":"https:\/\/work-stuff.com\/pl\/wp-json\/wp\/v2\/users\/1"}],"replies":[{"embeddable":true,"href":"https:\/\/work-stuff.com\/pl\/wp-json\/wp\/v2\/comments?post=2328"}],"version-history":[{"count":16,"href":"https:\/\/work-stuff.com\/pl\/wp-json\/wp\/v2\/pages\/2328\/revisions"}],"predecessor-version":[{"id":36203,"href":"https:\/\/work-stuff.com\/pl\/wp-json\/wp\/v2\/pages\/2328\/revisions\/36203"}],"up":[{"embeddable":true,"href":"https:\/\/work-stuff.com\/pl\/wp-json\/wp\/v2\/pages\/1025"}],"wp:featuredmedia":[{"embeddable":true,"href":"https:\/\/work-stuff.com\/pl\/wp-json\/wp\/v2\/media\/14049"}],"wp:attachment":[{"href":"https:\/\/work-stuff.com\/pl\/wp-json\/wp\/v2\/media?parent=2328"}],"curies":[{"name":"wp","href":"https:\/\/api.w.org\/{rel}","templated":true}]}}