{"id":2361,"date":"2020-10-19T13:12:19","date_gmt":"2020-10-19T11:12:19","guid":{"rendered":"https:\/\/work-stuff.com\/?page_id=2361"},"modified":"2026-03-20T11:24:43","modified_gmt":"2026-03-20T10:24:43","slug":"clay-mitt","status":"publish","type":"page","link":"https:\/\/work-stuff.com\/pl\/produkty\/glinkowanie\/clay-mitt\/","title":{"rendered":"CLAY MITT"},"content":{"rendered":"[vc_row type=&#8221;full_width_background&#8221; full_screen_row_position=&#8221;middle&#8221; column_margin=&#8221;default&#8221; column_direction=&#8221;default&#8221; column_direction_tablet=&#8221;default&#8221; column_direction_phone=&#8221;default&#8221; bg_color=&#8221;#212121&#8243; bg_image=&#8221;20011&#8243; bg_image_type=&#8221;default&#8221; bg_position=&#8221;left top&#8221; background_image_loading=&#8221;lazy-load&#8221; bg_repeat=&#8221;no-repeat&#8221; scene_position=&#8221;center&#8221; top_padding=&#8221;4%&#8221; bottom_padding=&#8221;6%&#8221; text_color=&#8221;light&#8221; text_align=&#8221;left&#8221; row_border_radius=&#8221;none&#8221; row_border_radius_applies=&#8221;bg&#8221; row_position_desktop=&#8221;default&#8221; row_position_tablet=&#8221;inherit&#8221; row_position_phone=&#8221;inherit&#8221; overflow=&#8221;visible&#8221; color_overlay=&#8221;#212121&#8243; overlay_strength=&#8221;0.8&#8243; gradient_direction=&#8221;left_to_right&#8221; shape_divider_position=&#8221;bottom&#8221; bg_image_animation=&#8221;none&#8221; parallax_bg=&#8221;true&#8221; parallax_bg_speed=&#8221;fast&#8221; shape_type=&#8221;&#8221; gradient_type=&#8221;default&#8221;][vc_column column_padding=&#8221;no-extra-padding&#8221; column_padding_tablet=&#8221;inherit&#8221; column_padding_phone=&#8221;inherit&#8221; column_padding_position=&#8221;all&#8221; flex_gap_desktop=&#8221;10px&#8221; column_element_direction_desktop=&#8221;default&#8221; column_element_spacing=&#8221;default&#8221; desktop_text_alignment=&#8221;default&#8221; tablet_text_alignment=&#8221;default&#8221; phone_text_alignment=&#8221;default&#8221; background_color_opacity=&#8221;1&#8243; background_hover_color_opacity=&#8221;1&#8243; column_backdrop_filter=&#8221;none&#8221; column_shadow=&#8221;none&#8221; column_border_radius=&#8221;none&#8221; column_link_target=&#8221;_self&#8221; column_position=&#8221;default&#8221; gradient_direction=&#8221;left_to_right&#8221; overlay_strength=&#8221;0.3&#8243; width=&#8221;1\/1&#8243; tablet_width_inherit=&#8221;default&#8221; animation_type=&#8221;default&#8221; bg_image_animation=&#8221;none&#8221; border_type=&#8221;simple&#8221; column_border_width=&#8221;none&#8221; column_border_style=&#8221;solid&#8221;][nectar_highlighted_text text_color=&#8221;#fbb921&#8243; style=&#8221;text_outline&#8221; outline_thickness=&#8221;thick&#8221; text_direction=&#8221;default&#8221; custom_font_size=&#8221;3.5vw&#8221; font_size_phone=&#8221;2.5rem&#8221;]\n<h1 data-product-id=\"22\">CLAY <em>MITT<\/em><span style=\"font-weight: normal; font-size: 0.7em;\">&nbsp;r\u0119kawica do glinkowania&nbsp;<\/span><\/h1>\n[\/nectar_highlighted_text][vc_row_inner column_margin=&#8221;30px&#8221; column_direction=&#8221;default&#8221; column_direction_tablet=&#8221;default&#8221; column_direction_phone=&#8221;default&#8221; text_align=&#8221;left&#8221; row_position=&#8221;default&#8221; row_position_tablet=&#8221;inherit&#8221; row_position_phone=&#8221;inherit&#8221; overflow=&#8221;visible&#8221; pointer_events=&#8221;all&#8221;][vc_column_inner column_padding=&#8221;no-extra-padding&#8221; column_padding_tablet=&#8221;inherit&#8221; column_padding_phone=&#8221;inherit&#8221; column_padding_position=&#8221;all&#8221; flex_gap_desktop=&#8221;10px&#8221; column_element_direction_desktop=&#8221;default&#8221; column_element_spacing=&#8221;default&#8221; desktop_text_alignment=&#8221;default&#8221; tablet_text_alignment=&#8221;default&#8221; phone_text_alignment=&#8221;default&#8221; background_color_opacity=&#8221;1&#8243; background_hover_color_opacity=&#8221;1&#8243; column_backdrop_filter=&#8221;none&#8221; column_shadow=&#8221;none&#8221; column_border_radius=&#8221;none&#8221; column_link_target=&#8221;_self&#8221; overflow=&#8221;visible&#8221; gradient_direction=&#8221;left_to_right&#8221; overlay_strength=&#8221;0.3&#8243; width=&#8221;1\/2&#8243; tablet_width_inherit=&#8221;default&#8221; animation_type=&#8221;default&#8221; bg_image_animation=&#8221;none&#8221; border_type=&#8221;simple&#8221; column_border_width=&#8221;none&#8221; column_border_style=&#8221;solid&#8221;][nectar_cta btn_style=&#8221;basic&#8221; heading_tag=&#8221;h6&#8243; border_radius=&#8221;10&#8243; link_type=&#8221;regular&#8221; button_color=&#8221;default&#8221; text_color=&#8221;#fbb921&#8243; text_color_hover=&#8221;#ffffff&#8221; button_border_color=&#8221;#fbb921&#8243; button_border_color_hover=&#8221;#ffffff&#8221; button_border_thickness=&#8221;4px&#8221; alignment=&#8221;center&#8221; alignment_tablet=&#8221;default&#8221; alignment_phone=&#8221;default&#8221; constrain_group_3=&#8221;yes&#8221; display=&#8221;block&#8221; display_tablet=&#8221;inherit&#8221; display_phone=&#8221;inherit&#8221; icon_family=&#8221;linecons&#8221; class=&#8221;buy-button&#8221; font_size_desktop=&#8221;20&#8243; link_text=&#8221;Kupuj w autoryzowanych sklepach&#8221; padding_top=&#8221;11&#8243; padding_bottom=&#8221;11&#8243; padding_left=&#8221;11&#8243; padding_right=&#8221;11&#8243; icon_linecons=&#8221;vc_li vc_li-star&#8221; font_size_phone=&#8221;1rem&#8221;][vc_gallery css=&#8221;&#8221; type=&#8221;image_grid&#8221; images=&#8221;18375,18388,18379,18385,2374,2372&#8243; image_grid_loading=&#8221;lazy-load&#8221; layout=&#8221;2&#8243; item_spacing=&#8221;5px&#8221; gallery_style=&#8221;5&#8243; load_in_animation=&#8221;none&#8221; img_size=&#8221;full&#8221;][vc_column_text css=&#8221;&#8221; text_direction=&#8221;default&#8221;]\n<h2>Cz\u0119sto zadawane pytania<\/h2>\n<p><strong>Czy r\u0119kawic\u0119 glinkow\u0105 mo\u017cna stosowa\u0107 na szkle?<\/strong><br \/>\nTak. Przy odpowiednim lubrykancie r\u0119kawica glinkowa jest bezpieczna dla lakieru, szyb i metalowych element\u00f3w wyko\u0144czeniowych.<\/p>\n<p><strong>Jak cz\u0119sto u\u017cywa\u0107 r\u0119kawicy glinkowej?<\/strong><br \/>\nGdy lakier jest szorstki w dotyku lub przed polerowaniem, woskowaniem albo aplikacj\u0105 pow\u0142oki. Zwykle co 3\u20136 miesi\u0119cy, zale\u017cnie od stopnia zabrudzenia auta.<\/p>\n<p><strong>Czy potrzebny jest lubrykant do glinki?<\/strong><br \/>\nTak. Odpowiedni po\u015blizg zapobiega zarysowaniom. Najlepiej u\u017cy\u0107 dedykowanego produktu, np. <a href=\"https:\/\/goodstuff.com.pl\/products\/wash\/clay-lube\/\" target=\"_blank\" rel=\"dofollow noopener\"><strong>Good Stuff Clay Lube<\/strong><\/a>.<\/p>\n<p><strong>Czy r\u0119kawica glinkowa usuwa rysy?<\/strong><br \/>\nNie. Usuwa zanieczyszczenia z lakieru, ale nie koryguje rys. Do ich usuni\u0119cia potrzebne jest polerowanie.[\/vc_column_text][\/vc_column_inner][vc_column_inner column_padding=&#8221;padding-5-percent&#8221; column_padding_tablet=&#8221;inherit&#8221; column_padding_phone=&#8221;padding-2-percent&#8221; column_padding_position=&#8221;left-right&#8221; flex_gap_desktop=&#8221;10px&#8221; column_element_direction_desktop=&#8221;default&#8221; column_element_spacing=&#8221;default&#8221; desktop_text_alignment=&#8221;default&#8221; tablet_text_alignment=&#8221;default&#8221; phone_text_alignment=&#8221;default&#8221; background_color_opacity=&#8221;1&#8243; background_hover_color_opacity=&#8221;1&#8243; column_backdrop_filter=&#8221;none&#8221; column_shadow=&#8221;none&#8221; column_border_radius=&#8221;none&#8221; column_link_target=&#8221;_self&#8221; overflow=&#8221;visible&#8221; gradient_direction=&#8221;left_to_right&#8221; overlay_strength=&#8221;0.3&#8243; width=&#8221;1\/2&#8243; tablet_width_inherit=&#8221;default&#8221; animation_type=&#8221;default&#8221; bg_image_animation=&#8221;none&#8221; border_type=&#8221;simple&#8221; column_border_width=&#8221;none&#8221; column_border_style=&#8221;solid&#8221; column_padding_type=&#8221;default&#8221; gradient_type=&#8221;default&#8221;][nectar_responsive_text inherited_font_style=&#8221;default&#8221; text_color=&#8221;#ffffff&#8221; text_direction=&#8221;default&#8221; font_size_desktop=&#8221;35&#8243; font_line_height=&#8221;1&#8243;]\n<h2>Czym jest r\u0119kawica glinkowa i dlaczego warto jej u\u017cywa\u0107 do piel\u0119gnacji samochodu?<\/h2>\n[\/nectar_responsive_text][vc_column_text css=&#8221;&#8221; text_direction=&#8221;default&#8221;]Szukasz szybszej alternatywy dla tradycyjnej glinki? <strong>Work Stuff Clay Mitt<\/strong> to syntetyczna <strong>r\u0119kawica glinkowa do dekontaminacji lakieru<\/strong>, kt\u00f3ra usuwa zanieczyszczenia takie jak smo\u0142a, \u017cywica, \u015blady owad\u00f3w czy osady drogowe, kt\u00f3rych nie da si\u0119 usun\u0105\u0107 podczas standardowego mycia.<\/p>\n<p>Dzi\u0119ki wi\u0119kszej powierzchni roboczej ni\u017c klasyczna glinka, <strong>CLAY MITT<\/strong> pozwala szybciej oczy\u015bci\u0107 du\u017ce panele lakieru, zapewniaj\u0105c jednocze\u015bnie dobr\u0105 kontrol\u0119 pracy.<\/p>\n<p>R\u0119kawica idealnie przygotowuje lakier pod <strong>polerowanie, woskowanie i aplikacj\u0119 pow\u0142oki<\/strong>, pozostawiaj\u0105c powierzchni\u0119 g\u0142adk\u0105 i gotow\u0105 do dalszych etap\u00f3w detailingu.<\/p>\n<hr>\n<h3>Clay Mitt czy tradycyjna glinka \u2013 co wybra\u0107?<\/h3>\n<p><strong>Clay mitt<\/strong> jest szybsza, wielokrotnego u\u017cytku i wygodniejsza podczas pracy na du\u017cych panelach. Tradycyjna glinka zapewnia wi\u0119ksz\u0105 precyzj\u0119 w ma\u0142ych i trudno dost\u0119pnych miejscach.<\/p>\n<hr>\n<h2>Kluczowe korzy\u015bci<\/h2>\n<p><strong>Warstwa polimerowa<\/strong> &#8211; usuwa smo\u0142\u0119, \u017cywic\u0119 i inne osady.<br \/>\n<strong>Szybsza dekontaminacja<\/strong> &#8211; wi\u0119ksza powierzchnia robocza ni\u017c klasyczna glinka.<br \/>\n<strong>Ergonomiczny kszta\u0142t<\/strong> &#8211; wygodna r\u0119kawica zapewniaj\u0105ca dobr\u0105 kontrol\u0119.<br \/>\n<strong>Bezpieczna dla lakieru<\/strong> &#8211; delikatna dla wszystkich pow\u0142ok.<br \/>\n<strong>Glinka wielokrotnego u\u017cytku<\/strong> &#8211; trwa\u0142a i ekonomiczna w detailingu.<\/p>\n<hr>\n<h2>Jak u\u017cywa\u0107 CLAY MITT<\/h2>\n<p><strong>1. Umyj samoch\u00f3d:<\/strong> usu\u0144 lu\u017ane zabrudzenia.<\/p>\n<p><strong>2. Dekontaminacja chemiczna (zalecana):<\/strong> u\u017cyj <a href=\"https:\/\/goodstuff.com.pl\/products\/wheels\/iron-remover\/\" target=\"_blank\" rel=\"dofollow noopener\"><strong>Good Stuff Iron Remover<\/strong><\/a>, aby rozpu\u015bci\u0107 cz\u0105stki metalu.<\/p>\n<p><strong>3. U\u017cyj lubrykantu:<\/strong> zastosuj <a href=\"https:\/\/goodstuff.com.pl\/products\/wash\/clay-lube\/\" target=\"_blank\" rel=\"dofollow noopener\"><strong>Good Stuff Clay Lube<\/strong><\/a> dla bezpiecznego po\u015blizgu.<\/p>\n<p><strong>4. Glinkowanie:<\/strong> przesuwaj r\u0119kawic\u0119 delikatnie po lakierze lub szybach.<\/p>\n<p><strong>5. Wyko\u0144czenie:<\/strong> przetrzyj powierzchni\u0119 mikrofibr\u0105 <a href=\"https:\/\/work-stuff.com\/pl\/produkty\/mikrofibry\/gentleman-plus\/\" rel=\"dofollow\" ><strong>Work Stuff GENTLEMAN+ Microfiber<\/strong><\/a>. W trudno dost\u0119pnych miejscach u\u017cyj <a href=\"https:\/\/work-stuff.com\/pl\/produkty\/pedzelki\/detailing-brush-black\/\" rel=\"dofollow\" ><strong>Work Stuff DETAILING BRUSH BLACK<\/strong><\/a>.<\/p>\n<hr>\n<h3>Dlaczego warto wybra\u0107 CLAY MITT?<\/h3>\n<p><strong>Work Stuff Clay Mitt<\/strong> to szybka i wygodna alternatywa dla tradycyjnej glinki detailingowej, kt\u00f3ra pozwala skutecznie przygotowa\u0107 lakier do kolejnych etap\u00f3w detailingu.<\/p>\n<p>Je\u015bli preferujesz aplikator w formie bloku, sprawd\u017a tak\u017ce <a href=\"https:\/\/work-stuff.com\/pl\/produkty\/glinkowanie\/clay-block\/\" rel=\"dofollow\" ><strong>Work Stuff Clay Block<\/strong><\/a>.[\/vc_column_text][nectar_cta btn_style=&#8221;basic&#8221; heading_tag=&#8221;h6&#8243; border_radius=&#8221;10&#8243; link_type=&#8221;regular&#8221; button_color=&#8221;default&#8221; text_color=&#8221;#fbb921&#8243; text_color_hover=&#8221;#ffffff&#8221; button_border_color=&#8221;#fbb921&#8243; button_border_color_hover=&#8221;#ffffff&#8221; button_border_thickness=&#8221;4px&#8221; alignment=&#8221;center&#8221; alignment_tablet=&#8221;default&#8221; alignment_phone=&#8221;default&#8221; constrain_group_3=&#8221;yes&#8221; display=&#8221;block&#8221; display_tablet=&#8221;inherit&#8221; display_phone=&#8221;inherit&#8221; icon_family=&#8221;linecons&#8221; class=&#8221;buy-button&#8221; font_size_desktop=&#8221;20&#8243; link_text=&#8221;Kupuj w autoryzowanych sklepach&#8221; padding_top=&#8221;11&#8243; padding_bottom=&#8221;11&#8243; padding_left=&#8221;11&#8243; padding_right=&#8221;11&#8243; icon_linecons=&#8221;vc_li vc_li-star&#8221; font_size_phone=&#8221;1rem&#8221;][vc_column_text css=&#8221;&#8221; text_direction=&#8221;default&#8221;]\n<div class=\"ws-nav\" style=\"text-align: center;\"><a class=\"ws-nav__btn ws-nav__btn--prev\" href=\"https:\/\/work-stuff.com\/pl\/produkty\/glinkowanie\/clay-block\/\" rel=\"dofollow\" >\u2190 POPRZEDNI <\/a><br \/>\n<a class=\"ws-nav__btn ws-nav__btn--next\" href=\"https:\/\/work-stuff.com\/pl\/produkty\/glinkowanie\/dot-clay-bar\/\" rel=\"dofollow\" >NAST\u0118PNY \u2192<\/a><\/div>\n[\/vc_column_text][\/vc_column_inner][\/vc_row_inner][vc_row_inner column_margin=&#8221;default&#8221; column_direction=&#8221;default&#8221; column_direction_tablet=&#8221;default&#8221; column_direction_phone=&#8221;default&#8221; text_align=&#8221;left&#8221; row_position=&#8221;default&#8221; row_position_tablet=&#8221;inherit&#8221; row_position_phone=&#8221;inherit&#8221; overflow=&#8221;visible&#8221; pointer_events=&#8221;all&#8221; class=&#8221;fancybox-grid-2&#8243;][vc_column_inner column_padding=&#8221;no-extra-padding&#8221; column_padding_tablet=&#8221;inherit&#8221; column_padding_phone=&#8221;inherit&#8221; column_padding_position=&#8221;all&#8221; flex_gap_desktop=&#8221;10px&#8221; column_element_direction_desktop=&#8221;default&#8221; column_element_spacing=&#8221;default&#8221; desktop_text_alignment=&#8221;default&#8221; tablet_text_alignment=&#8221;default&#8221; phone_text_alignment=&#8221;default&#8221; background_color_opacity=&#8221;1&#8243; background_hover_color_opacity=&#8221;1&#8243; column_backdrop_filter=&#8221;none&#8221; column_shadow=&#8221;none&#8221; column_border_radius=&#8221;none&#8221; column_link_target=&#8221;_self&#8221; overflow=&#8221;visible&#8221; gradient_direction=&#8221;left_to_right&#8221; overlay_strength=&#8221;0.3&#8243; width=&#8221;1\/5&#8243; tablet_width_inherit=&#8221;default&#8221; animation_type=&#8221;default&#8221; bg_image_animation=&#8221;none&#8221; border_type=&#8221;simple&#8221; column_border_width=&#8221;none&#8221; column_border_style=&#8221;solid&#8221;][fancy_box box_style=&#8221;parallax_hover&#8221; icon_family=&#8221;none&#8221; image_url=&#8221;14816&#8243; parallax_hover_box_alignment=&#8221;top&#8221; parallax_hover_box_overlay_opacity=&#8221;0.6&#8243; parallax_hover_box_overlay_opacity_hover=&#8221;0.2&#8243; border_radius=&#8221;default&#8221; image_loading=&#8221;default&#8221; color_scheme=&#8221;dark&#8221; secondary_content=&#8221;here&#8217;s some awesome text that would only be shown on hover&#8221; min_height=&#8221;400&#8243; link_url=&#8221;https:\/\/work-stuff.com\/pl\/produkty\/mycie\/detailing-bucket-yellow-wash\/&#8221;]\n<h2>Wash<\/h2>\n<h5>Wiadro do detailingu<\/h5>\n[\/fancy_box][\/vc_column_inner][vc_column_inner column_padding=&#8221;no-extra-padding&#8221; column_padding_tablet=&#8221;inherit&#8221; column_padding_phone=&#8221;inherit&#8221; column_padding_position=&#8221;all&#8221; flex_gap_desktop=&#8221;10px&#8221; column_element_direction_desktop=&#8221;default&#8221; column_element_spacing=&#8221;default&#8221; desktop_text_alignment=&#8221;default&#8221; tablet_text_alignment=&#8221;default&#8221; phone_text_alignment=&#8221;default&#8221; background_color_opacity=&#8221;1&#8243; background_hover_color_opacity=&#8221;1&#8243; column_backdrop_filter=&#8221;none&#8221; column_shadow=&#8221;none&#8221; column_border_radius=&#8221;none&#8221; column_link_target=&#8221;_self&#8221; overflow=&#8221;visible&#8221; gradient_direction=&#8221;left_to_right&#8221; overlay_strength=&#8221;0.3&#8243; width=&#8221;1\/5&#8243; tablet_width_inherit=&#8221;default&#8221; animation_type=&#8221;default&#8221; bg_image_animation=&#8221;none&#8221; border_type=&#8221;simple&#8221; column_border_width=&#8221;none&#8221; column_border_style=&#8221;solid&#8221;][fancy_box box_style=&#8221;parallax_hover&#8221; icon_family=&#8221;none&#8221; image_url=&#8221;16536&#8243; parallax_hover_box_alignment=&#8221;bottom&#8221; parallax_hover_box_overlay_opacity=&#8221;0.6&#8243; parallax_hover_box_overlay_opacity_hover=&#8221;0.2&#8243; border_radius=&#8221;default&#8221; image_loading=&#8221;default&#8221; color_scheme=&#8221;dark&#8221; secondary_content=&#8221;here&#8217;s some awesome text that would only be shown on hover&#8221; link_url=&#8221;https:\/\/work-stuff.com\/pl\/produkty\/mycie\/bucket-hanger\/&#8221; min_height=&#8221;400&#8243;]\n<h2>Bucket Hanger<\/h2>\n<h5>Narz\u0119dzia<\/h5>\n[\/fancy_box][\/vc_column_inner][vc_column_inner column_padding=&#8221;no-extra-padding&#8221; column_padding_tablet=&#8221;inherit&#8221; column_padding_phone=&#8221;inherit&#8221; column_padding_position=&#8221;all&#8221; flex_gap_desktop=&#8221;10px&#8221; column_element_direction_desktop=&#8221;default&#8221; column_element_spacing=&#8221;default&#8221; desktop_text_alignment=&#8221;default&#8221; tablet_text_alignment=&#8221;default&#8221; phone_text_alignment=&#8221;default&#8221; background_color_opacity=&#8221;1&#8243; background_hover_color_opacity=&#8221;1&#8243; column_backdrop_filter=&#8221;none&#8221; column_shadow=&#8221;none&#8221; column_border_radius=&#8221;none&#8221; column_link_target=&#8221;_self&#8221; overflow=&#8221;visible&#8221; gradient_direction=&#8221;left_to_right&#8221; overlay_strength=&#8221;0.3&#8243; width=&#8221;1\/5&#8243; tablet_width_inherit=&#8221;default&#8221; animation_type=&#8221;default&#8221; bg_image_animation=&#8221;none&#8221; border_type=&#8221;simple&#8221; column_border_width=&#8221;none&#8221; column_border_style=&#8221;solid&#8221;][fancy_box box_style=&#8221;parallax_hover&#8221; icon_family=&#8221;none&#8221; image_url=&#8221;30126&#8243; link_new_tab=&#8221;true&#8221; parallax_hover_box_alignment=&#8221;top&#8221; parallax_hover_box_overlay_opacity=&#8221;0.6&#8243; parallax_hover_box_overlay_opacity_hover=&#8221;0.2&#8243; border_radius=&#8221;default&#8221; image_loading=&#8221;default&#8221; color_scheme=&#8221;dark&#8221; secondary_content=&#8221;&#8221; min_height=&#8221;400&#8243; link_url=&#8221;https:\/\/goodstuff.com.pl\/products\/wheels\/iron-remover\/&#8221;]\n<h2>Iron Remover<\/h2>\n<h5>Good Stuff<\/h5>\n<h5><\/h5>\n[\/fancy_box][\/vc_column_inner][vc_column_inner column_padding=&#8221;no-extra-padding&#8221; column_padding_tablet=&#8221;inherit&#8221; column_padding_phone=&#8221;inherit&#8221; column_padding_position=&#8221;all&#8221; flex_gap_desktop=&#8221;10px&#8221; column_element_direction_desktop=&#8221;default&#8221; column_element_spacing=&#8221;default&#8221; desktop_text_alignment=&#8221;default&#8221; tablet_text_alignment=&#8221;default&#8221; phone_text_alignment=&#8221;default&#8221; background_color_opacity=&#8221;1&#8243; background_hover_color_opacity=&#8221;1&#8243; column_backdrop_filter=&#8221;none&#8221; column_shadow=&#8221;none&#8221; column_border_radius=&#8221;none&#8221; column_link_target=&#8221;_self&#8221; overflow=&#8221;visible&#8221; gradient_direction=&#8221;left_to_right&#8221; overlay_strength=&#8221;0.3&#8243; width=&#8221;1\/5&#8243; tablet_width_inherit=&#8221;default&#8221; animation_type=&#8221;default&#8221; bg_image_animation=&#8221;none&#8221; border_type=&#8221;simple&#8221; column_border_width=&#8221;none&#8221; column_border_style=&#8221;solid&#8221;][fancy_box box_style=&#8221;parallax_hover&#8221; icon_family=&#8221;none&#8221; image_url=&#8221;35011&#8243; link_new_tab=&#8221;true&#8221; parallax_hover_box_alignment=&#8221;top&#8221; parallax_hover_box_overlay_opacity=&#8221;0.6&#8243; parallax_hover_box_overlay_opacity_hover=&#8221;0.2&#8243; border_radius=&#8221;default&#8221; image_loading=&#8221;default&#8221; color_scheme=&#8221;dark&#8221; secondary_content=&#8221;here&#8217;s some awesome text that would only be shown on hover&#8221; link_url=&#8221;https:\/\/goodstuff.com.pl\/products\/wash\/clay-lube\/&#8221; min_height=&#8221;400&#8243;]\n<h2>Clay Lube<\/h2>\n<h5>Good Stuff<\/h5>\n[\/fancy_box][\/vc_column_inner][vc_column_inner column_padding=&#8221;no-extra-padding&#8221; column_padding_tablet=&#8221;inherit&#8221; column_padding_phone=&#8221;inherit&#8221; column_padding_position=&#8221;all&#8221; flex_gap_desktop=&#8221;10px&#8221; column_element_direction_desktop=&#8221;default&#8221; column_element_spacing=&#8221;default&#8221; desktop_text_alignment=&#8221;default&#8221; tablet_text_alignment=&#8221;default&#8221; phone_text_alignment=&#8221;default&#8221; background_color_opacity=&#8221;1&#8243; background_hover_color_opacity=&#8221;1&#8243; column_backdrop_filter=&#8221;none&#8221; column_shadow=&#8221;none&#8221; column_border_radius=&#8221;none&#8221; column_link_target=&#8221;_self&#8221; overflow=&#8221;visible&#8221; gradient_direction=&#8221;left_to_right&#8221; overlay_strength=&#8221;0.3&#8243; width=&#8221;1\/5&#8243; tablet_width_inherit=&#8221;default&#8221; animation_type=&#8221;default&#8221; bg_image_animation=&#8221;none&#8221; border_type=&#8221;simple&#8221; column_border_width=&#8221;none&#8221; column_border_style=&#8221;solid&#8221;][fancy_box box_style=&#8221;parallax_hover&#8221; icon_family=&#8221;none&#8221; image_url=&#8221;2072&#8243; parallax_hover_box_alignment=&#8221;top&#8221; parallax_hover_box_overlay_opacity=&#8221;0.6&#8243; parallax_hover_box_overlay_opacity_hover=&#8221;0.2&#8243; border_radius=&#8221;default&#8221; image_loading=&#8221;default&#8221; color_scheme=&#8221;dark&#8221; secondary_content=&#8221;here&#8217;s some awesome text that would only be shown on hover&#8221; link_url=&#8221;https:\/\/work-stuff.com\/pl\/produkty\/mikrofibry\/gentleman-basic-4-kolor\/&#8221; min_height=&#8221;400&#8243;]\n<h2>Gentleman Basic<\/h2>\n<h5>Mikrofibra<\/h5>\n[\/fancy_box][\/vc_column_inner][\/vc_row_inner][\/vc_column][\/vc_row]\n","protected":false},"excerpt":{"rendered":"<p>[vc_row type=&#8221;full_width_background&#8221; full_screen_row_position=&#8221;middle&#8221; column_margin=&#8221;default&#8221; column_direction=&#8221;default&#8221; column_direction_tablet=&#8221;default&#8221; column_direction_phone=&#8221;default&#8221; bg_color=&#8221;#212121&#8243; bg_image=&#8221;20011&#8243; bg_image_type=&#8221;default&#8221; bg_position=&#8221;left top&#8221; background_image_loading=&#8221;lazy-load&#8221; bg_repeat=&#8221;no-repeat&#8221; scene_position=&#8221;center&#8221; top_padding=&#8221;4%&#8221; bottom_padding=&#8221;6%&#8221; text_color=&#8221;light&#8221; text_align=&#8221;left&#8221; row_border_radius=&#8221;none&#8221; row_border_radius_applies=&#8221;bg&#8221; row_position_desktop=&#8221;default&#8221; row_position_tablet=&#8221;inherit&#8221; row_position_phone=&#8221;inherit&#8221; overflow=&#8221;visible&#8221; color_overlay=&#8221;#212121&#8243; overlay_strength=&#8221;0.8&#8243; gradient_direction=&#8221;left_to_right&#8221; shape_divider_position=&#8221;bottom&#8221; bg_image_animation=&#8221;none&#8221;&#8230;<\/p>\n","protected":false},"author":1,"featured_media":18204,"parent":905,"menu_order":0,"comment_status":"closed","ping_status":"closed","template":"","meta":{"footnotes":""},"class_list":["post-2361","page","type-page","status-publish","has-post-thumbnail"],"publishpress_future_action":{"enabled":false,"date":"2026-04-21 09:56:12","action":"change-status","newStatus":"draft","terms":[],"taxonomy":"translation_priority","extraData":[]},"publishpress_future_workflow_manual_trigger":{"enabledWorkflows":[]},"_links":{"self":[{"href":"https:\/\/work-stuff.com\/pl\/wp-json\/wp\/v2\/pages\/2361","targetHints":{"allow":["GET"]}}],"collection":[{"href":"https:\/\/work-stuff.com\/pl\/wp-json\/wp\/v2\/pages"}],"about":[{"href":"https:\/\/work-stuff.com\/pl\/wp-json\/wp\/v2\/types\/page"}],"author":[{"embeddable":true,"href":"https:\/\/work-stuff.com\/pl\/wp-json\/wp\/v2\/users\/1"}],"replies":[{"embeddable":true,"href":"https:\/\/work-stuff.com\/pl\/wp-json\/wp\/v2\/comments?post=2361"}],"version-history":[{"count":9,"href":"https:\/\/work-stuff.com\/pl\/wp-json\/wp\/v2\/pages\/2361\/revisions"}],"predecessor-version":[{"id":36177,"href":"https:\/\/work-stuff.com\/pl\/wp-json\/wp\/v2\/pages\/2361\/revisions\/36177"}],"up":[{"embeddable":true,"href":"https:\/\/work-stuff.com\/pl\/wp-json\/wp\/v2\/pages\/905"}],"wp:featuredmedia":[{"embeddable":true,"href":"https:\/\/work-stuff.com\/pl\/wp-json\/wp\/v2\/media\/18204"}],"wp:attachment":[{"href":"https:\/\/work-stuff.com\/pl\/wp-json\/wp\/v2\/media?parent=2361"}],"curies":[{"name":"wp","href":"https:\/\/api.w.org\/{rel}","templated":true}]}}