{"id":23726,"date":"2025-01-08T00:38:25","date_gmt":"2025-01-07T23:38:25","guid":{"rendered":"https:\/\/work-stuff.com\/produkty\/pedzelki\/detailing-brush-rubber-albino-orange-2\/"},"modified":"2026-03-20T12:32:39","modified_gmt":"2026-03-20T11:32:39","slug":"detailing-brush-rubber-albino-orange","status":"publish","type":"page","link":"https:\/\/work-stuff.com\/pl\/produkty\/pedzelki\/detailing-brush-rubber-albino-orange\/","title":{"rendered":"Detailing Brush RUBBER ALBINO ORANGE"},"content":{"rendered":"[vc_row type=&#8221;full_width_background&#8221; full_screen_row_position=&#8221;middle&#8221; column_margin=&#8221;default&#8221; column_direction=&#8221;default&#8221; column_direction_tablet=&#8221;default&#8221; column_direction_phone=&#8221;default&#8221; bg_color=&#8221;#212121&#8243; bg_image=&#8221;22111&#8243; bg_image_type=&#8221;default&#8221; bg_position=&#8221;center top&#8221; background_image_loading=&#8221;lazy-load&#8221; bg_repeat=&#8221;no-repeat&#8221; scene_position=&#8221;center&#8221; top_padding=&#8221;4%&#8221; bottom_padding=&#8221;6%&#8221; text_color=&#8221;light&#8221; text_align=&#8221;left&#8221; row_border_radius=&#8221;none&#8221; row_border_radius_applies=&#8221;bg&#8221; row_position_desktop=&#8221;default&#8221; row_position_tablet=&#8221;inherit&#8221; row_position_phone=&#8221;inherit&#8221; overflow=&#8221;visible&#8221; color_overlay=&#8221;#212121&#8243; overlay_strength=&#8221;0.8&#8243; gradient_direction=&#8221;left_to_right&#8221; shape_divider_position=&#8221;bottom&#8221; bg_image_animation=&#8221;none&#8221; parallax_bg=&#8221;true&#8221; parallax_bg_speed=&#8221;fast&#8221; shape_type=&#8221;&#8221; gradient_type=&#8221;default&#8221;][vc_column column_padding=&#8221;no-extra-padding&#8221; column_padding_tablet=&#8221;inherit&#8221; column_padding_phone=&#8221;inherit&#8221; column_padding_position=&#8221;all&#8221; flex_gap_desktop=&#8221;10px&#8221; column_element_direction_desktop=&#8221;default&#8221; column_element_spacing=&#8221;default&#8221; desktop_text_alignment=&#8221;default&#8221; tablet_text_alignment=&#8221;default&#8221; phone_text_alignment=&#8221;default&#8221; background_color_opacity=&#8221;1&#8243; background_hover_color_opacity=&#8221;1&#8243; column_backdrop_filter=&#8221;none&#8221; column_shadow=&#8221;none&#8221; column_border_radius=&#8221;none&#8221; column_link_target=&#8221;_self&#8221; column_position=&#8221;default&#8221; gradient_direction=&#8221;left_to_right&#8221; overlay_strength=&#8221;0.3&#8243; width=&#8221;1\/1&#8243; tablet_width_inherit=&#8221;default&#8221; animation_type=&#8221;default&#8221; bg_image_animation=&#8221;none&#8221; border_type=&#8221;simple&#8221; column_border_width=&#8221;none&#8221; column_border_style=&#8221;solid&#8221;][nectar_highlighted_text text_color=&#8221;#fbb921&#8243; style=&#8221;text_outline&#8221; outline_thickness=&#8221;extra_thick&#8221; text_direction=&#8221;default&#8221; custom_font_size=&#8221;3vw&#8221;]\n<h1 data-product-id=\"8\"><em>DETAILING BRUSH<\/em> RUBBER ALBINO ORANGE <span style=\"font-weight: normal; font-size: 0.7em;\">Mi\u0119kki p\u0119dzel do wn\u0119trza<\/span><\/h1>\n[\/nectar_highlighted_text][vc_row_inner column_margin=&#8221;30px&#8221; column_direction=&#8221;default&#8221; column_direction_tablet=&#8221;default&#8221; column_direction_phone=&#8221;default&#8221; text_align=&#8221;left&#8221; row_position=&#8221;default&#8221; row_position_tablet=&#8221;inherit&#8221; row_position_phone=&#8221;inherit&#8221; overflow=&#8221;visible&#8221; pointer_events=&#8221;all&#8221;][vc_column_inner column_padding=&#8221;no-extra-padding&#8221; column_padding_tablet=&#8221;inherit&#8221; column_padding_phone=&#8221;inherit&#8221; column_padding_position=&#8221;all&#8221; flex_gap_desktop=&#8221;10px&#8221; column_element_direction_desktop=&#8221;default&#8221; column_element_spacing=&#8221;default&#8221; desktop_text_alignment=&#8221;default&#8221; tablet_text_alignment=&#8221;default&#8221; phone_text_alignment=&#8221;default&#8221; background_color_opacity=&#8221;1&#8243; background_hover_color_opacity=&#8221;1&#8243; column_backdrop_filter=&#8221;none&#8221; column_shadow=&#8221;none&#8221; column_border_radius=&#8221;none&#8221; column_link_target=&#8221;_self&#8221; overflow=&#8221;visible&#8221; gradient_direction=&#8221;left_to_right&#8221; overlay_strength=&#8221;0.3&#8243; width=&#8221;1\/2&#8243; tablet_width_inherit=&#8221;default&#8221; animation_type=&#8221;default&#8221; bg_image_animation=&#8221;none&#8221; border_type=&#8221;simple&#8221; column_border_width=&#8221;none&#8221; column_border_style=&#8221;solid&#8221;][nectar_cta btn_style=&#8221;basic&#8221; heading_tag=&#8221;h6&#8243; border_radius=&#8221;10&#8243; link_type=&#8221;regular&#8221; button_color=&#8221;default&#8221; text_color=&#8221;#fbb921&#8243; text_color_hover=&#8221;#ffffff&#8221; button_border_color=&#8221;#fbb921&#8243; button_border_color_hover=&#8221;#ffffff&#8221; button_border_thickness=&#8221;4px&#8221; alignment=&#8221;center&#8221; alignment_tablet=&#8221;default&#8221; alignment_phone=&#8221;default&#8221; constrain_group_3=&#8221;yes&#8221; display=&#8221;block&#8221; display_tablet=&#8221;inherit&#8221; display_phone=&#8221;inherit&#8221; icon_family=&#8221;linecons&#8221; class=&#8221;buy-button&#8221; font_size_desktop=&#8221;20&#8243; link_text=&#8221;Kupuj w Autoryzowanych Sklepach&#8221; padding_top=&#8221;11&#8243; padding_bottom=&#8221;11&#8243; padding_left=&#8221;11&#8243; padding_right=&#8221;11&#8243; icon_linecons=&#8221;vc_li vc_li-star&#8221; font_size_phone=&#8221;1rem&#8221;][vc_gallery css=&#8221;&#8221; type=&#8221;image_grid&#8221; images=&#8221;14008,14010,14012,14014,4249&#8243; image_grid_loading=&#8221;lazy-load&#8221; layout=&#8221;2&#8243; item_spacing=&#8221;5px&#8221; gallery_style=&#8221;5&#8243; load_in_animation=&#8221;none&#8221; img_size=&#8221;full&#8221;][nectar_video_player_self_hosted video_webm=&#8221;https:\/\/work-stuff.com\/wp-content\/uploads\/2025\/04\/AlbinoRubber.webm&#8221; player_functionality=&#8221;default&#8221; hide_controls=&#8221;yes&#8221; loop=&#8221;yes&#8221; autoplay=&#8221;yes&#8221; autoplay_func=&#8221;scroll_based&#8221; video_loading=&#8221;lazy-load&#8221; border_radius=&#8221;none&#8221; box_shadow=&#8221;none&#8221; advanced_gradient_display_type=&#8221;linear&#8221;][\/vc_column_inner][vc_column_inner column_padding=&#8221;padding-5-percent&#8221; column_padding_tablet=&#8221;inherit&#8221; column_padding_phone=&#8221;inherit&#8221; column_padding_position=&#8221;left-right&#8221; flex_gap_desktop=&#8221;10px&#8221; column_element_direction_desktop=&#8221;default&#8221; column_element_spacing=&#8221;default&#8221; desktop_text_alignment=&#8221;default&#8221; tablet_text_alignment=&#8221;default&#8221; phone_text_alignment=&#8221;default&#8221; background_color_opacity=&#8221;1&#8243; background_hover_color_opacity=&#8221;1&#8243; column_backdrop_filter=&#8221;none&#8221; column_shadow=&#8221;none&#8221; column_border_radius=&#8221;none&#8221; column_link_target=&#8221;_self&#8221; overflow=&#8221;visible&#8221; gradient_direction=&#8221;left_to_right&#8221; overlay_strength=&#8221;0.3&#8243; width=&#8221;1\/2&#8243; tablet_width_inherit=&#8221;default&#8221; animation_type=&#8221;default&#8221; bg_image_animation=&#8221;none&#8221; border_type=&#8221;simple&#8221; column_border_width=&#8221;none&#8221; column_border_style=&#8221;solid&#8221; column_padding_type=&#8221;default&#8221; gradient_type=&#8221;default&#8221;][image_with_animation image_url=&#8221;28781&#8243; image_size=&#8221;medium&#8221; max_width=&#8221;100%&#8221; max_width_mobile=&#8221;default&#8221; animation_type=&#8221;entrance&#8221; animation=&#8221;None&#8221; animation_movement_type=&#8221;transform_y&#8221; hover_animation=&#8221;none&#8221; alignment=&#8221;&#8221; border_radius=&#8221;none&#8221; box_shadow=&#8221;none&#8221; image_loading=&#8221;default&#8221;][nectar_responsive_text inherited_font_style=&#8221;default&#8221; text_color=&#8221;#ffffff&#8221; text_direction=&#8221;default&#8221; font_size_desktop=&#8221;35&#8243; font_line_height=&#8221;1.1&#8243;]\n<h2>Kontrolowane i delikatne czyszczenie do wn\u0119trza<\/h2>\n[\/nectar_responsive_text][vc_column_text css=&#8221;&#8221; text_direction=&#8221;default&#8221;]16\/24\/30 mm[\/vc_column_text][vc_column_text css=&#8221;&#8221; text_direction=&#8221;default&#8221;]<strong>P\u0119dzel detailingowy RUBBER ALBINO Orange Work Stuff<\/strong> zosta\u0142 zaprojektowany do bezpiecznego i kontrolowanego czyszczenia podczas detailingu wn\u0119trza oraz delikatnych prac prewash. Ten <strong>ultrami\u0119kki p\u0119dzel z gumowym uchwytem<\/strong> znajduje si\u0119 pomi\u0119dzy bardzo mi\u0119kkimi p\u0119dzlami wyko\u0144czeniowymi a bardziej uniwersalnymi p\u0119dzlami do czyszczenia element\u00f3w zewn\u0119trznych.<\/p>\n<p>Dzi\u0119ki <strong>ultrami\u0119kkiemu syntetycznemu bia\u0142emu w\u0142osiu<\/strong> oraz ochronnemu <strong>gumowanemu uchwytowi<\/strong> p\u0119dzel zapewnia skuteczne usuwanie zabrudze\u0144 przy jednoczesnym zachowaniu wysokiego poziomu bezpiecze\u0144stwa dla powierzchni takich jak <strong>sk\u00f3ra, deska rozdzielcza, kierownica, elementy plastikowe oraz detale wn\u0119trza<\/strong>.<\/p>\n<p><b>Ten p\u0119dzel <\/b>to idealne narz\u0119dzie zar\u00f3wno dla profesjonalnych detailer\u00f3w, jak i pasjonat\u00f3w auto detailingu, kt\u00f3rzy potrzebuj\u0105 delikatnego, ale skutecznego narz\u0119dzia do pracy przy wra\u017cliwych powierzchniach.<\/p>\n<hr>\n<h2>Kluczowe cechy<\/h2>\n<ul>\n<li><strong>Ultrami\u0119kkie syntetyczne w\u0142osie<\/strong><\/li>\n<li><strong>Gumowany uchwyt ochronny<\/strong> &#8211; zmniejsza ryzyko przypadkowego zarysowania powierzchni<\/li>\n<li><strong>Idealny do pracy z chemi\u0105 detailingow\u0105<\/strong> &#8211; \u015bwietnie wsp\u00f3\u0142pracuje z cleanerami do wn\u0119trza, preparatami do sk\u00f3ry oraz produktami prewash.<\/li>\n<li><strong>Kontrolowana si\u0142a czyszczenia<\/strong> &#8211; skuteczniejszy ni\u017c ultra mi\u0119kkie p\u0119dzle wyko\u0144czeniowe<\/li>\n<li><strong>Dost\u0119pne rozmiary<\/strong> \u2013 16 mm, 24 mm oraz 30 mm.<\/li>\n<\/ul>\n<hr>\n<h2>Najlepsze zastosowanie<\/h2>\n<ul>\n<li>czyszczenie plastik\u00f3w i element\u00f3w wn\u0119trza<\/li>\n<li>kierownice i tapicerka sk\u00f3rzana<\/li>\n<li>kratki nawiewu, przyciski oraz detale kokpitu<\/li>\n<li>delikatne prace prewash przy emblematach i grillach<\/li>\n<li>szczeliny i trudno dost\u0119pne miejsca<\/li>\n<\/ul>\n<p>Aby uzyska\u0107 najlepszy efekt podczas czyszczenia sk\u00f3ry i element\u00f3w wn\u0119trza, p\u0119dzel mo\u017cna u\u017cywa\u0107 razem z&nbsp;<strong><a href=\"https:\/\/goodstuff.com.pl\/pl\/produkty\/produkty-wnetrze\/leather-cleaner\/\" target=\"_blank\" rel=\"dofollow noopener\">Leather Cleaner <\/a><\/strong>lub <strong><a href=\"https:\/\/goodstuff.com.pl\/pl\/produkty\/produkty-wnetrze\/interior-cleaner\/\" target=\"_blank\" rel=\"dofollow noopener\">Interior Cleaner<\/a><\/strong>. Po zako\u0144czeniu czyszczenia powierzchni\u0119 mo\u017cna przetrze\u0107 przy u\u017cyciu <strong><a href=\"https:\/\/work-stuff.com\/pl\/produkty\/mikrofibry\/worker\/\" rel=\"dofollow\" >Work Stuff WORKER Microfiber Towel<\/a><\/strong>.<\/p>\n<hr>\n<h2>Uwaga dotycz\u0105ca powierzchni<\/h2>\n<p>P\u0119dzel nie jest zalecany do:<\/p>\n<ul>\n<li>element\u00f3w piano black<\/li>\n<li>czarnych element\u00f3w w wysokim po\u0142ysku<\/li>\n<li>bardzo delikatnych powierzchni lakierowanych<\/li>\n<\/ul>\n<blockquote><p>Do bardzo delikatnych powierzchni zalecamy <strong><a href=\"https:\/\/work-stuff.com\/pl\/produkty\/pedzelki\/detailing-brush-ultra-soft\/\" rel=\"dofollow\" >ULTRA SOFT Detailing Brush<\/a><\/strong>.<br \/>\nDo mocniejszego czyszczenia element\u00f3w zewn\u0119trznych mo\u017cna u\u017cy\u0107 <strong><a href=\"https:\/\/work-stuff.com\/pl\/produkty\/pedzelki\/detailing-brush-rubber-black\/\" rel=\"dofollow\" >RUBBER Black<\/a><\/strong>.<br \/>\nW przypadku bardzo ci\u0119\u017ckich zabrudze\u0144 sprawdzi si\u0119 <strong><a href=\"https:\/\/work-stuff.com\/pl\/produkty\/pedzelki\/detailing-brush-stiff\/\" rel=\"dofollow\" >STIFF<\/a><\/strong>.<\/p><\/blockquote>\n[\/vc_column_text][nectar_cta btn_style=&#8221;basic&#8221; heading_tag=&#8221;h6&#8243; border_radius=&#8221;10&#8243; link_type=&#8221;regular&#8221; button_color=&#8221;default&#8221; text_color=&#8221;#fbb921&#8243; text_color_hover=&#8221;#ffffff&#8221; button_border_color=&#8221;#fbb921&#8243; button_border_color_hover=&#8221;#ffffff&#8221; button_border_thickness=&#8221;4px&#8221; alignment=&#8221;center&#8221; alignment_tablet=&#8221;default&#8221; alignment_phone=&#8221;default&#8221; constrain_group_3=&#8221;yes&#8221; display=&#8221;block&#8221; display_tablet=&#8221;inherit&#8221; display_phone=&#8221;inherit&#8221; icon_family=&#8221;linecons&#8221; class=&#8221;buy-button&#8221; font_size_desktop=&#8221;20&#8243; link_text=&#8221;Kupuj w Autoryzowanych Sklepach&#8221; padding_top=&#8221;11&#8243; padding_bottom=&#8221;11&#8243; padding_left=&#8221;11&#8243; padding_right=&#8221;11&#8243; icon_linecons=&#8221;vc_li vc_li-star&#8221; font_size_phone=&#8221;1rem&#8221;][vc_column_text css=&#8221;&#8221; text_direction=&#8221;default&#8221;]\n<div class=\"ws-nav\" style=\"text-align: center;\"><a class=\"ws-nav__btn ws-nav__btn--prev\" href=\"https:\/\/work-stuff.com\/pl\/produkty\/pedzelki\/detailing-brush-rubber-black\/\" rel=\"dofollow\" >\u2190 POPRZEDNI <\/a><br \/>\n<a class=\"ws-nav__btn ws-nav__btn--next\" href=\"https:\/\/work-stuff.com\/pl\/produkty\/pedzelki\/detailing-brush-rubber-albino\/\" rel=\"dofollow\" >NAST\u0118PNY \u2192<\/a><\/div>\n[\/vc_column_text][\/vc_column_inner][\/vc_row_inner][\/vc_column][\/vc_row]\n","protected":false},"excerpt":{"rendered":"<p>[vc_row type=&#8221;full_width_background&#8221; full_screen_row_position=&#8221;middle&#8221; column_margin=&#8221;default&#8221; column_direction=&#8221;default&#8221; column_direction_tablet=&#8221;default&#8221; column_direction_phone=&#8221;default&#8221; bg_color=&#8221;#212121&#8243; bg_image=&#8221;22111&#8243; bg_image_type=&#8221;default&#8221; bg_position=&#8221;center top&#8221; background_image_loading=&#8221;lazy-load&#8221; bg_repeat=&#8221;no-repeat&#8221; scene_position=&#8221;center&#8221; top_padding=&#8221;4%&#8221; bottom_padding=&#8221;6%&#8221; text_color=&#8221;light&#8221; text_align=&#8221;left&#8221; row_border_radius=&#8221;none&#8221; row_border_radius_applies=&#8221;bg&#8221; row_position_desktop=&#8221;default&#8221; row_position_tablet=&#8221;inherit&#8221; row_position_phone=&#8221;inherit&#8221; overflow=&#8221;visible&#8221; color_overlay=&#8221;#212121&#8243; overlay_strength=&#8221;0.8&#8243; gradient_direction=&#8221;left_to_right&#8221; shape_divider_position=&#8221;bottom&#8221; bg_image_animation=&#8221;none&#8221;&#8230;<\/p>\n","protected":false},"author":1,"featured_media":14009,"parent":1025,"menu_order":0,"comment_status":"closed","ping_status":"closed","template":"","meta":{"footnotes":""},"class_list":["post-23726","page","type-page","status-publish","has-post-thumbnail"],"publishpress_future_action":{"enabled":false,"date":"2026-04-21 11:47:15","action":"change-status","newStatus":"draft","terms":[],"taxonomy":"translation_priority","extraData":[]},"publishpress_future_workflow_manual_trigger":{"enabledWorkflows":[]},"_links":{"self":[{"href":"https:\/\/work-stuff.com\/pl\/wp-json\/wp\/v2\/pages\/23726","targetHints":{"allow":["GET"]}}],"collection":[{"href":"https:\/\/work-stuff.com\/pl\/wp-json\/wp\/v2\/pages"}],"about":[{"href":"https:\/\/work-stuff.com\/pl\/wp-json\/wp\/v2\/types\/page"}],"author":[{"embeddable":true,"href":"https:\/\/work-stuff.com\/pl\/wp-json\/wp\/v2\/users\/1"}],"replies":[{"embeddable":true,"href":"https:\/\/work-stuff.com\/pl\/wp-json\/wp\/v2\/comments?post=23726"}],"version-history":[{"count":11,"href":"https:\/\/work-stuff.com\/pl\/wp-json\/wp\/v2\/pages\/23726\/revisions"}],"predecessor-version":[{"id":36201,"href":"https:\/\/work-stuff.com\/pl\/wp-json\/wp\/v2\/pages\/23726\/revisions\/36201"}],"up":[{"embeddable":true,"href":"https:\/\/work-stuff.com\/pl\/wp-json\/wp\/v2\/pages\/1025"}],"wp:featuredmedia":[{"embeddable":true,"href":"https:\/\/work-stuff.com\/pl\/wp-json\/wp\/v2\/media\/14009"}],"wp:attachment":[{"href":"https:\/\/work-stuff.com\/pl\/wp-json\/wp\/v2\/media?parent=23726"}],"curies":[{"name":"wp","href":"https:\/\/api.w.org\/{rel}","templated":true}]}}